{"id":4785,"date":"2022-05-18T09:06:38","date_gmt":"2022-05-18T09:06:38","guid":{"rendered":"https:\/\/www.dermaclinicspain.com\/?page_id=4785"},"modified":"2022-05-18T16:55:14","modified_gmt":"2022-05-18T16:55:14","slug":"lobuloplastia","status":"publish","type":"page","link":"https:\/\/www.dermaclinicspain.com\/es\/services\/lobuloplastia\/","title":{"rendered":"Lobuloplastia"},"content":{"rendered":"<div class=\"container container-xl py-5\"><div class=\"row\"><div class=\"col\">\t\t<div data-elementor-type=\"wp-page\" data-elementor-id=\"4785\" class=\"elementor elementor-4785\" data-elementor-settings=\"[]\">\n\t\t\t\t\t\t<div class=\"elementor-inner\">\n\t\t\t\t\t\t\t<div class=\"elementor-section-wrap\">\n\t\t\t\t\t\t\t<section class=\"elementor-section elementor-top-section elementor-element elementor-element-14eb83e elementor-section-boxed elementor-section-height-default elementor-section-height-default\" data-id=\"14eb83e\" data-element_type=\"section\">\n\t\t\t\t\t\t<div class=\"elementor-container elementor-column-gap-default\">\n\t\t\t\t\t\t\t<div class=\"elementor-row\">\n\t\t\t\t\t<div class=\"elementor-column elementor-col-100 elementor-top-column elementor-element elementor-element-73922cf\" data-id=\"73922cf\" data-element_type=\"column\">\n\t\t\t<div class=\"elementor-column-wrap\">\n\t\t\t\t\t\t\t<div class=\"elementor-widget-wrap\">\n\t\t\t\t\t\t\t\t<\/div>\n\t\t\t\t\t<\/div>\n\t\t<\/div>\n\t\t\t\t\t\t\t\t<\/div>\n\t\t\t\t\t<\/div>\n\t\t<\/section>\n\t\t\t\t<section class=\"elementor-section elementor-top-section elementor-element elementor-element-7dd99fd6 elementor-section-boxed elementor-section-height-default elementor-section-height-default\" data-id=\"7dd99fd6\" data-element_type=\"section\">\n\t\t\t\t\t\t<div class=\"elementor-container elementor-column-gap-default\">\n\t\t\t\t\t\t\t<div class=\"elementor-row\">\n\t\t\t\t\t<div class=\"elementor-column elementor-col-100 elementor-top-column elementor-element elementor-element-1d89ff57\" data-id=\"1d89ff57\" data-element_type=\"column\">\n\t\t\t<div class=\"elementor-column-wrap elementor-element-populated\">\n\t\t\t\t\t\t\t<div class=\"elementor-widget-wrap\">\n\t\t\t\t\t\t<div class=\"elementor-element elementor-element-5a2f1610 elementor-widget elementor-widget-heading\" data-id=\"5a2f1610\" data-element_type=\"widget\" data-widget_type=\"heading.default\">\n\t\t\t\t<div class=\"elementor-widget-container\">\n\t\t\t<h2 class=\"elementor-heading-title elementor-size-default\">Blefaroplastia<\/h2>\t\t<\/div>\n\t\t\t\t<\/div>\n\t\t\t\t<div class=\"elementor-element elementor-element-af63374 elementor-widget-divider--view-line elementor-widget elementor-widget-divider\" data-id=\"af63374\" data-element_type=\"widget\" data-widget_type=\"divider.default\">\n\t\t\t\t<div class=\"elementor-widget-container\">\n\t\t\t\t\t<div class=\"elementor-divider\">\n\t\t\t<span class=\"elementor-divider-separator\">\n\t\t\t\t\t\t<\/span>\n\t\t<\/div>\n\t\t\t\t<\/div>\n\t\t\t\t<\/div>\n\t\t\t\t\t\t<\/div>\n\t\t\t\t\t<\/div>\n\t\t<\/div>\n\t\t\t\t\t\t\t\t<\/div>\n\t\t\t\t\t<\/div>\n\t\t<\/section>\n\t\t\t\t<section class=\"elementor-section elementor-top-section elementor-element elementor-element-f012042 elementor-section-boxed elementor-section-height-default elementor-section-height-default\" data-id=\"f012042\" data-element_type=\"section\">\n\t\t\t\t\t\t<div class=\"elementor-container elementor-column-gap-default\">\n\t\t\t\t\t\t\t<div class=\"elementor-row\">\n\t\t\t\t\t<div class=\"elementor-column elementor-col-50 elementor-top-column elementor-element elementor-element-375953a\" data-id=\"375953a\" data-element_type=\"column\">\n\t\t\t<div class=\"elementor-column-wrap elementor-element-populated\">\n\t\t\t\t\t\t\t<div class=\"elementor-widget-wrap\">\n\t\t\t\t\t\t<div class=\"elementor-element elementor-element-16edb1c elementor-widget elementor-widget-text-editor\" data-id=\"16edb1c\" data-element_type=\"widget\" data-widget_type=\"text-editor.default\">\n\t\t\t\t<div class=\"elementor-widget-container\">\n\t\t\t\t\t<div class=\"elementor-text-editor elementor-clearfix\"><p>La lobuloplastia es una cirug\u00eda menor que consiste en la reconstrucci\u00f3n de los agujeros de las orejas ocasionados por piercings o dilataciones. Los motivos de realizarse esta ciug\u00eda suelen ser est\u00e9ticos en la mayor\u00eda de los casos, pero tambi\u00e9n se dan casos en los que se realiza por lesiones.<\/p><p>Dentro de la cirug\u00eda de lobuloplastia, encontramos varios tipos:<\/p><ul><li>Reconstrucci\u00f3n del l\u00f3bulo\u00a0de la oreja por el uso de pendientes o de dilataciones<\/li><li>Extirpaci\u00f3n del conducto de piel asociado al piercing<\/li><li>Aumento del grosor del l\u00f3bulo de la oreja<\/li><li>Reducci\u00f3n del l\u00f3bulo de la oreja<\/li><\/ul><p>La cirug\u00eda tiene una duraci\u00f3n de unos 60 minutos aproximadamente, y la realiza el doctor Sergiu Vieru en consulta, con anestesia local.<\/p><p>Riesgos:<\/p><ul><li>Sangrados<\/li><li>Hematomas<\/li><li>Inflamaci\u00f3n<\/li><li>Infecci\u00f3n<\/li><\/ul><p>Esta cirug\u00eda no requiere hospitalizaci\u00f3n y su recuperaci\u00f3n es muy r\u00e1pida, en un m\u00e1ximo de 5 d\u00edas el paciente podr\u00e1 reactivar su vida laboral y social.<\/p><\/div>\n\t\t\t\t<\/div>\n\t\t\t\t<\/div>\n\t\t\t\t\t\t<\/div>\n\t\t\t\t\t<\/div>\n\t\t<\/div>\n\t\t\t\t<div class=\"elementor-column elementor-col-50 elementor-top-column elementor-element elementor-element-a8edfad\" data-id=\"a8edfad\" data-element_type=\"column\">\n\t\t\t<div class=\"elementor-column-wrap elementor-element-populated\">\n\t\t\t\t\t\t\t<div class=\"elementor-widget-wrap\">\n\t\t\t\t\t\t<div class=\"elementor-element elementor-element-f520dc9 elementor-widget elementor-widget-image\" data-id=\"f520dc9\" data-element_type=\"widget\" data-widget_type=\"image.default\">\n\t\t\t\t<div class=\"elementor-widget-container\">\n\t\t\t\t\t<div class=\"elementor-image\">\n\t\t\t\t\t\t\t\t\t\t<img width=\"976\" height=\"638\" src=\"https:\/\/www.dermaclinicspain.com\/wp-content\/uploads\/2022\/05\/Captura-de-pantalla-2022-05-04-a-las-17.27.36.png\" class=\"attachment-large size-large\" alt=\"\" loading=\"lazy\" srcset=\"https:\/\/www.dermaclinicspain.com\/wp-content\/uploads\/2022\/05\/Captura-de-pantalla-2022-05-04-a-las-17.27.36.png 976w, https:\/\/www.dermaclinicspain.com\/wp-content\/uploads\/2022\/05\/Captura-de-pantalla-2022-05-04-a-las-17.27.36-300x196.png 300w, https:\/\/www.dermaclinicspain.com\/wp-content\/uploads\/2022\/05\/Captura-de-pantalla-2022-05-04-a-las-17.27.36-768x502.png 768w, https:\/\/www.dermaclinicspain.com\/wp-content\/uploads\/2022\/05\/Captura-de-pantalla-2022-05-04-a-las-17.27.36-800x523.png 800w, https:\/\/www.dermaclinicspain.com\/wp-content\/uploads\/2022\/05\/Captura-de-pantalla-2022-05-04-a-las-17.27.36-600x392.png 600w\" sizes=\"(max-width: 976px) 100vw, 976px\" \/>\t\t\t\t\t\t\t\t\t\t\t<\/div>\n\t\t\t\t<\/div>\n\t\t\t\t<\/div>\n\t\t\t\t<div class=\"elementor-element elementor-element-b8b23e8 elementor-widget elementor-widget-text-editor\" data-id=\"b8b23e8\" data-element_type=\"widget\" data-widget_type=\"text-editor.default\">\n\t\t\t\t<div class=\"elementor-widget-container\">\n\t\t\t\t\t<div class=\"elementor-text-editor elementor-clearfix\"><p>Para evitar los riesgos, durante el postoperatorio el doctor Sergiu Vieru le recetar\u00e1 antibi\u00f3ticos, antiinflamatorios y analg\u00e9sicos, adem\u00e1s de llevar un seguimiento exhaustivo de su d\u00eda a d\u00eda y su \u00a0recuperaci\u00f3n con las citas de revisi\u00f3n.<\/p><h3><strong>La primera cita de valoraci\u00f3n es completamente gratuita.<\/strong><\/h3><\/div>\n\t\t\t\t<\/div>\n\t\t\t\t<\/div>\n\t\t\t\t\t\t<\/div>\n\t\t\t\t\t<\/div>\n\t\t<\/div>\n\t\t\t\t\t\t\t\t<\/div>\n\t\t\t\t\t<\/div>\n\t\t<\/section>\n\t\t\t\t<section class=\"elementor-section elementor-top-section elementor-element elementor-element-5346f1a5 elementor-section-stretched elementor-section-content-middle elementor-section-height-min-height elementor-section-boxed elementor-section-height-default elementor-section-items-middle\" data-id=\"5346f1a5\" data-element_type=\"section\" data-settings=\"{&quot;stretch_section&quot;:&quot;section-stretched&quot;}\">\n\t\t\t\t\t\t\t<div class=\"elementor-background-overlay\"><\/div>\n\t\t\t\t\t\t\t<div class=\"elementor-container elementor-column-gap-wide\">\n\t\t\t\t\t\t\t<div class=\"elementor-row\">\n\t\t\t\t\t<div class=\"elementor-column elementor-col-100 elementor-top-column elementor-element elementor-element-12a7c9eb\" data-id=\"12a7c9eb\" data-element_type=\"column\">\n\t\t\t<div class=\"elementor-column-wrap elementor-element-populated\">\n\t\t\t\t\t\t\t<div class=\"elementor-widget-wrap\">\n\t\t\t\t\t\t<div class=\"elementor-element elementor-element-6fa82dda elementor-widget elementor-widget-heading\" data-id=\"6fa82dda\" data-element_type=\"widget\" data-widget_type=\"heading.default\">\n\t\t\t\t<div class=\"elementor-widget-container\">\n\t\t\t<h1 class=\"elementor-heading-title elementor-size-default\">\u00a1Para una consulta pide cita por tel\u00e9fono o rellena nuestro formulario y empieza a cuidarte!<\/h1>\t\t<\/div>\n\t\t\t\t<\/div>\n\t\t\t\t<div class=\"elementor-element elementor-element-527cd8f5 elementor-align-center elementor-mobile-align-left elementor-widget__width-auto elementor-widget elementor-widget-button\" data-id=\"527cd8f5\" data-element_type=\"widget\" data-widget_type=\"button.default\">\n\t\t\t\t<div class=\"elementor-widget-container\">\n\t\t\t\t\t<div class=\"elementor-button-wrapper\">\n\t\t\t<a href=\"https:\/\/www.dermaclinicspain.com\/contacto\/\" class=\"elementor-button-link elementor-button elementor-size-sm elementor-animation-grow\" role=\"button\">\n\t\t\t\t\t\t<span class=\"elementor-button-content-wrapper\">\n\t\t\t\t\t\t<span class=\"elementor-button-text\">Cons\u00faltanos<\/span>\n\t\t<\/span>\n\t\t\t\t\t<\/a>\n\t\t<\/div>\n\t\t\t\t<\/div>\n\t\t\t\t<\/div>\n\t\t\t\t\t\t<\/div>\n\t\t\t\t\t<\/div>\n\t\t<\/div>\n\t\t\t\t\t\t\t\t<\/div>\n\t\t\t\t\t<\/div>\n\t\t<\/section>\n\t\t\t\t\t\t<\/div>\n\t\t\t\t\t\t<\/div>\n\t\t\t\t\t<\/div>\n\t\t<\/div><\/div><\/div>","protected":false},"excerpt":{"rendered":"<p>Blefaroplastia La lobuloplastia es una cirug\u00eda menor que consiste en la reconstrucci\u00f3n de los agujeros de las orejas ocasionados por piercings o dilataciones. Los motivos de realizarse esta ciug\u00eda suelen ser est\u00e9ticos en la mayor\u00eda de los casos, pero tambi\u00e9n se dan casos en los que se realiza por lesiones. Dentro de la cirug\u00eda de [&hellip;]<\/p>\n","protected":false},"author":3,"featured_media":0,"parent":319,"menu_order":0,"comment_status":"closed","ping_status":"closed","template":"","meta":[],"_links":{"self":[{"href":"https:\/\/www.dermaclinicspain.com\/es\/wp-json\/wp\/v2\/pages\/4785"}],"collection":[{"href":"https:\/\/www.dermaclinicspain.com\/es\/wp-json\/wp\/v2\/pages"}],"about":[{"href":"https:\/\/www.dermaclinicspain.com\/es\/wp-json\/wp\/v2\/types\/page"}],"author":[{"embeddable":true,"href":"https:\/\/www.dermaclinicspain.com\/es\/wp-json\/wp\/v2\/users\/3"}],"replies":[{"embeddable":true,"href":"https:\/\/www.dermaclinicspain.com\/es\/wp-json\/wp\/v2\/comments?post=4785"}],"version-history":[{"count":7,"href":"https:\/\/www.dermaclinicspain.com\/es\/wp-json\/wp\/v2\/pages\/4785\/revisions"}],"predecessor-version":[{"id":4909,"href":"https:\/\/www.dermaclinicspain.com\/es\/wp-json\/wp\/v2\/pages\/4785\/revisions\/4909"}],"up":[{"embeddable":true,"href":"https:\/\/www.dermaclinicspain.com\/es\/wp-json\/wp\/v2\/pages\/319"}],"wp:attachment":[{"href":"https:\/\/www.dermaclinicspain.com\/es\/wp-json\/wp\/v2\/media?parent=4785"}],"curies":[{"name":"wp","href":"https:\/\/api.w.org\/{rel}","templated":true}]}}