{"id":4778,"date":"2022-05-18T08:59:32","date_gmt":"2022-05-18T08:59:32","guid":{"rendered":"https:\/\/www.dermaclinicspain.com\/?page_id=4778"},"modified":"2022-05-18T16:53:37","modified_gmt":"2022-05-18T16:53:37","slug":"otoplastia","status":"publish","type":"page","link":"https:\/\/www.dermaclinicspain.com\/es\/services\/otoplastia\/","title":{"rendered":"Otoplastia"},"content":{"rendered":"<div class=\"container container-xl py-5\"><div class=\"row\"><div class=\"col\">\t\t<div data-elementor-type=\"wp-page\" data-elementor-id=\"4778\" class=\"elementor elementor-4778\" data-elementor-settings=\"[]\">\n\t\t\t\t\t\t<div class=\"elementor-inner\">\n\t\t\t\t\t\t\t<div class=\"elementor-section-wrap\">\n\t\t\t\t\t\t\t<section class=\"elementor-section elementor-top-section elementor-element elementor-element-14eb83e elementor-section-boxed elementor-section-height-default elementor-section-height-default\" data-id=\"14eb83e\" data-element_type=\"section\">\n\t\t\t\t\t\t<div class=\"elementor-container elementor-column-gap-default\">\n\t\t\t\t\t\t\t<div class=\"elementor-row\">\n\t\t\t\t\t<div class=\"elementor-column elementor-col-100 elementor-top-column elementor-element elementor-element-6270576\" data-id=\"6270576\" data-element_type=\"column\">\n\t\t\t<div class=\"elementor-column-wrap\">\n\t\t\t\t\t\t\t<div class=\"elementor-widget-wrap\">\n\t\t\t\t\t\t\t\t<\/div>\n\t\t\t\t\t<\/div>\n\t\t<\/div>\n\t\t\t\t\t\t\t\t<\/div>\n\t\t\t\t\t<\/div>\n\t\t<\/section>\n\t\t\t\t<section class=\"elementor-section elementor-top-section elementor-element elementor-element-30959c7f elementor-section-boxed elementor-section-height-default elementor-section-height-default\" data-id=\"30959c7f\" data-element_type=\"section\">\n\t\t\t\t\t\t<div class=\"elementor-container elementor-column-gap-default\">\n\t\t\t\t\t\t\t<div class=\"elementor-row\">\n\t\t\t\t\t<div class=\"elementor-column elementor-col-100 elementor-top-column elementor-element elementor-element-38d16c2d\" data-id=\"38d16c2d\" data-element_type=\"column\">\n\t\t\t<div class=\"elementor-column-wrap elementor-element-populated\">\n\t\t\t\t\t\t\t<div class=\"elementor-widget-wrap\">\n\t\t\t\t\t\t<div class=\"elementor-element elementor-element-2a423b53 elementor-widget elementor-widget-heading\" data-id=\"2a423b53\" data-element_type=\"widget\" data-widget_type=\"heading.default\">\n\t\t\t\t<div class=\"elementor-widget-container\">\n\t\t\t<h2 class=\"elementor-heading-title elementor-size-default\">Otoplastia<\/h2>\t\t<\/div>\n\t\t\t\t<\/div>\n\t\t\t\t<div class=\"elementor-element elementor-element-19ebe38d elementor-widget-divider--view-line elementor-widget elementor-widget-divider\" data-id=\"19ebe38d\" data-element_type=\"widget\" data-widget_type=\"divider.default\">\n\t\t\t\t<div class=\"elementor-widget-container\">\n\t\t\t\t\t<div class=\"elementor-divider\">\n\t\t\t<span class=\"elementor-divider-separator\">\n\t\t\t\t\t\t<\/span>\n\t\t<\/div>\n\t\t\t\t<\/div>\n\t\t\t\t<\/div>\n\t\t\t\t\t\t<\/div>\n\t\t\t\t\t<\/div>\n\t\t<\/div>\n\t\t\t\t\t\t\t\t<\/div>\n\t\t\t\t\t<\/div>\n\t\t<\/section>\n\t\t\t\t<section class=\"elementor-section elementor-top-section elementor-element elementor-element-f012042 elementor-section-boxed elementor-section-height-default elementor-section-height-default\" data-id=\"f012042\" data-element_type=\"section\">\n\t\t\t\t\t\t<div class=\"elementor-container elementor-column-gap-default\">\n\t\t\t\t\t\t\t<div class=\"elementor-row\">\n\t\t\t\t\t<div class=\"elementor-column elementor-col-50 elementor-top-column elementor-element elementor-element-375953a\" data-id=\"375953a\" data-element_type=\"column\">\n\t\t\t<div class=\"elementor-column-wrap elementor-element-populated\">\n\t\t\t\t\t\t\t<div class=\"elementor-widget-wrap\">\n\t\t\t\t\t\t<div class=\"elementor-element elementor-element-16edb1c elementor-widget elementor-widget-text-editor\" data-id=\"16edb1c\" data-element_type=\"widget\" data-widget_type=\"text-editor.default\">\n\t\t\t\t<div class=\"elementor-widget-container\">\n\t\t\t\t\t<div class=\"elementor-text-editor elementor-clearfix\"><p>La otoplastia es una cirug\u00eda menor realizada en las orejas, con el objetivo de solucionar diferentes anomal\u00edas est\u00e9ticas que pueden tener que ver con la forma, el tama\u00f1o o la ubicaci\u00f3n de las mismas.<\/p><p>Es un proceso que no afecta a la audici\u00f3n del paciente y que tiene un efecto inmediato de mejora, ya que los resultados son inmediatamente visibles.<\/p><p>El doctor Sergiu Vieru, realiza esta intervenci\u00f3n en consulta con anestesia local, y su duraci\u00f3n es de aproximadamente 2 horas.<\/p><p>Eres candidato a una otoplastia si:<\/p><ul><li>Te molesta que tus orejas est\u00e9n muy separadas de tu cabeza.<\/li><li>Una de tus orejas o ambas son deformes debido a una lesi\u00f3n o un defecto de nacimiento.<\/li><li>El tama\u00f1o de tus orejas no te gusta y quieres modificarlo.<\/li><\/ul><p>Como cualquier otro tipo de cirug\u00eda, la otoplastia presenta algunos riesgos:<\/p><ul><li>Formaci\u00f3n de cicatrices.<\/li><li>Asimetr\u00eda en la ubicaci\u00f3n de las orejas.\u00a0<\/li><li>Infecci\u00f3n<\/li><li>Sangrado<\/li><li>Sobrecorrecci\u00f3n<\/li><\/ul><p>Para evitar estas complicaciones, el paciente tendr\u00e1 un seguimiento exhaustivo por parte de todo el equipo de Derma Clinic Spain, y deber\u00e1 acudir a sus citas de revisi\u00f3n.<\/p><\/div>\n\t\t\t\t<\/div>\n\t\t\t\t<\/div>\n\t\t\t\t\t\t<\/div>\n\t\t\t\t\t<\/div>\n\t\t<\/div>\n\t\t\t\t<div class=\"elementor-column elementor-col-50 elementor-top-column elementor-element elementor-element-a8edfad\" data-id=\"a8edfad\" data-element_type=\"column\">\n\t\t\t<div class=\"elementor-column-wrap elementor-element-populated\">\n\t\t\t\t\t\t\t<div class=\"elementor-widget-wrap\">\n\t\t\t\t\t\t<div class=\"elementor-element elementor-element-f520dc9 elementor-widget elementor-widget-image\" data-id=\"f520dc9\" data-element_type=\"widget\" data-widget_type=\"image.default\">\n\t\t\t\t<div class=\"elementor-widget-container\">\n\t\t\t\t\t<div class=\"elementor-image\">\n\t\t\t\t\t\t\t\t\t\t<img width=\"1024\" height=\"796\" src=\"https:\/\/www.dermaclinicspain.com\/wp-content\/uploads\/2022\/05\/AdobeStock_322073905-1024x796.jpeg\" class=\"attachment-large size-large\" alt=\"\" loading=\"lazy\" srcset=\"https:\/\/www.dermaclinicspain.com\/wp-content\/uploads\/2022\/05\/AdobeStock_322073905-1024x796.jpeg 1024w, https:\/\/www.dermaclinicspain.com\/wp-content\/uploads\/2022\/05\/AdobeStock_322073905-300x233.jpeg 300w, https:\/\/www.dermaclinicspain.com\/wp-content\/uploads\/2022\/05\/AdobeStock_322073905-768x597.jpeg 768w, https:\/\/www.dermaclinicspain.com\/wp-content\/uploads\/2022\/05\/AdobeStock_322073905-1536x1195.jpeg 1536w, https:\/\/www.dermaclinicspain.com\/wp-content\/uploads\/2022\/05\/AdobeStock_322073905-2048x1593.jpeg 2048w, https:\/\/www.dermaclinicspain.com\/wp-content\/uploads\/2022\/05\/AdobeStock_322073905-800x622.jpeg 800w, https:\/\/www.dermaclinicspain.com\/wp-content\/uploads\/2022\/05\/AdobeStock_322073905-1920x1493.jpeg 1920w, https:\/\/www.dermaclinicspain.com\/wp-content\/uploads\/2022\/05\/AdobeStock_322073905-600x467.jpeg 600w\" sizes=\"(max-width: 1024px) 100vw, 1024px\" \/>\t\t\t\t\t\t\t\t\t\t\t<\/div>\n\t\t\t\t<\/div>\n\t\t\t\t<\/div>\n\t\t\t\t<div class=\"elementor-element elementor-element-b8b23e8 elementor-widget elementor-widget-text-editor\" data-id=\"b8b23e8\" data-element_type=\"widget\" data-widget_type=\"text-editor.default\">\n\t\t\t\t<div class=\"elementor-widget-container\">\n\t\t\t\t\t<div class=\"elementor-text-editor elementor-clearfix\"><p>Esta intervenci\u00f3n no precisa de recuperaci\u00f3n ni hospitalizaci\u00f3n, no obstante, el paciente deber\u00e1 seguir unas pautas y consejos del doctor en cuanto a medidas de higiene, medicamentos y protecci\u00f3n de la zona durante los d\u00edas posteriores.<\/p><h3><strong>La primera cita de valoraci\u00f3n es completamente gratuita.<\/strong><\/h3><\/div>\n\t\t\t\t<\/div>\n\t\t\t\t<\/div>\n\t\t\t\t\t\t<\/div>\n\t\t\t\t\t<\/div>\n\t\t<\/div>\n\t\t\t\t\t\t\t\t<\/div>\n\t\t\t\t\t<\/div>\n\t\t<\/section>\n\t\t\t\t<section class=\"elementor-section elementor-top-section elementor-element elementor-element-139b737 elementor-section-stretched elementor-section-content-middle elementor-section-height-min-height elementor-section-boxed elementor-section-height-default elementor-section-items-middle\" data-id=\"139b737\" data-element_type=\"section\" data-settings=\"{&quot;stretch_section&quot;:&quot;section-stretched&quot;}\">\n\t\t\t\t\t\t\t<div class=\"elementor-background-overlay\"><\/div>\n\t\t\t\t\t\t\t<div class=\"elementor-container elementor-column-gap-wide\">\n\t\t\t\t\t\t\t<div class=\"elementor-row\">\n\t\t\t\t\t<div class=\"elementor-column elementor-col-100 elementor-top-column elementor-element elementor-element-3afbc28d\" data-id=\"3afbc28d\" data-element_type=\"column\">\n\t\t\t<div class=\"elementor-column-wrap elementor-element-populated\">\n\t\t\t\t\t\t\t<div class=\"elementor-widget-wrap\">\n\t\t\t\t\t\t<div class=\"elementor-element elementor-element-5f6f89d7 elementor-widget elementor-widget-heading\" data-id=\"5f6f89d7\" data-element_type=\"widget\" data-widget_type=\"heading.default\">\n\t\t\t\t<div class=\"elementor-widget-container\">\n\t\t\t<h1 class=\"elementor-heading-title elementor-size-default\">\u00a1Para una consulta pide cita por tel\u00e9fono o rellena nuestro formulario y empieza a cuidarte!<\/h1>\t\t<\/div>\n\t\t\t\t<\/div>\n\t\t\t\t<div class=\"elementor-element elementor-element-7553a3ca elementor-align-center elementor-mobile-align-left elementor-widget__width-auto elementor-widget elementor-widget-button\" data-id=\"7553a3ca\" data-element_type=\"widget\" data-widget_type=\"button.default\">\n\t\t\t\t<div class=\"elementor-widget-container\">\n\t\t\t\t\t<div class=\"elementor-button-wrapper\">\n\t\t\t<a href=\"https:\/\/www.dermaclinicspain.com\/contacto\/\" class=\"elementor-button-link elementor-button elementor-size-sm elementor-animation-grow\" role=\"button\">\n\t\t\t\t\t\t<span class=\"elementor-button-content-wrapper\">\n\t\t\t\t\t\t<span class=\"elementor-button-text\">Cons\u00faltanos<\/span>\n\t\t<\/span>\n\t\t\t\t\t<\/a>\n\t\t<\/div>\n\t\t\t\t<\/div>\n\t\t\t\t<\/div>\n\t\t\t\t\t\t<\/div>\n\t\t\t\t\t<\/div>\n\t\t<\/div>\n\t\t\t\t\t\t\t\t<\/div>\n\t\t\t\t\t<\/div>\n\t\t<\/section>\n\t\t\t\t\t\t<\/div>\n\t\t\t\t\t\t<\/div>\n\t\t\t\t\t<\/div>\n\t\t<\/div><\/div><\/div>","protected":false},"excerpt":{"rendered":"<p>Otoplastia La otoplastia es una cirug\u00eda menor realizada en las orejas, con el objetivo de solucionar diferentes anomal\u00edas est\u00e9ticas que pueden tener que ver con la forma, el tama\u00f1o o la ubicaci\u00f3n de las mismas. Es un proceso que no afecta a la audici\u00f3n del paciente y que tiene un efecto inmediato de mejora, ya [&hellip;]<\/p>\n","protected":false},"author":3,"featured_media":0,"parent":319,"menu_order":0,"comment_status":"closed","ping_status":"closed","template":"","meta":[],"_links":{"self":[{"href":"https:\/\/www.dermaclinicspain.com\/es\/wp-json\/wp\/v2\/pages\/4778"}],"collection":[{"href":"https:\/\/www.dermaclinicspain.com\/es\/wp-json\/wp\/v2\/pages"}],"about":[{"href":"https:\/\/www.dermaclinicspain.com\/es\/wp-json\/wp\/v2\/types\/page"}],"author":[{"embeddable":true,"href":"https:\/\/www.dermaclinicspain.com\/es\/wp-json\/wp\/v2\/users\/3"}],"replies":[{"embeddable":true,"href":"https:\/\/www.dermaclinicspain.com\/es\/wp-json\/wp\/v2\/comments?post=4778"}],"version-history":[{"count":9,"href":"https:\/\/www.dermaclinicspain.com\/es\/wp-json\/wp\/v2\/pages\/4778\/revisions"}],"predecessor-version":[{"id":4908,"href":"https:\/\/www.dermaclinicspain.com\/es\/wp-json\/wp\/v2\/pages\/4778\/revisions\/4908"}],"up":[{"embeddable":true,"href":"https:\/\/www.dermaclinicspain.com\/es\/wp-json\/wp\/v2\/pages\/319"}],"wp:attachment":[{"href":"https:\/\/www.dermaclinicspain.com\/es\/wp-json\/wp\/v2\/media?parent=4778"}],"curies":[{"name":"wp","href":"https:\/\/api.w.org\/{rel}","templated":true}]}}