{"id":3168,"date":"2021-07-07T18:30:57","date_gmt":"2021-07-07T18:30:57","guid":{"rendered":"https:\/\/www.dermaclinicspain.com\/?page_id=3168"},"modified":"2022-09-14T15:03:05","modified_gmt":"2022-09-14T15:03:05","slug":"unidad-vascular-varices","status":"publish","type":"page","link":"https:\/\/www.dermaclinicspain.com\/es\/services\/unidad-vascular-varices\/","title":{"rendered":"Unidad Vascular y varices"},"content":{"rendered":"<div class=\"container container-xl py-5\"><div class=\"row\"><div class=\"col\">\t\t<div data-elementor-type=\"wp-page\" data-elementor-id=\"3168\" class=\"elementor elementor-3168\" data-elementor-settings=\"[]\">\n\t\t\t\t\t\t<div class=\"elementor-inner\">\n\t\t\t\t\t\t\t<div class=\"elementor-section-wrap\">\n\t\t\t\t\t\t\t<section class=\"elementor-section elementor-top-section elementor-element elementor-element-25441289 elementor-section-stretched elementor-section-boxed elementor-section-height-default elementor-section-height-default\" data-id=\"25441289\" data-element_type=\"section\" data-settings=\"{&quot;stretch_section&quot;:&quot;section-stretched&quot;}\">\n\t\t\t\t\t\t<div class=\"elementor-container elementor-column-gap-no\">\n\t\t\t\t\t\t\t<div class=\"elementor-row\">\n\t\t\t\t\t<div class=\"elementor-column elementor-col-100 elementor-top-column elementor-element elementor-element-6ffcf487\" data-id=\"6ffcf487\" data-element_type=\"column\">\n\t\t\t<div class=\"elementor-column-wrap elementor-element-populated\">\n\t\t\t\t\t\t\t<div class=\"elementor-widget-wrap\">\n\t\t\t\t\t\t<section class=\"elementor-section elementor-inner-section elementor-element elementor-element-3d09167f elementor-section-boxed elementor-section-height-default elementor-section-height-default\" data-id=\"3d09167f\" data-element_type=\"section\">\n\t\t\t\t\t\t<div class=\"elementor-container elementor-column-gap-no\">\n\t\t\t\t\t\t\t<div class=\"elementor-row\">\n\t\t\t\t\t<div class=\"elementor-column elementor-col-100 elementor-inner-column elementor-element elementor-element-5a11cba0\" data-id=\"5a11cba0\" data-element_type=\"column\">\n\t\t\t<div class=\"elementor-column-wrap elementor-element-populated\">\n\t\t\t\t\t\t\t<div class=\"elementor-widget-wrap\">\n\t\t\t\t\t\t<div class=\"elementor-element elementor-element-2dbaddda elementor-hidden-phone gyan-title-desc-left elementor-widget elementor-widget-gyan_title\" data-id=\"2dbaddda\" data-element_type=\"widget\" data-widget_type=\"gyan_title.default\">\n\t\t\t\t<div class=\"elementor-widget-container\">\n\t\t\t\t\t<div class=\"gyan-title\">\r\n\t\t\t<h1 class=\"gyan-title-heading\">Unidad vascular  y varices<\/h1><div class=\"gyan-title-desc\">\n<\/div>\t\t<\/div>\r\n\t\t\t\t<\/div>\n\t\t\t\t<\/div>\n\t\t\t\t<div class=\"elementor-element elementor-element-6f622fa elementor-hidden-desktop elementor-hidden-tablet gyan-title-desc-left elementor-widget elementor-widget-gyan_title\" data-id=\"6f622fa\" data-element_type=\"widget\" data-widget_type=\"gyan_title.default\">\n\t\t\t\t<div class=\"elementor-widget-container\">\n\t\t\t\t\t<div class=\"gyan-title\">\r\n\t\t\t<h1 class=\"gyan-title-heading\">Unidad vascular  y varices<\/h1><div class=\"gyan-title-desc\">\n<\/div>\t\t<\/div>\r\n\t\t\t\t<\/div>\n\t\t\t\t<\/div>\n\t\t\t\t<div class=\"elementor-element elementor-element-e5de6ce elementor-widget-divider--view-line elementor-widget elementor-widget-divider\" data-id=\"e5de6ce\" data-element_type=\"widget\" data-widget_type=\"divider.default\">\n\t\t\t\t<div class=\"elementor-widget-container\">\n\t\t\t\t\t<div class=\"elementor-divider\">\n\t\t\t<span class=\"elementor-divider-separator\">\n\t\t\t\t\t\t<\/span>\n\t\t<\/div>\n\t\t\t\t<\/div>\n\t\t\t\t<\/div>\n\t\t\t\t\t\t<\/div>\n\t\t\t\t\t<\/div>\n\t\t<\/div>\n\t\t\t\t\t\t\t\t<\/div>\n\t\t\t\t\t<\/div>\n\t\t<\/section>\n\t\t\t\t<div class=\"elementor-element elementor-element-5760da0 elementor-hidden-phone elementor-widget elementor-widget-text-editor\" data-id=\"5760da0\" data-element_type=\"widget\" data-widget_type=\"text-editor.default\">\n\t\t\t\t<div class=\"elementor-widget-container\">\n\t\t\t\t\t<div class=\"elementor-text-editor elementor-clearfix\"><div>El tratamiento contra las varices consiste en introducir una aguja muy fina con la que se inyecta un f\u00e1rmaco que produce una reacci\u00f3n inflamatoria controlada en las paredes de las varices. Con esto, la vena se cierra y la variz desaparece como tal. Solo en el momento de la inyecci\u00f3n el paciente notar\u00e1 una leve sensaci\u00f3n de ardor que desaparecer\u00e1 en 15-20 segundos.<\/div><div>\u00a0<\/div><div>Es un tratamiento m\u00e9dico que no est\u00e1 condicionado por el tiempo y s\u00ed por la cantidad de medicamento inyectado.\u00a0Las varices tratadas presentan tras la sesi\u00f3n, y durante los d\u00edas siguientes, un mayor enrojecimiento y cierta inflamaci\u00f3n que no es preocupante.\u00a0La variz desaparece en 4-12 semanas.<\/div><div>Las sesiones correspondientes a un tratamiento de microvarices duran entre 30-60 minutos y se realizan con intervalos de 21-30 d\u00edas.<\/div><div>\u00a0<\/div><div>Despu\u00e9s de la sesi\u00f3n, se deben usar medias de compresi\u00f3n durante al menos 7 d\u00edas.\u00a0Durante todo el tratamiento, se debe evitar la exposici\u00f3n al sol en las \u00e1reas tratadas.<\/div><div>El tratamiento se puede realizar tanto en varices peque\u00f1as (ara\u00f1as vasculares) como en venas varicosas grandes (enfermedad varicosa \u2013 statsis venosa) con diferentes t\u00e9cnicas para cada problema. En ocasiones, es necesario un diagn\u00f3stico de ecograf\u00eda Doppler-Vascular para una mejor eficacia del tratamiento.<\/div><\/div>\n\t\t\t\t<\/div>\n\t\t\t\t<\/div>\n\t\t\t\t<div class=\"elementor-element elementor-element-5b50df8 elementor-widget elementor-widget-spacer\" data-id=\"5b50df8\" data-element_type=\"widget\" data-widget_type=\"spacer.default\">\n\t\t\t\t<div class=\"elementor-widget-container\">\n\t\t\t\t\t<div class=\"elementor-spacer\">\n\t\t\t<div class=\"elementor-spacer-inner\"><\/div>\n\t\t<\/div>\n\t\t\t\t<\/div>\n\t\t\t\t<\/div>\n\t\t\t\t<div class=\"elementor-element elementor-element-d2f3a6b elementor-widget elementor-widget-image\" data-id=\"d2f3a6b\" data-element_type=\"widget\" data-widget_type=\"image.default\">\n\t\t\t\t<div class=\"elementor-widget-container\">\n\t\t\t\t\t<div class=\"elementor-image\">\n\t\t\t\t\t\t\t\t\t\t<img width=\"1024\" height=\"576\" src=\"https:\/\/www.dermaclinicspain.com\/wp-content\/uploads\/2019\/08\/Candela-Gentle-Pro-Alexandrite-laser-Laser-ALejandrita-1024x576.png\" class=\"attachment-large size-large\" alt=\"\" loading=\"lazy\" srcset=\"https:\/\/www.dermaclinicspain.com\/wp-content\/uploads\/2019\/08\/Candela-Gentle-Pro-Alexandrite-laser-Laser-ALejandrita-1024x576.png 1024w, https:\/\/www.dermaclinicspain.com\/wp-content\/uploads\/2019\/08\/Candela-Gentle-Pro-Alexandrite-laser-Laser-ALejandrita-300x169.png 300w, https:\/\/www.dermaclinicspain.com\/wp-content\/uploads\/2019\/08\/Candela-Gentle-Pro-Alexandrite-laser-Laser-ALejandrita-768x432.png 768w, https:\/\/www.dermaclinicspain.com\/wp-content\/uploads\/2019\/08\/Candela-Gentle-Pro-Alexandrite-laser-Laser-ALejandrita-800x450.png 800w, https:\/\/www.dermaclinicspain.com\/wp-content\/uploads\/2019\/08\/Candela-Gentle-Pro-Alexandrite-laser-Laser-ALejandrita-600x337.png 600w, https:\/\/www.dermaclinicspain.com\/wp-content\/uploads\/2019\/08\/Candela-Gentle-Pro-Alexandrite-laser-Laser-ALejandrita.png 1170w\" sizes=\"(max-width: 1024px) 100vw, 1024px\" \/>\t\t\t\t\t\t\t\t\t\t\t<\/div>\n\t\t\t\t<\/div>\n\t\t\t\t<\/div>\n\t\t\t\t<div class=\"elementor-element elementor-element-3436607 elementor-widget elementor-widget-spacer\" data-id=\"3436607\" data-element_type=\"widget\" data-widget_type=\"spacer.default\">\n\t\t\t\t<div class=\"elementor-widget-container\">\n\t\t\t\t\t<div class=\"elementor-spacer\">\n\t\t\t<div class=\"elementor-spacer-inner\"><\/div>\n\t\t<\/div>\n\t\t\t\t<\/div>\n\t\t\t\t<\/div>\n\t\t\t\t<div class=\"elementor-element elementor-element-351043e elementor-widget elementor-widget-heading\" data-id=\"351043e\" data-element_type=\"widget\" data-widget_type=\"heading.default\">\n\t\t\t\t<div class=\"elementor-widget-container\">\n\t\t\t<h2 class=\"elementor-heading-title elementor-size-default\">L\u00c1SER VASCULAR\n<\/h2>\t\t<\/div>\n\t\t\t\t<\/div>\n\t\t\t\t<div class=\"elementor-element elementor-element-6a508c9 elementor-hidden-phone elementor-widget elementor-widget-text-editor\" data-id=\"6a508c9\" data-element_type=\"widget\" data-widget_type=\"text-editor.default\">\n\t\t\t\t<div class=\"elementor-widget-container\">\n\t\t\t\t\t<div class=\"elementor-text-editor elementor-clearfix\"><div>Los l\u00e1seres vasculares son aquellos que emiten una longitud de onda de luz espec\u00edfica que es absorbida selectivamente por la hemoglobina (pigmento rojo) en los vasos sangu\u00edneos. Esta selectividad significa que los l\u00e1seres vasculares pueden eliminar las imperfecciones vasculares \/ rojas sin da\u00f1ar la piel circundante.<\/div><div>\u00a0<\/div><div>Los l\u00e1seres vasculares son el tratamiento id\u00f3neo para las imperfecciones rojas, como enrojecimiento de la cara, el cuello y el pecho, ros\u00e1cea, capilares rotos, ara\u00f1as vasculares, angiomas, marcas de nacimiento, cicatrices rojas que incluyen cicatrices queloides, venas faciales y nasales, rubor y manchas rojas en el cuerpo.<\/div><\/div>\n\t\t\t\t<\/div>\n\t\t\t\t<\/div>\n\t\t\t\t<div class=\"elementor-element elementor-element-1f35baa elementor-hidden-desktop elementor-hidden-tablet elementor-widget elementor-widget-text-editor\" data-id=\"1f35baa\" data-element_type=\"widget\" data-widget_type=\"text-editor.default\">\n\t\t\t\t<div class=\"elementor-widget-container\">\n\t\t\t\t\t<div class=\"elementor-text-editor elementor-clearfix\"><div>El tratamiento contra las varices consiste en introducir una aguja muy fina con la que se inyecta un f\u00e1rmaco que produce una reacci\u00f3n inflamatoria controlada en las paredes de las varices. Con esto, la vena se cierra y la variz desaparece como tal. Solo en el momento de la inyecci\u00f3n el paciente notar\u00e1 una leve sensaci\u00f3n de ardor que desaparecer\u00e1 en 15-20 segundos.<\/div><div>\u00a0<\/div><div>Es un tratamiento m\u00e9dico que no est\u00e1 condicionado por el tiempo y s\u00ed por la cantidad de medicamento inyectado.\u00a0Las varices tratadas presentan tras la sesi\u00f3n, y durante los d\u00edas siguientes, un mayor enrojecimiento y cierta inflamaci\u00f3n que no es preocupante.\u00a0La variz desaparece en 4-12 semanas.<\/div><div>Las sesiones correspondientes a un tratamiento de microvarices duran entre 30-60 minutos y se realizan con intervalos de 21-30 d\u00edas.<\/div><div>\u00a0<\/div><div>Despu\u00e9s de la sesi\u00f3n, se deben usar medias de compresi\u00f3n durante al menos 7 d\u00edas.\u00a0Durante todo el tratamiento, se debe evitar la exposici\u00f3n al sol en las \u00e1reas tratadas.<\/div><div>El tratamiento se puede realizar tanto en varices peque\u00f1as (ara\u00f1as vasculares) como en venas varicosas grandes (enfermedad varicosa \u2013 statsis venosa) con diferentes t\u00e9cnicas para cada problema. En ocasiones, es necesario un diagn\u00f3stico de ecograf\u00eda Doppler-Vascular para una mejor eficacia del tratamiento.<\/div><\/div>\n\t\t\t\t<\/div>\n\t\t\t\t<\/div>\n\t\t\t\t<div class=\"elementor-element elementor-element-2cf708b elementor-hidden-desktop elementor-hidden-tablet elementor-widget elementor-widget-heading\" data-id=\"2cf708b\" data-element_type=\"widget\" data-widget_type=\"heading.default\">\n\t\t\t\t<div class=\"elementor-widget-container\">\n\t\t\t<h2 class=\"elementor-heading-title elementor-size-default\">L\u00c1SER VASCULAR\n<\/h2>\t\t<\/div>\n\t\t\t\t<\/div>\n\t\t\t\t<div class=\"elementor-element elementor-element-244c9ea elementor-hidden-desktop elementor-hidden-tablet elementor-widget elementor-widget-text-editor\" data-id=\"244c9ea\" data-element_type=\"widget\" data-widget_type=\"text-editor.default\">\n\t\t\t\t<div class=\"elementor-widget-container\">\n\t\t\t\t\t<div class=\"elementor-text-editor elementor-clearfix\"><div>Los l\u00e1seres vasculares son aquellos que emiten una longitud de onda de luz espec\u00edfica que es absorbida selectivamente por la hemoglobina (pigmento rojo) en los vasos sangu\u00edneos. Esta selectividad significa que los l\u00e1seres vasculares pueden eliminar las imperfecciones vasculares \/ rojas sin da\u00f1ar la piel circundante.<\/div><div>\u00a0<\/div><div>Los l\u00e1seres vasculares son el tratamiento id\u00f3neo para las imperfecciones rojas, como enrojecimiento de la cara, el cuello y el pecho, ros\u00e1cea, capilares rotos, ara\u00f1as vasculares, angiomas, marcas de nacimiento, cicatrices rojas que incluyen cicatrices queloides, venas faciales y nasales, rubor y manchas rojas en el cuerpo.<\/div><\/div>\n\t\t\t\t<\/div>\n\t\t\t\t<\/div>\n\t\t\t\t<div class=\"elementor-element elementor-element-fa7c89a elementor-widget elementor-widget-spacer\" data-id=\"fa7c89a\" data-element_type=\"widget\" data-widget_type=\"spacer.default\">\n\t\t\t\t<div class=\"elementor-widget-container\">\n\t\t\t\t\t<div class=\"elementor-spacer\">\n\t\t\t<div class=\"elementor-spacer-inner\"><\/div>\n\t\t<\/div>\n\t\t\t\t<\/div>\n\t\t\t\t<\/div>\n\t\t\t\t\t\t<\/div>\n\t\t\t\t\t<\/div>\n\t\t<\/div>\n\t\t\t\t\t\t\t\t<\/div>\n\t\t\t\t\t<\/div>\n\t\t<\/section>\n\t\t\t\t<section class=\"elementor-section elementor-top-section elementor-element elementor-element-62d2a80a elementor-section-stretched elementor-section-content-middle elementor-section-height-min-height elementor-section-boxed elementor-section-height-default elementor-section-items-middle\" data-id=\"62d2a80a\" data-element_type=\"section\" data-settings=\"{&quot;stretch_section&quot;:&quot;section-stretched&quot;}\">\n\t\t\t\t\t\t\t<div class=\"elementor-background-overlay\"><\/div>\n\t\t\t\t\t\t\t<div class=\"elementor-container elementor-column-gap-wide\">\n\t\t\t\t\t\t\t<div class=\"elementor-row\">\n\t\t\t\t\t<div class=\"elementor-column elementor-col-100 elementor-top-column elementor-element elementor-element-50360cf8\" data-id=\"50360cf8\" data-element_type=\"column\">\n\t\t\t<div class=\"elementor-column-wrap elementor-element-populated\">\n\t\t\t\t\t\t\t<div class=\"elementor-widget-wrap\">\n\t\t\t\t\t\t<div class=\"elementor-element elementor-element-6dc3835c elementor-widget elementor-widget-heading\" data-id=\"6dc3835c\" data-element_type=\"widget\" data-widget_type=\"heading.default\">\n\t\t\t\t<div class=\"elementor-widget-container\">\n\t\t\t<h1 class=\"elementor-heading-title elementor-size-default\">\u00a1Para una consulta pide cita por tel\u00e9fono o rellena nuestro formulario y empieza a cuidarte!<\/h1>\t\t<\/div>\n\t\t\t\t<\/div>\n\t\t\t\t<div class=\"elementor-element elementor-element-71b652df elementor-align-center elementor-mobile-align-left elementor-widget__width-auto elementor-widget elementor-widget-button\" data-id=\"71b652df\" data-element_type=\"widget\" data-widget_type=\"button.default\">\n\t\t\t\t<div class=\"elementor-widget-container\">\n\t\t\t\t\t<div class=\"elementor-button-wrapper\">\n\t\t\t<a href=\"https:\/\/www.dermaclinicspain.com\/contacto\/\" class=\"elementor-button-link elementor-button elementor-size-sm elementor-animation-grow\" role=\"button\">\n\t\t\t\t\t\t<span class=\"elementor-button-content-wrapper\">\n\t\t\t\t\t\t<span class=\"elementor-button-text\">Cons\u00faltanos<\/span>\n\t\t<\/span>\n\t\t\t\t\t<\/a>\n\t\t<\/div>\n\t\t\t\t<\/div>\n\t\t\t\t<\/div>\n\t\t\t\t\t\t<\/div>\n\t\t\t\t\t<\/div>\n\t\t<\/div>\n\t\t\t\t\t\t\t\t<\/div>\n\t\t\t\t\t<\/div>\n\t\t<\/section>\n\t\t\t\t\t\t<\/div>\n\t\t\t\t\t\t<\/div>\n\t\t\t\t\t<\/div>\n\t\t<\/div><\/div><\/div>","protected":false},"excerpt":{"rendered":"<p>Unidad vascular y varices Unidad vascular y varices El tratamiento contra las varices consiste en introducir una aguja muy fina con la que se inyecta un f\u00e1rmaco que produce una reacci\u00f3n inflamatoria controlada en las paredes de las varices. Con esto, la vena se cierra y la variz desaparece como tal. Solo en el momento [&hellip;]<\/p>\n","protected":false},"author":1,"featured_media":0,"parent":319,"menu_order":0,"comment_status":"closed","ping_status":"closed","template":"","meta":[],"_links":{"self":[{"href":"https:\/\/www.dermaclinicspain.com\/es\/wp-json\/wp\/v2\/pages\/3168"}],"collection":[{"href":"https:\/\/www.dermaclinicspain.com\/es\/wp-json\/wp\/v2\/pages"}],"about":[{"href":"https:\/\/www.dermaclinicspain.com\/es\/wp-json\/wp\/v2\/types\/page"}],"author":[{"embeddable":true,"href":"https:\/\/www.dermaclinicspain.com\/es\/wp-json\/wp\/v2\/users\/1"}],"replies":[{"embeddable":true,"href":"https:\/\/www.dermaclinicspain.com\/es\/wp-json\/wp\/v2\/comments?post=3168"}],"version-history":[{"count":27,"href":"https:\/\/www.dermaclinicspain.com\/es\/wp-json\/wp\/v2\/pages\/3168\/revisions"}],"predecessor-version":[{"id":5106,"href":"https:\/\/www.dermaclinicspain.com\/es\/wp-json\/wp\/v2\/pages\/3168\/revisions\/5106"}],"up":[{"embeddable":true,"href":"https:\/\/www.dermaclinicspain.com\/es\/wp-json\/wp\/v2\/pages\/319"}],"wp:attachment":[{"href":"https:\/\/www.dermaclinicspain.com\/es\/wp-json\/wp\/v2\/media?parent=3168"}],"curies":[{"name":"wp","href":"https:\/\/api.w.org\/{rel}","templated":true}]}}