{"id":3134,"date":"2021-07-07T18:05:44","date_gmt":"2021-07-07T18:05:44","guid":{"rendered":"https:\/\/www.dermaclinicspain.com\/?page_id=3134"},"modified":"2022-09-14T14:49:05","modified_gmt":"2022-09-14T14:49:05","slug":"perdida-de-peso","status":"publish","type":"page","link":"https:\/\/www.dermaclinicspain.com\/es\/services\/perdida-de-peso\/","title":{"rendered":"P\u00e9rdida de peso"},"content":{"rendered":"<div class=\"container container-xl py-5\"><div class=\"row\"><div class=\"col\">\t\t<div data-elementor-type=\"wp-page\" data-elementor-id=\"3134\" class=\"elementor elementor-3134\" data-elementor-settings=\"[]\">\n\t\t\t\t\t\t<div class=\"elementor-inner\">\n\t\t\t\t\t\t\t<div class=\"elementor-section-wrap\">\n\t\t\t\t\t\t\t<section class=\"elementor-section elementor-top-section elementor-element elementor-element-25441289 elementor-section-stretched elementor-section-content-middle elementor-section-boxed elementor-section-height-default elementor-section-height-default\" data-id=\"25441289\" data-element_type=\"section\" data-settings=\"{&quot;stretch_section&quot;:&quot;section-stretched&quot;}\">\n\t\t\t\t\t\t<div class=\"elementor-container elementor-column-gap-no\">\n\t\t\t\t\t\t\t<div class=\"elementor-row\">\n\t\t\t\t\t<div class=\"elementor-column elementor-col-100 elementor-top-column elementor-element elementor-element-6ffcf487\" data-id=\"6ffcf487\" data-element_type=\"column\">\n\t\t\t<div class=\"elementor-column-wrap elementor-element-populated\">\n\t\t\t\t\t\t\t<div class=\"elementor-widget-wrap\">\n\t\t\t\t\t\t<section class=\"elementor-section elementor-inner-section elementor-element elementor-element-3d09167f elementor-section-boxed elementor-section-height-default elementor-section-height-default\" data-id=\"3d09167f\" data-element_type=\"section\">\n\t\t\t\t\t\t<div class=\"elementor-container elementor-column-gap-no\">\n\t\t\t\t\t\t\t<div class=\"elementor-row\">\n\t\t\t\t\t<div class=\"elementor-column elementor-col-100 elementor-inner-column elementor-element elementor-element-5a11cba0\" data-id=\"5a11cba0\" data-element_type=\"column\">\n\t\t\t<div class=\"elementor-column-wrap elementor-element-populated\">\n\t\t\t\t\t\t\t<div class=\"elementor-widget-wrap\">\n\t\t\t\t\t\t<div class=\"elementor-element elementor-element-2dbaddda elementor-hidden-phone gyan-title-desc-left elementor-widget elementor-widget-gyan_title\" data-id=\"2dbaddda\" data-element_type=\"widget\" data-widget_type=\"gyan_title.default\">\n\t\t\t\t<div class=\"elementor-widget-container\">\n\t\t\t\t\t<div class=\"gyan-title\">\r\n\t\t\t<h1 class=\"gyan-title-heading\">Tratamiento y dietas para la p\u00e9rdida de peso<\/h1><div class=\"gyan-title-desc\">\n<\/div>\t\t<\/div>\r\n\t\t\t\t<\/div>\n\t\t\t\t<\/div>\n\t\t\t\t<div class=\"elementor-element elementor-element-b8f2c55 elementor-hidden-desktop elementor-hidden-tablet gyan-title-desc-left elementor-widget elementor-widget-gyan_title\" data-id=\"b8f2c55\" data-element_type=\"widget\" data-widget_type=\"gyan_title.default\">\n\t\t\t\t<div class=\"elementor-widget-container\">\n\t\t\t\t\t<div class=\"gyan-title\">\r\n\t\t\t<h1 class=\"gyan-title-heading\">Tratamiento y dietas para la obesidad<\/h1><div class=\"gyan-title-desc\">\n<\/div>\t\t<\/div>\r\n\t\t\t\t<\/div>\n\t\t\t\t<\/div>\n\t\t\t\t<div class=\"elementor-element elementor-element-7e04288 elementor-widget-divider--view-line elementor-widget elementor-widget-divider\" data-id=\"7e04288\" data-element_type=\"widget\" data-widget_type=\"divider.default\">\n\t\t\t\t<div class=\"elementor-widget-container\">\n\t\t\t\t\t<div class=\"elementor-divider\">\n\t\t\t<span class=\"elementor-divider-separator\">\n\t\t\t\t\t\t<\/span>\n\t\t<\/div>\n\t\t\t\t<\/div>\n\t\t\t\t<\/div>\n\t\t\t\t\t\t<\/div>\n\t\t\t\t\t<\/div>\n\t\t<\/div>\n\t\t\t\t\t\t\t\t<\/div>\n\t\t\t\t\t<\/div>\n\t\t<\/section>\n\t\t\t\t\t\t<\/div>\n\t\t\t\t\t<\/div>\n\t\t<\/div>\n\t\t\t\t\t\t\t\t<\/div>\n\t\t\t\t\t<\/div>\n\t\t<\/section>\n\t\t\t\t<section class=\"elementor-section elementor-top-section elementor-element elementor-element-5cb92e5 elementor-section-boxed elementor-section-height-default elementor-section-height-default\" data-id=\"5cb92e5\" data-element_type=\"section\">\n\t\t\t\t\t\t<div class=\"elementor-container elementor-column-gap-wide\">\n\t\t\t\t\t\t\t<div class=\"elementor-row\">\n\t\t\t\t\t<div class=\"elementor-column elementor-col-50 elementor-top-column elementor-element elementor-element-a34248a\" data-id=\"a34248a\" data-element_type=\"column\">\n\t\t\t<div class=\"elementor-column-wrap elementor-element-populated\">\n\t\t\t\t\t\t\t<div class=\"elementor-widget-wrap\">\n\t\t\t\t\t\t<div class=\"elementor-element elementor-element-091204b elementor-widget elementor-widget-text-editor\" data-id=\"091204b\" data-element_type=\"widget\" data-widget_type=\"text-editor.default\">\n\t\t\t\t<div class=\"elementor-widget-container\">\n\t\t\t\t\t<div class=\"elementor-text-editor elementor-clearfix\"><p>En <strong>Derma Clinic Spain<\/strong> te ayudamos de forma individual y especializada para tu problema de peso.<\/p><p>Nuestros objetivos son resultados reales y duraderos, ning\u00fan efecto YOYO o dietas fallidas. Por ello, contamos con m\u00e9dicos especialistas en diet\u00e9tica y nutrici\u00f3n, y realizamos dietas personalizadas y una reeducaci\u00f3n diet\u00e9tica para no volver a subir de peso, y, adem\u00e1s, aprender a comer sano.<\/p><p>As\u00ed, te apoyaremos a nivel de recomendaciones de rutinas deportivas y suplementos para mejorar tus resultados.<\/p><\/div>\n\t\t\t\t<\/div>\n\t\t\t\t<\/div>\n\t\t\t\t<div class=\"elementor-element elementor-element-71302ff elementor-widget elementor-widget-text-editor\" data-id=\"71302ff\" data-element_type=\"widget\" data-widget_type=\"text-editor.default\">\n\t\t\t\t<div class=\"elementor-widget-container\">\n\t\t\t\t\t<div class=\"elementor-text-editor elementor-clearfix\"><h3>Algunos pasos por los que puedes comenzar son:<\/h3><ul><li>Ingiera m\u00e1s frutas, verduras, granos integrales,&#8230;<\/li><li>Lleve una dieta con bajo contenido de grasas saturadas, grasas trans, colesterol, sal (sodio) y az\u00facar agregada.<\/li><li>Beba m\u00e1s agua en vez de bebidas azucaradas.<\/li><li>Di adi\u00f3s al sedentarismo y mu\u00e9vete m\u00e1s.<\/li><\/ul><h3>\u00a0<\/h3><\/div>\n\t\t\t\t<\/div>\n\t\t\t\t<\/div>\n\t\t\t\t\t\t<\/div>\n\t\t\t\t\t<\/div>\n\t\t<\/div>\n\t\t\t\t<div class=\"elementor-column elementor-col-50 elementor-top-column elementor-element elementor-element-c104347\" data-id=\"c104347\" data-element_type=\"column\">\n\t\t\t<div class=\"elementor-column-wrap elementor-element-populated\">\n\t\t\t\t\t\t\t<div class=\"elementor-widget-wrap\">\n\t\t\t\t\t\t<div class=\"elementor-element elementor-element-3f401ee elementor-widget elementor-widget-image\" data-id=\"3f401ee\" data-element_type=\"widget\" data-widget_type=\"image.default\">\n\t\t\t\t<div class=\"elementor-widget-container\">\n\t\t\t\t\t<div class=\"elementor-image\">\n\t\t\t\t\t\t\t\t\t\t<img width=\"768\" height=\"512\" src=\"https:\/\/www.dermaclinicspain.com\/wp-content\/uploads\/2021\/07\/AdobeStock_288132369-768x512.jpeg\" class=\"attachment-medium_large size-medium_large\" alt=\"\" loading=\"lazy\" srcset=\"https:\/\/www.dermaclinicspain.com\/wp-content\/uploads\/2021\/07\/AdobeStock_288132369-768x512.jpeg 768w, https:\/\/www.dermaclinicspain.com\/wp-content\/uploads\/2021\/07\/AdobeStock_288132369-300x200.jpeg 300w, https:\/\/www.dermaclinicspain.com\/wp-content\/uploads\/2021\/07\/AdobeStock_288132369-1024x683.jpeg 1024w, https:\/\/www.dermaclinicspain.com\/wp-content\/uploads\/2021\/07\/AdobeStock_288132369-1536x1024.jpeg 1536w, https:\/\/www.dermaclinicspain.com\/wp-content\/uploads\/2021\/07\/AdobeStock_288132369-2048x1365.jpeg 2048w, https:\/\/www.dermaclinicspain.com\/wp-content\/uploads\/2021\/07\/AdobeStock_288132369-800x533.jpeg 800w, https:\/\/www.dermaclinicspain.com\/wp-content\/uploads\/2021\/07\/AdobeStock_288132369-1920x1280.jpeg 1920w, https:\/\/www.dermaclinicspain.com\/wp-content\/uploads\/2021\/07\/AdobeStock_288132369-600x400.jpeg 600w\" sizes=\"(max-width: 768px) 100vw, 768px\" \/>\t\t\t\t\t\t\t\t\t\t\t<\/div>\n\t\t\t\t<\/div>\n\t\t\t\t<\/div>\n\t\t\t\t<div class=\"elementor-element elementor-element-8ff0dd0 elementor-widget elementor-widget-heading\" data-id=\"8ff0dd0\" data-element_type=\"widget\" data-widget_type=\"heading.default\">\n\t\t\t\t<div class=\"elementor-widget-container\">\n\t\t\t<h3 class=\"elementor-heading-title elementor-size-default\">SAXENDA CONTROL<\/h3>\t\t<\/div>\n\t\t\t\t<\/div>\n\t\t\t\t<div class=\"elementor-element elementor-element-e50ad2e elementor-widget elementor-widget-text-editor\" data-id=\"e50ad2e\" data-element_type=\"widget\" data-widget_type=\"text-editor.default\">\n\t\t\t\t<div class=\"elementor-widget-container\">\n\t\t\t\t\t<div class=\"elementor-text-editor elementor-clearfix\"><div>La Saxenda es un medicamento inyectable utilizado para adelgazar en personas que tienen obesidad o sobrepeso, ya que ayuda a disminuir el apetito y a controlar el peso corporal, pudiendo causar la disminuci\u00f3n de hasta un <strong>10% del peso total<\/strong> de la persona, principalmente cuando se asocia a una dieta saludable y a la pr\u00e1ctica de actividad f\u00edsica de forma regular.<\/div><div>\u00a0<\/div><div>El principio activo de la Saxenda es la <strong>liraglutida<\/strong>, una sustancia que act\u00faa en las regiones del cerebro que regulan el apetito, esto hace con que el individuo sienta menos hambre y consuma menos cantidad de alimentos, es decir, menos calor\u00edas a lo largo del d\u00eda, siendo este el motivo por el cual se produce la p\u00e9rdida de peso.<\/div><\/div>\n\t\t\t\t<\/div>\n\t\t\t\t<\/div>\n\t\t\t\t\t\t<\/div>\n\t\t\t\t\t<\/div>\n\t\t<\/div>\n\t\t\t\t\t\t\t\t<\/div>\n\t\t\t\t\t<\/div>\n\t\t<\/section>\n\t\t\t\t<section class=\"elementor-section elementor-top-section elementor-element elementor-element-4489805 elementor-section-boxed elementor-section-height-default elementor-section-height-default\" data-id=\"4489805\" data-element_type=\"section\">\n\t\t\t\t\t\t<div class=\"elementor-container elementor-column-gap-default\">\n\t\t\t\t\t\t\t<div class=\"elementor-row\">\n\t\t\t\t\t<div class=\"elementor-column elementor-col-100 elementor-top-column elementor-element elementor-element-0fb032a\" data-id=\"0fb032a\" data-element_type=\"column\">\n\t\t\t<div class=\"elementor-column-wrap elementor-element-populated\">\n\t\t\t\t\t\t\t<div class=\"elementor-widget-wrap\">\n\t\t\t\t\t\t<div class=\"elementor-element elementor-element-b64514c elementor-widget elementor-widget-spacer\" data-id=\"b64514c\" data-element_type=\"widget\" data-widget_type=\"spacer.default\">\n\t\t\t\t<div class=\"elementor-widget-container\">\n\t\t\t\t\t<div class=\"elementor-spacer\">\n\t\t\t<div class=\"elementor-spacer-inner\"><\/div>\n\t\t<\/div>\n\t\t\t\t<\/div>\n\t\t\t\t<\/div>\n\t\t\t\t\t\t<\/div>\n\t\t\t\t\t<\/div>\n\t\t<\/div>\n\t\t\t\t\t\t\t\t<\/div>\n\t\t\t\t\t<\/div>\n\t\t<\/section>\n\t\t\t\t<section class=\"elementor-section elementor-top-section elementor-element elementor-element-22b6d794 elementor-section-stretched elementor-section-content-middle elementor-section-height-min-height elementor-section-boxed elementor-section-height-default elementor-section-items-middle\" data-id=\"22b6d794\" data-element_type=\"section\" data-settings=\"{&quot;stretch_section&quot;:&quot;section-stretched&quot;}\">\n\t\t\t\t\t\t\t<div class=\"elementor-background-overlay\"><\/div>\n\t\t\t\t\t\t\t<div class=\"elementor-container elementor-column-gap-wide\">\n\t\t\t\t\t\t\t<div class=\"elementor-row\">\n\t\t\t\t\t<div class=\"elementor-column elementor-col-100 elementor-top-column elementor-element elementor-element-22c5fa28\" data-id=\"22c5fa28\" data-element_type=\"column\">\n\t\t\t<div class=\"elementor-column-wrap elementor-element-populated\">\n\t\t\t\t\t\t\t<div class=\"elementor-widget-wrap\">\n\t\t\t\t\t\t<div class=\"elementor-element elementor-element-6534fd17 elementor-widget elementor-widget-heading\" data-id=\"6534fd17\" data-element_type=\"widget\" data-widget_type=\"heading.default\">\n\t\t\t\t<div class=\"elementor-widget-container\">\n\t\t\t<h1 class=\"elementor-heading-title elementor-size-default\">\u00a1Para una consulta pide cita por tel\u00e9fono o rellena nuestro formulario y empieza a cuidarte!<\/h1>\t\t<\/div>\n\t\t\t\t<\/div>\n\t\t\t\t<div class=\"elementor-element elementor-element-5005fc2f elementor-align-center elementor-mobile-align-left elementor-widget__width-auto elementor-widget elementor-widget-button\" data-id=\"5005fc2f\" data-element_type=\"widget\" data-widget_type=\"button.default\">\n\t\t\t\t<div class=\"elementor-widget-container\">\n\t\t\t\t\t<div class=\"elementor-button-wrapper\">\n\t\t\t<a href=\"https:\/\/www.dermaclinicspain.com\/contacto\/\" class=\"elementor-button-link elementor-button elementor-size-sm elementor-animation-grow\" role=\"button\">\n\t\t\t\t\t\t<span class=\"elementor-button-content-wrapper\">\n\t\t\t\t\t\t<span class=\"elementor-button-text\">Cons\u00faltanos<\/span>\n\t\t<\/span>\n\t\t\t\t\t<\/a>\n\t\t<\/div>\n\t\t\t\t<\/div>\n\t\t\t\t<\/div>\n\t\t\t\t\t\t<\/div>\n\t\t\t\t\t<\/div>\n\t\t<\/div>\n\t\t\t\t\t\t\t\t<\/div>\n\t\t\t\t\t<\/div>\n\t\t<\/section>\n\t\t\t\t\t\t<\/div>\n\t\t\t\t\t\t<\/div>\n\t\t\t\t\t<\/div>\n\t\t<\/div><\/div><\/div>","protected":false},"excerpt":{"rendered":"<p>Tratamiento y dietas para la p\u00e9rdida de peso Tratamiento y dietas para la obesidad En Derma Clinic Spain te ayudamos de forma individual y especializada para tu problema de peso. Nuestros objetivos son resultados reales y duraderos, ning\u00fan efecto YOYO o dietas fallidas. Por ello, contamos con m\u00e9dicos especialistas en diet\u00e9tica y nutrici\u00f3n, y realizamos [&hellip;]<\/p>\n","protected":false},"author":1,"featured_media":0,"parent":319,"menu_order":0,"comment_status":"closed","ping_status":"closed","template":"","meta":[],"_links":{"self":[{"href":"https:\/\/www.dermaclinicspain.com\/es\/wp-json\/wp\/v2\/pages\/3134"}],"collection":[{"href":"https:\/\/www.dermaclinicspain.com\/es\/wp-json\/wp\/v2\/pages"}],"about":[{"href":"https:\/\/www.dermaclinicspain.com\/es\/wp-json\/wp\/v2\/types\/page"}],"author":[{"embeddable":true,"href":"https:\/\/www.dermaclinicspain.com\/es\/wp-json\/wp\/v2\/users\/1"}],"replies":[{"embeddable":true,"href":"https:\/\/www.dermaclinicspain.com\/es\/wp-json\/wp\/v2\/comments?post=3134"}],"version-history":[{"count":30,"href":"https:\/\/www.dermaclinicspain.com\/es\/wp-json\/wp\/v2\/pages\/3134\/revisions"}],"predecessor-version":[{"id":5091,"href":"https:\/\/www.dermaclinicspain.com\/es\/wp-json\/wp\/v2\/pages\/3134\/revisions\/5091"}],"up":[{"embeddable":true,"href":"https:\/\/www.dermaclinicspain.com\/es\/wp-json\/wp\/v2\/pages\/319"}],"wp:attachment":[{"href":"https:\/\/www.dermaclinicspain.com\/es\/wp-json\/wp\/v2\/media?parent=3134"}],"curies":[{"name":"wp","href":"https:\/\/api.w.org\/{rel}","templated":true}]}}