{"id":3085,"date":"2021-07-07T17:01:51","date_gmt":"2021-07-07T17:01:51","guid":{"rendered":"https:\/\/www.dermaclinicspain.com\/?page_id=3085"},"modified":"2022-09-14T09:48:33","modified_gmt":"2022-09-14T09:48:33","slug":"remodelacion-volumen","status":"publish","type":"page","link":"https:\/\/www.dermaclinicspain.com\/es\/services\/remodelacion-volumen\/","title":{"rendered":"Remodelaci\u00f3n Volumen"},"content":{"rendered":"<div class=\"container container-xl py-5\"><div class=\"row\"><div class=\"col\">\t\t<div data-elementor-type=\"wp-page\" data-elementor-id=\"3085\" class=\"elementor elementor-3085\" data-elementor-settings=\"[]\">\n\t\t\t\t\t\t<div class=\"elementor-inner\">\n\t\t\t\t\t\t\t<div class=\"elementor-section-wrap\">\n\t\t\t\t\t\t\t<section class=\"elementor-section elementor-top-section elementor-element elementor-element-aa43859 elementor-section-boxed elementor-section-height-default elementor-section-height-default\" data-id=\"aa43859\" data-element_type=\"section\">\n\t\t\t\t\t\t<div class=\"elementor-container elementor-column-gap-default\">\n\t\t\t\t\t\t\t<div class=\"elementor-row\">\n\t\t\t\t\t<div class=\"elementor-column elementor-col-100 elementor-top-column elementor-element elementor-element-82fa248\" data-id=\"82fa248\" data-element_type=\"column\">\n\t\t\t<div class=\"elementor-column-wrap elementor-element-populated\">\n\t\t\t\t\t\t\t<div class=\"elementor-widget-wrap\">\n\t\t\t\t\t\t<div class=\"elementor-element elementor-element-2dbaddda elementor-hidden-phone gyan-title-desc-left elementor-widget elementor-widget-gyan_title\" data-id=\"2dbaddda\" data-element_type=\"widget\" data-widget_type=\"gyan_title.default\">\n\t\t\t\t<div class=\"elementor-widget-container\">\n\t\t\t\t\t<div class=\"gyan-title\">\r\n\t\t\t<h1 class=\"gyan-title-heading\">Remodelaci\u00f3n y volumen<\/h1><div class=\"gyan-title-desc\">\n<\/div>\t\t<\/div>\r\n\t\t\t\t<\/div>\n\t\t\t\t<\/div>\n\t\t\t\t<div class=\"elementor-element elementor-element-ee3c14b elementor-hidden-desktop elementor-hidden-tablet gyan-title-desc-left elementor-widget elementor-widget-gyan_title\" data-id=\"ee3c14b\" data-element_type=\"widget\" data-widget_type=\"gyan_title.default\">\n\t\t\t\t<div class=\"elementor-widget-container\">\n\t\t\t\t\t<div class=\"gyan-title\">\r\n\t\t\t<h1 class=\"gyan-title-heading\">Remodelaci\u00f3n y volumen<\/h1><div class=\"gyan-title-desc\">\n<\/div>\t\t<\/div>\r\n\t\t\t\t<\/div>\n\t\t\t\t<\/div>\n\t\t\t\t<div class=\"elementor-element elementor-element-e2a5115 elementor-widget-divider--view-line elementor-widget elementor-widget-divider\" data-id=\"e2a5115\" data-element_type=\"widget\" data-widget_type=\"divider.default\">\n\t\t\t\t<div class=\"elementor-widget-container\">\n\t\t\t\t\t<div class=\"elementor-divider\">\n\t\t\t<span class=\"elementor-divider-separator\">\n\t\t\t\t\t\t<\/span>\n\t\t<\/div>\n\t\t\t\t<\/div>\n\t\t\t\t<\/div>\n\t\t\t\t\t\t<\/div>\n\t\t\t\t\t<\/div>\n\t\t<\/div>\n\t\t\t\t\t\t\t\t<\/div>\n\t\t\t\t\t<\/div>\n\t\t<\/section>\n\t\t\t\t<section class=\"elementor-section elementor-top-section elementor-element elementor-element-0e68916 elementor-section-boxed elementor-section-height-default elementor-section-height-default\" data-id=\"0e68916\" data-element_type=\"section\">\n\t\t\t\t\t\t<div class=\"elementor-container elementor-column-gap-default\">\n\t\t\t\t\t\t\t<div class=\"elementor-row\">\n\t\t\t\t\t<div class=\"elementor-column elementor-col-50 elementor-top-column elementor-element elementor-element-7513cff\" data-id=\"7513cff\" data-element_type=\"column\">\n\t\t\t<div class=\"elementor-column-wrap elementor-element-populated\">\n\t\t\t\t\t\t\t<div class=\"elementor-widget-wrap\">\n\t\t\t\t\t\t<div class=\"elementor-element elementor-element-f54dce8 elementor-widget elementor-widget-text-editor\" data-id=\"f54dce8\" data-element_type=\"widget\" data-widget_type=\"text-editor.default\">\n\t\t\t\t<div class=\"elementor-widget-container\">\n\t\t\t\t\t<div class=\"elementor-text-editor elementor-clearfix\"><p>La remodelaci\u00f3n facial es un procedimiento mediante el cual conseguimos mejorar la armon\u00eda facial y la simetr\u00eda de nuestro rostro. Se act\u00faa principalmente sobre zonas como la mand\u00edbula, el ment\u00f3n, los p\u00f3mulos, los arcos ciliares (zona de las cejas), labios y las arrugas faciales, entre otras zonas.<\/p><div>En <strong>Derma Clinic Spain,<\/strong> llevamos a cabo una de las t\u00e9cnicas m\u00e1s vanguardistas para conseguir la armon\u00eda facial:<strong> la bioplastia de contorno o reconstrucci\u00f3n del \u00f3valo facial<\/strong>. Gracias a esta t\u00e9cnica de\u00a0est\u00e9tica facial, remodelar los \u00e1ngulos y vol\u00famenes del rostro en media hora, sin cirug\u00eda, de <strong>forma transitoria o permanente es posible.<\/strong><\/div><div>\u00a0<\/div><div>Con este tratamiento, se reduce la p\u00e9rdida de elasticidad que se produce en nuestro cuerpo despu\u00e9s del paso de los a\u00f1os o la p\u00e9rdida de peso. Se realizan mediante microinyecciones o t\u00e9cnicas especiales con productos biocompatibles de las mejores marcas m\u00e9dicas conocidas y elegidas por el equipo m\u00e9dico.<\/div><\/div>\n\t\t\t\t<\/div>\n\t\t\t\t<\/div>\n\t\t\t\t\t\t<\/div>\n\t\t\t\t\t<\/div>\n\t\t<\/div>\n\t\t\t\t<div class=\"elementor-column elementor-col-50 elementor-top-column elementor-element elementor-element-8375959\" data-id=\"8375959\" data-element_type=\"column\">\n\t\t\t<div class=\"elementor-column-wrap elementor-element-populated\">\n\t\t\t\t\t\t\t<div class=\"elementor-widget-wrap\">\n\t\t\t\t\t\t<div class=\"elementor-element elementor-element-d4f971c elementor-widget elementor-widget-image\" data-id=\"d4f971c\" data-element_type=\"widget\" data-widget_type=\"image.default\">\n\t\t\t\t<div class=\"elementor-widget-container\">\n\t\t\t\t\t<div class=\"elementor-image\">\n\t\t\t\t\t\t\t\t\t\t<img width=\"1024\" height=\"683\" src=\"https:\/\/www.dermaclinicspain.com\/wp-content\/uploads\/2022\/05\/REMODELING-AND-VOLUME-ELLANSE-1024x683.jpeg\" class=\"attachment-large size-large\" alt=\"\" loading=\"lazy\" srcset=\"https:\/\/www.dermaclinicspain.com\/wp-content\/uploads\/2022\/05\/REMODELING-AND-VOLUME-ELLANSE-1024x683.jpeg 1024w, https:\/\/www.dermaclinicspain.com\/wp-content\/uploads\/2022\/05\/REMODELING-AND-VOLUME-ELLANSE-300x200.jpeg 300w, https:\/\/www.dermaclinicspain.com\/wp-content\/uploads\/2022\/05\/REMODELING-AND-VOLUME-ELLANSE-768x512.jpeg 768w, https:\/\/www.dermaclinicspain.com\/wp-content\/uploads\/2022\/05\/REMODELING-AND-VOLUME-ELLANSE-1536x1024.jpeg 1536w, https:\/\/www.dermaclinicspain.com\/wp-content\/uploads\/2022\/05\/REMODELING-AND-VOLUME-ELLANSE-2048x1365.jpeg 2048w, https:\/\/www.dermaclinicspain.com\/wp-content\/uploads\/2022\/05\/REMODELING-AND-VOLUME-ELLANSE-800x533.jpeg 800w, https:\/\/www.dermaclinicspain.com\/wp-content\/uploads\/2022\/05\/REMODELING-AND-VOLUME-ELLANSE-1920x1280.jpeg 1920w, https:\/\/www.dermaclinicspain.com\/wp-content\/uploads\/2022\/05\/REMODELING-AND-VOLUME-ELLANSE-600x400.jpeg 600w\" sizes=\"(max-width: 1024px) 100vw, 1024px\" \/>\t\t\t\t\t\t\t\t\t\t\t<\/div>\n\t\t\t\t<\/div>\n\t\t\t\t<\/div>\n\t\t\t\t\t\t<\/div>\n\t\t\t\t\t<\/div>\n\t\t<\/div>\n\t\t\t\t\t\t\t\t<\/div>\n\t\t\t\t\t<\/div>\n\t\t<\/section>\n\t\t\t\t<section class=\"elementor-section elementor-top-section elementor-element elementor-element-25441289 elementor-section-stretched elementor-section-boxed elementor-section-height-default elementor-section-height-default\" data-id=\"25441289\" data-element_type=\"section\" data-settings=\"{&quot;stretch_section&quot;:&quot;section-stretched&quot;}\">\n\t\t\t\t\t\t<div class=\"elementor-container elementor-column-gap-no\">\n\t\t\t\t\t\t\t<div class=\"elementor-row\">\n\t\t\t\t\t<div class=\"elementor-column elementor-col-100 elementor-top-column elementor-element elementor-element-6ffcf487\" data-id=\"6ffcf487\" data-element_type=\"column\">\n\t\t\t<div class=\"elementor-column-wrap elementor-element-populated\">\n\t\t\t\t\t\t\t<div class=\"elementor-widget-wrap\">\n\t\t\t\t\t\t<section class=\"elementor-section elementor-inner-section elementor-element elementor-element-218024eb elementor-section-boxed elementor-section-height-default elementor-section-height-default\" data-id=\"218024eb\" data-element_type=\"section\">\n\t\t\t\t\t\t<div class=\"elementor-container elementor-column-gap-no\">\n\t\t\t\t\t\t\t<div class=\"elementor-row\">\n\t\t\t\t\t<div class=\"elementor-column elementor-col-50 elementor-inner-column elementor-element elementor-element-2a8e0426\" data-id=\"2a8e0426\" data-element_type=\"column\" data-settings=\"{&quot;background_background&quot;:&quot;classic&quot;}\">\n\t\t\t<div class=\"elementor-column-wrap elementor-element-populated\">\n\t\t\t\t\t\t\t<div class=\"elementor-widget-wrap\">\n\t\t\t\t\t\t<div class=\"elementor-element elementor-element-091204b elementor-widget elementor-widget-text-editor\" data-id=\"091204b\" data-element_type=\"widget\" data-widget_type=\"text-editor.default\">\n\t\t\t\t<div class=\"elementor-widget-container\">\n\t\t\t\t\t<div class=\"elementor-text-editor elementor-clearfix\"><p><strong>\u00c1CIDO HIALUR\u00d3NICO<\/strong><\/p><div>Es una sustancia estructural del cuerpo humano y normalmente se encuentra en la piel, articulaciones y cart\u00edlagos. Con la edad disminuye su cantidad en el cuerpo de forma natural, produciendo arrugas en la piel.<\/div><div>Se presenta como un gel transparente con propiedades para captar el agua alrededor de su mol\u00e9cula y as\u00ed brindar una intensa hidrataci\u00f3n y volumen a los tejidos.<\/div><div>\u00a0<\/div><p>Se presenta como un gel transparente con propiedades para captar el agua alrededor de su mol\u00e9cula y as\u00ed brindar una <strong>intensa hidrataci\u00f3n y volumen a los tejidos.<\/strong><\/p><div>Por esto, se utiliza para <strong>la hidrataci\u00f3n, el tratamiento de arrugas en la piel y la p\u00e9rdida de vol\u00famenes faciales<\/strong> (apareciendo con la edad). Adem\u00e1s, tambi\u00e9n se utiliza para realizar un <strong>aumento de labios, p\u00f3mulos, ment\u00f3n\u2026.<\/strong><\/div><div>El AH suele tener una mol\u00e9cula muy grande que no penetra si se aplica sobre la piel, por lo que el uso correcto y eficaz es mediante microinyecciones con jeringa debajo de la piel, con una ligera anestesia local para evitar molestias.<\/div><div>\u00a0<\/div><div>La duraci\u00f3n del producto es desde los seis meses a 1 a\u00f1o, dependiendo del tipo de \u00e1cido hialur\u00f3nico utilizado y de otras cuestiones como el metabolismo propio.<\/div><div>\u00a0<\/div><\/div>\n\t\t\t\t<\/div>\n\t\t\t\t<\/div>\n\t\t\t\t<div class=\"elementor-element elementor-element-69dbc7d elementor-widget elementor-widget-text-editor\" data-id=\"69dbc7d\" data-element_type=\"widget\" data-widget_type=\"text-editor.default\">\n\t\t\t\t<div class=\"elementor-widget-container\">\n\t\t\t\t\t<div class=\"elementor-text-editor elementor-clearfix\"><p><strong>INDUCTORES DE COL\u00c1GENO<\/strong><br \/><strong>SCULPTRA\u00ae<\/strong><\/p><div>Es un revitalizador inyectable a base de \u00e1cido polil\u00e1ctico que ayuda al cuerpo a reactivar la producci\u00f3n de col\u00e1geno para lograr una apariencia m\u00e1s joven.<\/div><div>\u00a0<\/div><div>El objetivo de Sculptra\u00ae es, por lo tanto, actuar con precisi\u00f3n sobre esta p\u00e9rdida de col\u00e1geno y sobre las causas profundas de la formaci\u00f3n de arrugas y el vaciado de la piel, asegur\u00e1ndose de que la piel pueda recuperar su tono y la plenitud perdida con los a\u00f1os. Para lograr este efecto, Sculptra\u00ae no act\u00faa t\u00f3picamente, sino que penetra en las capas m\u00e1s profundas de la dermis para restaurar el volumen y la turgencia\u00a0a medida que se absorben las micropart\u00edculas de \u00e1cido polil\u00e1ctico.<\/div><\/div>\n\t\t\t\t<\/div>\n\t\t\t\t<\/div>\n\t\t\t\t\t\t<\/div>\n\t\t\t\t\t<\/div>\n\t\t<\/div>\n\t\t\t\t<div class=\"elementor-column elementor-col-50 elementor-inner-column elementor-element elementor-element-37712f57\" data-id=\"37712f57\" data-element_type=\"column\">\n\t\t\t<div class=\"elementor-column-wrap elementor-element-populated\">\n\t\t\t\t\t\t\t<div class=\"elementor-widget-wrap\">\n\t\t\t\t\t\t<div class=\"elementor-element elementor-element-9564fba elementor-widget elementor-widget-text-editor\" data-id=\"9564fba\" data-element_type=\"widget\" data-widget_type=\"text-editor.default\">\n\t\t\t\t<div class=\"elementor-widget-container\">\n\t\t\t\t\t<div class=\"elementor-text-editor elementor-clearfix\"><p><strong>QU\u00c9 ES ELLANSE\u00ae:<br \/><\/strong>Ellanse\u00ae: El bioestimulador de col\u00e1geno reabsorbible.\u00a0Es un relleno aut\u00f3logo (generado por el propio cuerpo) que se diferencia de otros rellenos d\u00e9rmicos porque tiene una durabilidad regulable de 1 a 3 a\u00f1os.\u00a0Combina una correcci\u00f3n inmediata de arrugas y pliegues con la producci\u00f3n de col\u00e1geno natural por parte del propio cuerpo.<\/p><p><strong>LOS \u00daNICOS BENEFICIOS DE ELLANSE\u00ae:<\/strong><\/p><ul><li>Acci\u00f3n prolongada por la duraci\u00f3n elegida con una sola sesi\u00f3n<\/li><li>Diferentes niveles de actuaci\u00f3n en funci\u00f3n de las necesidades de cada paciente<\/li><li>Tratamiento totalmente biorreabsorbible con resultados predecibles, controlables y ajustables y un alto perfil de seguridad.<\/li><\/ul><p><strong>ACCI\u00d3N 2 EN 1\u00ae:<\/strong><\/p><ol><li>Correcci\u00f3n inmediata: CMC Gel proporciona un efecto de relleno inicial y una correcci\u00f3n inmediata.<\/li><li>Voluminizaci\u00f3n duradera mediante la estimulaci\u00f3n del col\u00e1geno: las microesferas PLC estimulan la neocolag\u00e9nesis (la producci\u00f3n de nuevo col\u00e1geno por el propio cuerpo)<\/li><\/ol><div>Ellanse \u00ae se diferencia de otros rellenos d\u00e9rmicos debido a las caracter\u00edsticas de rendimiento total sostenido y controlado.\u00a0Esto significa que Ellanse \u00ae mantendr\u00e1 una correcci\u00f3n completa hasta que se elimine por completo de su cuerpo despu\u00e9s de lograr la duraci\u00f3n de rendimiento deseada.<\/div><div>\u00a0<\/div><\/div>\n\t\t\t\t<\/div>\n\t\t\t\t<\/div>\n\t\t\t\t\t\t<\/div>\n\t\t\t\t\t<\/div>\n\t\t<\/div>\n\t\t\t\t\t\t\t\t<\/div>\n\t\t\t\t\t<\/div>\n\t\t<\/section>\n\t\t\t\t\t\t<\/div>\n\t\t\t\t\t<\/div>\n\t\t<\/div>\n\t\t\t\t\t\t\t\t<\/div>\n\t\t\t\t\t<\/div>\n\t\t<\/section>\n\t\t\t\t<section class=\"elementor-section elementor-top-section elementor-element elementor-element-73d17ae elementor-section-stretched elementor-section-content-middle elementor-section-height-min-height elementor-section-boxed elementor-section-height-default elementor-section-items-middle\" data-id=\"73d17ae\" data-element_type=\"section\" data-settings=\"{&quot;stretch_section&quot;:&quot;section-stretched&quot;}\">\n\t\t\t\t\t\t\t<div class=\"elementor-background-overlay\"><\/div>\n\t\t\t\t\t\t\t<div class=\"elementor-container elementor-column-gap-wide\">\n\t\t\t\t\t\t\t<div class=\"elementor-row\">\n\t\t\t\t\t<div class=\"elementor-column elementor-col-100 elementor-top-column elementor-element elementor-element-2c329c46\" data-id=\"2c329c46\" data-element_type=\"column\">\n\t\t\t<div class=\"elementor-column-wrap elementor-element-populated\">\n\t\t\t\t\t\t\t<div class=\"elementor-widget-wrap\">\n\t\t\t\t\t\t<div class=\"elementor-element elementor-element-2bd66b7d elementor-widget elementor-widget-heading\" data-id=\"2bd66b7d\" data-element_type=\"widget\" data-widget_type=\"heading.default\">\n\t\t\t\t<div class=\"elementor-widget-container\">\n\t\t\t<h1 class=\"elementor-heading-title elementor-size-default\">\u00a1Para una consulta pide cita por tel\u00e9fono o rellena nuestro formulario y empieza a cuidarte!<\/h1>\t\t<\/div>\n\t\t\t\t<\/div>\n\t\t\t\t<div class=\"elementor-element elementor-element-68330d3a elementor-align-center elementor-mobile-align-left elementor-widget__width-auto elementor-widget elementor-widget-button\" data-id=\"68330d3a\" data-element_type=\"widget\" data-widget_type=\"button.default\">\n\t\t\t\t<div class=\"elementor-widget-container\">\n\t\t\t\t\t<div class=\"elementor-button-wrapper\">\n\t\t\t<a href=\"https:\/\/www.dermaclinicspain.com\/contacto\/\" class=\"elementor-button-link elementor-button elementor-size-sm elementor-animation-grow\" role=\"button\">\n\t\t\t\t\t\t<span class=\"elementor-button-content-wrapper\">\n\t\t\t\t\t\t<span class=\"elementor-button-text\">Cons\u00faltanos<\/span>\n\t\t<\/span>\n\t\t\t\t\t<\/a>\n\t\t<\/div>\n\t\t\t\t<\/div>\n\t\t\t\t<\/div>\n\t\t\t\t\t\t<\/div>\n\t\t\t\t\t<\/div>\n\t\t<\/div>\n\t\t\t\t\t\t\t\t<\/div>\n\t\t\t\t\t<\/div>\n\t\t<\/section>\n\t\t\t\t\t\t<\/div>\n\t\t\t\t\t\t<\/div>\n\t\t\t\t\t<\/div>\n\t\t<\/div><\/div><\/div>","protected":false},"excerpt":{"rendered":"<p>Remodelaci\u00f3n y volumen Remodelaci\u00f3n y volumen La remodelaci\u00f3n facial es un procedimiento mediante el cual conseguimos mejorar la armon\u00eda facial y la simetr\u00eda de nuestro rostro. Se act\u00faa principalmente sobre zonas como la mand\u00edbula, el ment\u00f3n, los p\u00f3mulos, los arcos ciliares (zona de las cejas), labios y las arrugas faciales, entre otras zonas. En Derma [&hellip;]<\/p>\n","protected":false},"author":1,"featured_media":0,"parent":319,"menu_order":0,"comment_status":"closed","ping_status":"closed","template":"","meta":[],"_links":{"self":[{"href":"https:\/\/www.dermaclinicspain.com\/es\/wp-json\/wp\/v2\/pages\/3085"}],"collection":[{"href":"https:\/\/www.dermaclinicspain.com\/es\/wp-json\/wp\/v2\/pages"}],"about":[{"href":"https:\/\/www.dermaclinicspain.com\/es\/wp-json\/wp\/v2\/types\/page"}],"author":[{"embeddable":true,"href":"https:\/\/www.dermaclinicspain.com\/es\/wp-json\/wp\/v2\/users\/1"}],"replies":[{"embeddable":true,"href":"https:\/\/www.dermaclinicspain.com\/es\/wp-json\/wp\/v2\/comments?post=3085"}],"version-history":[{"count":39,"href":"https:\/\/www.dermaclinicspain.com\/es\/wp-json\/wp\/v2\/pages\/3085\/revisions"}],"predecessor-version":[{"id":5070,"href":"https:\/\/www.dermaclinicspain.com\/es\/wp-json\/wp\/v2\/pages\/3085\/revisions\/5070"}],"up":[{"embeddable":true,"href":"https:\/\/www.dermaclinicspain.com\/es\/wp-json\/wp\/v2\/pages\/319"}],"wp:attachment":[{"href":"https:\/\/www.dermaclinicspain.com\/es\/wp-json\/wp\/v2\/media?parent=3085"}],"curies":[{"name":"wp","href":"https:\/\/api.w.org\/{rel}","templated":true}]}}