{"id":3001,"date":"2021-07-05T18:11:08","date_gmt":"2021-07-05T18:11:08","guid":{"rendered":"https:\/\/www.dermaclinicspain.com\/?page_id=3001"},"modified":"2021-07-05T18:14:16","modified_gmt":"2021-07-05T18:14:16","slug":"protesis-labial","status":"publish","type":"page","link":"https:\/\/www.dermaclinicspain.com\/es\/services\/protesis-labial\/","title":{"rendered":"Protesis Labial"},"content":{"rendered":"<div class=\"container container-xl py-5\"><div class=\"row\"><div class=\"col\">\t\t<div data-elementor-type=\"wp-page\" data-elementor-id=\"3001\" class=\"elementor elementor-3001\" data-elementor-settings=\"[]\">\n\t\t\t\t\t\t<div class=\"elementor-inner\">\n\t\t\t\t\t\t\t<div class=\"elementor-section-wrap\">\n\t\t\t\t\t\t\t<section class=\"elementor-section elementor-top-section elementor-element elementor-element-25441289 elementor-section-stretched elementor-section-boxed elementor-section-height-default elementor-section-height-default\" data-id=\"25441289\" data-element_type=\"section\" data-settings=\"{&quot;stretch_section&quot;:&quot;section-stretched&quot;}\">\n\t\t\t\t\t\t<div class=\"elementor-container elementor-column-gap-no\">\n\t\t\t\t\t\t\t<div class=\"elementor-row\">\n\t\t\t\t\t<div class=\"elementor-column elementor-col-100 elementor-top-column elementor-element elementor-element-6ffcf487\" data-id=\"6ffcf487\" data-element_type=\"column\">\n\t\t\t<div class=\"elementor-column-wrap elementor-element-populated\">\n\t\t\t\t\t\t\t<div class=\"elementor-widget-wrap\">\n\t\t\t\t\t\t<section class=\"elementor-section elementor-inner-section elementor-element elementor-element-3d09167f elementor-section-boxed elementor-section-height-default elementor-section-height-default\" data-id=\"3d09167f\" data-element_type=\"section\">\n\t\t\t\t\t\t<div class=\"elementor-container elementor-column-gap-no\">\n\t\t\t\t\t\t\t<div class=\"elementor-row\">\n\t\t\t\t\t<div class=\"elementor-column elementor-col-100 elementor-inner-column elementor-element elementor-element-5a11cba0\" data-id=\"5a11cba0\" data-element_type=\"column\">\n\t\t\t<div class=\"elementor-column-wrap\">\n\t\t\t\t\t\t\t<div class=\"elementor-widget-wrap\">\n\t\t\t\t\t\t\t\t<\/div>\n\t\t\t\t\t<\/div>\n\t\t<\/div>\n\t\t\t\t\t\t\t\t<\/div>\n\t\t\t\t\t<\/div>\n\t\t<\/section>\n\t\t\t\t<section class=\"elementor-section elementor-inner-section elementor-element elementor-element-2651373 elementor-section-boxed elementor-section-height-default elementor-section-height-default\" data-id=\"2651373\" data-element_type=\"section\">\n\t\t\t\t\t\t<div class=\"elementor-container elementor-column-gap-default\">\n\t\t\t\t\t\t\t<div class=\"elementor-row\">\n\t\t\t\t\t<div class=\"elementor-column elementor-col-50 elementor-inner-column elementor-element elementor-element-779d674\" data-id=\"779d674\" data-element_type=\"column\">\n\t\t\t<div class=\"elementor-column-wrap elementor-element-populated\">\n\t\t\t\t\t\t\t<div class=\"elementor-widget-wrap\">\n\t\t\t\t\t\t<div class=\"elementor-element elementor-element-2dbaddda gyan-title-desc-left elementor-widget elementor-widget-gyan_title\" data-id=\"2dbaddda\" data-element_type=\"widget\" data-widget_type=\"gyan_title.default\">\n\t\t\t\t<div class=\"elementor-widget-container\">\n\t\t\t\t\t<div class=\"gyan-title\">\r\n\t\t\t<h1 class=\"gyan-title-heading\">Protesis Labial<\/h1><div class=\"gyan-title-desc\">\n<\/div>\t\t<\/div>\r\n\t\t\t\t<\/div>\n\t\t\t\t<\/div>\n\t\t\t\t<div class=\"elementor-element elementor-element-16edb1c elementor-widget elementor-widget-text-editor\" data-id=\"16edb1c\" data-element_type=\"widget\" data-widget_type=\"text-editor.default\">\n\t\t\t\t<div class=\"elementor-widget-container\">\n\t\t\t\t\t<div class=\"elementor-text-editor elementor-clearfix\"><p><span class=\"s1\">Permalip es una nueva pr\u00f3tesis que permite aumentar el volumen de los labios de manera indolora, obteniendo resultados naturales y permanentes<\/span><\/p><p><span class=\"s1\">Entre los m\u00e9todos que existen para aumentar el volumen de los labios, uno de los m\u00e1s innovadores es el Permalip. Se trata de una pr\u00f3tesis de silicona s\u00f3lida pero suave. Esta caracter\u00edstica permite evitar que se derrame el l\u00edquido de la pr\u00f3tesis, siendo Permalip uno de los m\u00e9todos m\u00e1s seguros de entre todos los que existen. La inserci\u00f3n de esta\u00a0<a href=\"http:\/\/www.multiestetica.com\/search?search=protesis+labios\" target=\"_blank\" rel=\"noopener\"><span class=\"s2\">pr\u00f3tesis en los labios superiores e inferiores<\/span><\/a>\u00a0(o en uno solo labio) permite un resultado permanente y natural.<\/span><\/p><p><span class=\"s1\">La intervenci\u00f3n se realiza con anestesia local, por tanto es indolora, y tiene una duraci\u00f3n de casi media hora para cada labio. Tras la operaci\u00f3n, no es necesa<\/span><span class=\"s1\">ria la hospitalizaci\u00f3n del paciente, el cual puede volver a su casa. El \u00fanico problema que se puede encontrar durante el posoperatorio es la aparici\u00f3n de peque\u00f1os eccemas o edemas en la zona tratada, que se rebajar\u00e1 con el paso de los d\u00edas, permitiendo admirar los resultados.<\/span><\/p><\/div>\n\t\t\t\t<\/div>\n\t\t\t\t<\/div>\n\t\t\t\t\t\t<\/div>\n\t\t\t\t\t<\/div>\n\t\t<\/div>\n\t\t\t\t<div class=\"elementor-column elementor-col-50 elementor-inner-column elementor-element elementor-element-df7ce51\" data-id=\"df7ce51\" data-element_type=\"column\">\n\t\t\t<div class=\"elementor-column-wrap elementor-element-populated\">\n\t\t\t\t\t\t\t<div class=\"elementor-widget-wrap\">\n\t\t\t\t\t\t<div class=\"elementor-element elementor-element-a8920dd elementor-widget elementor-widget-text-editor\" data-id=\"a8920dd\" data-element_type=\"widget\" data-widget_type=\"text-editor.default\">\n\t\t\t\t<div class=\"elementor-widget-container\">\n\t\t\t\t\t<div class=\"elementor-text-editor elementor-clearfix\"><p><span class=\"s1\">Las caracter\u00edsticas de Permalip lo convierten en uno de los m\u00e9todos m\u00e1s seguros que se pueden utilizar para aumentar el volumen de los labios. No ser\u00e1 necesario, por ejemplo, someterse a inyecciones peri\u00f3dicas de \u00e1cido hialur\u00f3nico para tener los labios carnosos. De hecho, Permalip ofrece resultados permanentes y naturales.<\/span><\/p><p>Consulta en Derma Clinic tu solucion individualizada para tu problema con el medico especialista, pide tu cita al telefono (0034) 674 255 579<\/p><\/div>\n\t\t\t\t<\/div>\n\t\t\t\t<\/div>\n\t\t\t\t<div class=\"elementor-element elementor-element-2847c70 elementor-widget elementor-widget-image\" data-id=\"2847c70\" data-element_type=\"widget\" data-widget_type=\"image.default\">\n\t\t\t\t<div class=\"elementor-widget-container\">\n\t\t\t\t\t<div class=\"elementor-image\">\n\t\t\t\t\t\t\t\t\t\t<img width=\"624\" height=\"413\" src=\"https:\/\/www.dermaclinicspain.com\/wp-content\/uploads\/2020\/12\/Captura-de-pantalla-2020-11-17-a-las-10.03.54-copia.jpg\" class=\"attachment-large size-large\" alt=\"\" loading=\"lazy\" srcset=\"https:\/\/www.dermaclinicspain.com\/wp-content\/uploads\/2020\/12\/Captura-de-pantalla-2020-11-17-a-las-10.03.54-copia.jpg 624w, https:\/\/www.dermaclinicspain.com\/wp-content\/uploads\/2020\/12\/Captura-de-pantalla-2020-11-17-a-las-10.03.54-copia-300x199.jpg 300w, https:\/\/www.dermaclinicspain.com\/wp-content\/uploads\/2020\/12\/Captura-de-pantalla-2020-11-17-a-las-10.03.54-copia-600x397.jpg 600w\" sizes=\"(max-width: 624px) 100vw, 624px\" \/>\t\t\t\t\t\t\t\t\t\t\t<\/div>\n\t\t\t\t<\/div>\n\t\t\t\t<\/div>\n\t\t\t\t\t\t<\/div>\n\t\t\t\t\t<\/div>\n\t\t<\/div>\n\t\t\t\t\t\t\t\t<\/div>\n\t\t\t\t\t<\/div>\n\t\t<\/section>\n\t\t\t\t<section class=\"elementor-section elementor-inner-section elementor-element elementor-element-218024eb elementor-section-boxed elementor-section-height-default elementor-section-height-default\" data-id=\"218024eb\" data-element_type=\"section\">\n\t\t\t\t\t\t<div class=\"elementor-container elementor-column-gap-wider\">\n\t\t\t\t\t\t\t<div class=\"elementor-row\">\n\t\t\t\t\t<div class=\"elementor-column elementor-col-100 elementor-inner-column elementor-element elementor-element-37712f57\" data-id=\"37712f57\" data-element_type=\"column\">\n\t\t\t<div class=\"elementor-column-wrap\">\n\t\t\t\t\t\t\t<div class=\"elementor-widget-wrap\">\n\t\t\t\t\t\t\t\t<\/div>\n\t\t\t\t\t<\/div>\n\t\t<\/div>\n\t\t\t\t\t\t\t\t<\/div>\n\t\t\t\t\t<\/div>\n\t\t<\/section>\n\t\t\t\t\t\t<\/div>\n\t\t\t\t\t<\/div>\n\t\t<\/div>\n\t\t\t\t\t\t\t\t<\/div>\n\t\t\t\t\t<\/div>\n\t\t<\/section>\n\t\t\t\t<section class=\"elementor-section elementor-top-section elementor-element elementor-element-91c7b89 elementor-section-boxed elementor-section-height-default elementor-section-height-default\" data-id=\"91c7b89\" data-element_type=\"section\">\n\t\t\t\t\t\t<div class=\"elementor-container elementor-column-gap-default\">\n\t\t\t\t\t\t\t<div class=\"elementor-row\">\n\t\t\t\t\t<div class=\"elementor-column elementor-col-100 elementor-top-column elementor-element elementor-element-2ca20a2\" data-id=\"2ca20a2\" data-element_type=\"column\">\n\t\t\t<div class=\"elementor-column-wrap elementor-element-populated\">\n\t\t\t\t\t\t\t<div class=\"elementor-widget-wrap\">\n\t\t\t\t\t\t<div class=\"elementor-element elementor-element-0803df6 elementor-widget elementor-widget-spacer\" data-id=\"0803df6\" data-element_type=\"widget\" data-widget_type=\"spacer.default\">\n\t\t\t\t<div class=\"elementor-widget-container\">\n\t\t\t\t\t<div class=\"elementor-spacer\">\n\t\t\t<div class=\"elementor-spacer-inner\"><\/div>\n\t\t<\/div>\n\t\t\t\t<\/div>\n\t\t\t\t<\/div>\n\t\t\t\t\t\t<\/div>\n\t\t\t\t\t<\/div>\n\t\t<\/div>\n\t\t\t\t\t\t\t\t<\/div>\n\t\t\t\t\t<\/div>\n\t\t<\/section>\n\t\t\t\t<section class=\"elementor-section elementor-top-section elementor-element elementor-element-214281de elementor-section-content-middle elementor-section-stretched elementor-section-boxed elementor-section-height-default elementor-section-height-default\" data-id=\"214281de\" data-element_type=\"section\" data-settings=\"{&quot;background_background&quot;:&quot;classic&quot;,&quot;stretch_section&quot;:&quot;section-stretched&quot;}\">\n\t\t\t\t\t\t\t<div class=\"elementor-background-overlay\"><\/div>\n\t\t\t\t\t\t\t<div class=\"elementor-container elementor-column-gap-no\">\n\t\t\t\t\t\t\t<div class=\"elementor-row\">\n\t\t\t\t\t<div class=\"elementor-column elementor-col-50 elementor-top-column elementor-element elementor-element-1f11dbe2\" data-id=\"1f11dbe2\" data-element_type=\"column\">\n\t\t\t<div class=\"elementor-column-wrap elementor-element-populated\">\n\t\t\t\t\t\t\t<div class=\"elementor-widget-wrap\">\n\t\t\t\t\t\t<div class=\"elementor-element elementor-element-23c3bad9 elementor-widget elementor-widget-heading\" data-id=\"23c3bad9\" data-element_type=\"widget\" data-widget_type=\"heading.default\">\n\t\t\t\t<div class=\"elementor-widget-container\">\n\t\t\t<h2 class=\"elementor-heading-title elementor-size-default\">La soluci\u00f3n para unos labios perfectos<\/h2>\t\t<\/div>\n\t\t\t\t<\/div>\n\t\t\t\t\t\t<\/div>\n\t\t\t\t\t<\/div>\n\t\t<\/div>\n\t\t\t\t<div class=\"elementor-column elementor-col-50 elementor-top-column elementor-element elementor-element-4f2497e4\" data-id=\"4f2497e4\" data-element_type=\"column\">\n\t\t\t<div class=\"elementor-column-wrap elementor-element-populated\">\n\t\t\t\t\t\t\t<div class=\"elementor-widget-wrap\">\n\t\t\t\t\t\t<div class=\"elementor-element elementor-element-7449ad9e elementor-align-right elementor-mobile-align-left elementor-widget elementor-widget-button\" data-id=\"7449ad9e\" data-element_type=\"widget\" data-widget_type=\"button.default\">\n\t\t\t\t<div class=\"elementor-widget-container\">\n\t\t\t\t\t<div class=\"elementor-button-wrapper\">\n\t\t\t<a href=\"https:\/\/www.dermaclinicspain.com\/contacto\/\" class=\"elementor-button-link elementor-button elementor-size-sm elementor-animation-grow\" role=\"button\">\n\t\t\t\t\t\t<span class=\"elementor-button-content-wrapper\">\n\t\t\t\t\t\t<span class=\"elementor-button-text\">Cons\u00faltanos<\/span>\n\t\t<\/span>\n\t\t\t\t\t<\/a>\n\t\t<\/div>\n\t\t\t\t<\/div>\n\t\t\t\t<\/div>\n\t\t\t\t\t\t<\/div>\n\t\t\t\t\t<\/div>\n\t\t<\/div>\n\t\t\t\t\t\t\t\t<\/div>\n\t\t\t\t\t<\/div>\n\t\t<\/section>\n\t\t\t\t\t\t<\/div>\n\t\t\t\t\t\t<\/div>\n\t\t\t\t\t<\/div>\n\t\t<\/div><\/div><\/div>","protected":false},"excerpt":{"rendered":"<p>Protesis Labial Permalip es una nueva pr\u00f3tesis que permite aumentar el volumen de los labios de manera indolora, obteniendo resultados naturales y permanentes Entre los m\u00e9todos que existen para aumentar el volumen de los labios, uno de los m\u00e1s innovadores es el Permalip. Se trata de una pr\u00f3tesis de silicona s\u00f3lida pero suave. Esta caracter\u00edstica [&hellip;]<\/p>\n","protected":false},"author":1,"featured_media":0,"parent":319,"menu_order":0,"comment_status":"closed","ping_status":"closed","template":"","meta":[],"_links":{"self":[{"href":"https:\/\/www.dermaclinicspain.com\/es\/wp-json\/wp\/v2\/pages\/3001"}],"collection":[{"href":"https:\/\/www.dermaclinicspain.com\/es\/wp-json\/wp\/v2\/pages"}],"about":[{"href":"https:\/\/www.dermaclinicspain.com\/es\/wp-json\/wp\/v2\/types\/page"}],"author":[{"embeddable":true,"href":"https:\/\/www.dermaclinicspain.com\/es\/wp-json\/wp\/v2\/users\/1"}],"replies":[{"embeddable":true,"href":"https:\/\/www.dermaclinicspain.com\/es\/wp-json\/wp\/v2\/comments?post=3001"}],"version-history":[{"count":3,"href":"https:\/\/www.dermaclinicspain.com\/es\/wp-json\/wp\/v2\/pages\/3001\/revisions"}],"predecessor-version":[{"id":3004,"href":"https:\/\/www.dermaclinicspain.com\/es\/wp-json\/wp\/v2\/pages\/3001\/revisions\/3004"}],"up":[{"embeddable":true,"href":"https:\/\/www.dermaclinicspain.com\/es\/wp-json\/wp\/v2\/pages\/319"}],"wp:attachment":[{"href":"https:\/\/www.dermaclinicspain.com\/es\/wp-json\/wp\/v2\/media?parent=3001"}],"curies":[{"name":"wp","href":"https:\/\/api.w.org\/{rel}","templated":true}]}}