{"id":2976,"date":"2021-07-05T17:51:42","date_gmt":"2021-07-05T17:51:42","guid":{"rendered":"https:\/\/www.dermaclinicspain.com\/?page_id=2976"},"modified":"2022-05-18T16:52:25","modified_gmt":"2022-05-18T16:52:25","slug":"plastia-parpados","status":"publish","type":"page","link":"https:\/\/www.dermaclinicspain.com\/es\/services\/plastia-parpados\/","title":{"rendered":"Plastia de P\u00e1rpados"},"content":{"rendered":"<div class=\"container container-xl py-5\"><div class=\"row\"><div class=\"col\">\t\t<div data-elementor-type=\"wp-page\" data-elementor-id=\"2976\" class=\"elementor elementor-2976\" data-elementor-settings=\"[]\">\n\t\t\t\t\t\t<div class=\"elementor-inner\">\n\t\t\t\t\t\t\t<div class=\"elementor-section-wrap\">\n\t\t\t\t\t\t\t<section class=\"elementor-section elementor-top-section elementor-element elementor-element-14eb83e elementor-section-boxed elementor-section-height-default elementor-section-height-default\" data-id=\"14eb83e\" data-element_type=\"section\">\n\t\t\t\t\t\t<div class=\"elementor-container elementor-column-gap-default\">\n\t\t\t\t\t\t\t<div class=\"elementor-row\">\n\t\t\t\t\t<div class=\"elementor-column elementor-col-100 elementor-top-column elementor-element elementor-element-f2d8589\" data-id=\"f2d8589\" data-element_type=\"column\">\n\t\t\t<div class=\"elementor-column-wrap\">\n\t\t\t\t\t\t\t<div class=\"elementor-widget-wrap\">\n\t\t\t\t\t\t\t\t<\/div>\n\t\t\t\t\t<\/div>\n\t\t<\/div>\n\t\t\t\t\t\t\t\t<\/div>\n\t\t\t\t\t<\/div>\n\t\t<\/section>\n\t\t\t\t<section class=\"elementor-section elementor-top-section elementor-element elementor-element-dcc8148 elementor-section-boxed elementor-section-height-default elementor-section-height-default\" data-id=\"dcc8148\" data-element_type=\"section\">\n\t\t\t\t\t\t<div class=\"elementor-container elementor-column-gap-default\">\n\t\t\t\t\t\t\t<div class=\"elementor-row\">\n\t\t\t\t\t<div class=\"elementor-column elementor-col-100 elementor-top-column elementor-element elementor-element-f29f750\" data-id=\"f29f750\" data-element_type=\"column\">\n\t\t\t<div class=\"elementor-column-wrap elementor-element-populated\">\n\t\t\t\t\t\t\t<div class=\"elementor-widget-wrap\">\n\t\t\t\t\t\t<div class=\"elementor-element elementor-element-2c5a97f elementor-widget elementor-widget-heading\" data-id=\"2c5a97f\" data-element_type=\"widget\" data-widget_type=\"heading.default\">\n\t\t\t\t<div class=\"elementor-widget-container\">\n\t\t\t<h2 class=\"elementor-heading-title elementor-size-default\">Blefaroplastia<\/h2>\t\t<\/div>\n\t\t\t\t<\/div>\n\t\t\t\t<div class=\"elementor-element elementor-element-391f82e elementor-widget-divider--view-line elementor-widget elementor-widget-divider\" data-id=\"391f82e\" data-element_type=\"widget\" data-widget_type=\"divider.default\">\n\t\t\t\t<div class=\"elementor-widget-container\">\n\t\t\t\t\t<div class=\"elementor-divider\">\n\t\t\t<span class=\"elementor-divider-separator\">\n\t\t\t\t\t\t<\/span>\n\t\t<\/div>\n\t\t\t\t<\/div>\n\t\t\t\t<\/div>\n\t\t\t\t\t\t<\/div>\n\t\t\t\t\t<\/div>\n\t\t<\/div>\n\t\t\t\t\t\t\t\t<\/div>\n\t\t\t\t\t<\/div>\n\t\t<\/section>\n\t\t\t\t<section class=\"elementor-section elementor-top-section elementor-element elementor-element-f012042 elementor-section-boxed elementor-section-height-default elementor-section-height-default\" data-id=\"f012042\" data-element_type=\"section\">\n\t\t\t\t\t\t<div class=\"elementor-container elementor-column-gap-default\">\n\t\t\t\t\t\t\t<div class=\"elementor-row\">\n\t\t\t\t\t<div class=\"elementor-column elementor-col-50 elementor-top-column elementor-element elementor-element-375953a\" data-id=\"375953a\" data-element_type=\"column\">\n\t\t\t<div class=\"elementor-column-wrap elementor-element-populated\">\n\t\t\t\t\t\t\t<div class=\"elementor-widget-wrap\">\n\t\t\t\t\t\t<div class=\"elementor-element elementor-element-16edb1c elementor-widget elementor-widget-text-editor\" data-id=\"16edb1c\" data-element_type=\"widget\" data-widget_type=\"text-editor.default\">\n\t\t\t\t<div class=\"elementor-widget-container\">\n\t\t\t\t\t<div class=\"elementor-text-editor elementor-clearfix\"><p>La blefaroplastia es una cirug\u00eda que se realiza para reparar los p\u00e1rpados ca\u00eddos y con exceso de piel. La cirug\u00eda consiste en la eliminaci\u00f3n del exceso de piel, m\u00fasculo y grasa mediante peque\u00f1as incisiones y extracci\u00f3n de los tejidos sobrantes.\u00a0<\/p><p>Eres candidato a una blefaroplastia si presentas las siguientes caracter\u00edsticas:<\/p><ul><li>Bolsas o flacidez en los p\u00e1rpados superiores<\/li><li>Exceso de piel en los p\u00e1rpados superiores que interfieren con la visi\u00f3n perif\u00e9rica<\/li><li>Exceso de piel en los p\u00e1rpados inferiores<\/li><li>Bolsas debajo de los ojos<\/li><\/ul><p>En Derma Clinic Spain, el doctor Sergiu Vieru realiza esta cirug\u00eda menor en la propia consulta, con anestesia local y sin necesidad de hospitalizaci\u00f3n.<\/p><p>A pesar de ser una cirug\u00eda menor sin apenas riesgos, como toda cirug\u00eda conlleva unos posibles riesgos, que son los siguientes:<\/p><ul><li>Infecci\u00f3n y sangrado<\/li><li>Ojos secos e irritados<\/li><li>Dificultad para cerrar los ojos u otros problemas con los p\u00e1rpados<\/li><li>Cicatrices evidentes<\/li><li>Lesi\u00f3n en los m\u00fasculos del ojo<\/li><li>Cambios de color en la piel<\/li><li>La necesidad de una cirug\u00eda de seguimiento<\/li><li>Visi\u00f3n temporalmente borrosa<\/li><\/ul><\/div>\n\t\t\t\t<\/div>\n\t\t\t\t<\/div>\n\t\t\t\t\t\t<\/div>\n\t\t\t\t\t<\/div>\n\t\t<\/div>\n\t\t\t\t<div class=\"elementor-column elementor-col-50 elementor-top-column elementor-element elementor-element-a8edfad\" data-id=\"a8edfad\" data-element_type=\"column\">\n\t\t\t<div class=\"elementor-column-wrap elementor-element-populated\">\n\t\t\t\t\t\t\t<div class=\"elementor-widget-wrap\">\n\t\t\t\t\t\t<div class=\"elementor-element elementor-element-3e16c13 elementor-widget elementor-widget-shortcode\" data-id=\"3e16c13\" data-element_type=\"widget\" data-widget_type=\"shortcode.default\">\n\t\t\t\t<div class=\"elementor-widget-container\">\n\t\t\t\t\t<div class=\"elementor-shortcode\">\r\n\t\r\n\t<style>\r\n\t\t.slider-info-4016.bafg-slider-info .bafg-slider-title {\r\n\t\t\t\t\t\tfont-size: 22px;\r\n\t\t\t\t\t\t\r\n\t\t\t\r\n\t\t\t\t\t}\r\n\r\n\t\t.slider-info-4016.bafg-slider-info .bafg-slider-description {\r\n\t\t\t\r\n\t\t\t\r\n\t\t\t\t\t}\r\n\r\n\t\t.slider-info-4016.bafg-slider-info .bafg_slider_readmore_button {\r\n\t\t\t\r\n\t\t\t\r\n\t\t\t\r\n\t\t\t\r\n\t\t\t\r\n\t\t\ttext-align: center;\r\n\r\n\t\t\t\r\n\t\t\t\r\n\t\t\t\r\n\t\t\t\r\n\t\t\t\r\n\t\t\t\r\n\t\t\t\t\t}\r\n\r\n\t\t.slider-info-4016.bafg-slider-info .bafg_slider_readmore_button:hover {\r\n\r\n\t\t\t\r\n\t\t\t\r\n\t\t\t\t\t}\r\n\r\n\t<\/style>\r\n\t\r\n<div class=\"bafg-twentytwenty-container slider-4016 \" bafg-orientation=\"horizontal\" bafg-default-offset=\"0.5\" bafg-before-label=\"Before\" bafg-after-label=\"After\" bafg-overlay=\"yes\" bafg-move-slider-on-hover=\"no\" bafg-click-to-move=\"no\">\r\n    <img class=\"skip-lazy\" data-skip-lazy src=\"https:\/\/www.dermaclinicspain.com\/wp-content\/uploads\/2021\/11\/antes.jpg\" alt=\"Before Image\">\r\n    <img class=\"skip-lazy\" data-skip-lazy src=\"https:\/\/www.dermaclinicspain.com\/wp-content\/uploads\/2021\/11\/despues.jpg\" alt=\"After Image\">\r\n<\/div>\r\n\r\n\t<div class=\"bafg-slider-info-wraper\">\r\n\t\t<div style=\"\" class=\"slider-info-4016 bafg-slider-info\">\r\n\t\t\t\t\t<\/div>\r\n\t<\/div>\r\n\t\r\n<style>\r\n    \r\n<\/style>\r\n<\/div>\n\t\t\t\t<\/div>\n\t\t\t\t<\/div>\n\t\t\t\t<div class=\"elementor-element elementor-element-b8b23e8 elementor-widget elementor-widget-text-editor\" data-id=\"b8b23e8\" data-element_type=\"widget\" data-widget_type=\"text-editor.default\">\n\t\t\t\t<div class=\"elementor-widget-container\">\n\t\t\t\t\t<div class=\"elementor-text-editor elementor-clearfix\"><p>Para evitar estas complicaciones, el paciente tendr\u00e1 un seguimiento exhaustivo por parte de todo el equipo de Derma Clinic Spain, y deber\u00e1 acudir a sus citas de revisi\u00f3n.<\/p><h3><strong>La primera cita de valoraci\u00f3n es completamente gratuita.<\/strong><\/h3><\/div>\n\t\t\t\t<\/div>\n\t\t\t\t<\/div>\n\t\t\t\t\t\t<\/div>\n\t\t\t\t\t<\/div>\n\t\t<\/div>\n\t\t\t\t\t\t\t\t<\/div>\n\t\t\t\t\t<\/div>\n\t\t<\/section>\n\t\t\t\t<section class=\"elementor-section elementor-top-section elementor-element elementor-element-a03c070 elementor-section-boxed elementor-section-height-default elementor-section-height-default\" data-id=\"a03c070\" data-element_type=\"section\">\n\t\t\t\t\t\t<div class=\"elementor-container elementor-column-gap-no\">\n\t\t\t\t\t\t\t<div class=\"elementor-row\">\n\t\t\t\t\t<div class=\"elementor-column elementor-col-33 elementor-top-column elementor-element elementor-element-5d31ec7\" data-id=\"5d31ec7\" data-element_type=\"column\">\n\t\t\t<div class=\"elementor-column-wrap\">\n\t\t\t\t\t\t\t<div class=\"elementor-widget-wrap\">\n\t\t\t\t\t\t\t\t<\/div>\n\t\t\t\t\t<\/div>\n\t\t<\/div>\n\t\t\t\t<div class=\"elementor-column elementor-col-66 elementor-top-column elementor-element elementor-element-b9dd1c8\" data-id=\"b9dd1c8\" data-element_type=\"column\">\n\t\t\t<div class=\"elementor-column-wrap\">\n\t\t\t\t\t\t\t<div class=\"elementor-widget-wrap\">\n\t\t\t\t\t\t\t\t<\/div>\n\t\t\t\t\t<\/div>\n\t\t<\/div>\n\t\t\t\t\t\t\t\t<\/div>\n\t\t\t\t\t<\/div>\n\t\t<\/section>\n\t\t\t\t<section class=\"elementor-section elementor-top-section elementor-element elementor-element-7023c075 elementor-section-stretched elementor-section-content-middle elementor-section-boxed elementor-section-height-default elementor-section-height-default\" data-id=\"7023c075\" data-element_type=\"section\" data-settings=\"{&quot;stretch_section&quot;:&quot;section-stretched&quot;}\">\n\t\t\t\t\t\t\t<div class=\"elementor-background-overlay\"><\/div>\n\t\t\t\t\t\t\t<div class=\"elementor-container elementor-column-gap-default\">\n\t\t\t\t\t\t\t<div class=\"elementor-row\">\n\t\t\t\t\t<div class=\"elementor-column elementor-col-100 elementor-top-column elementor-element elementor-element-78da5743\" data-id=\"78da5743\" data-element_type=\"column\">\n\t\t\t<div class=\"elementor-column-wrap elementor-element-populated\">\n\t\t\t\t\t\t\t<div class=\"elementor-widget-wrap\">\n\t\t\t\t\t\t<div class=\"elementor-element elementor-element-5e13d27 elementor-widget elementor-widget-heading\" data-id=\"5e13d27\" data-element_type=\"widget\" data-widget_type=\"heading.default\">\n\t\t\t\t<div class=\"elementor-widget-container\">\n\t\t\t<h1 class=\"elementor-heading-title elementor-size-default\">\u00a1Para una consulta pide cita por tel\u00e9fono o rellena nuestro formulario y empieza a cuidarte!<\/h1>\t\t<\/div>\n\t\t\t\t<\/div>\n\t\t\t\t<div class=\"elementor-element elementor-element-787a3879 elementor-align-center elementor-mobile-align-left elementor-widget__width-auto elementor-widget elementor-widget-button\" data-id=\"787a3879\" data-element_type=\"widget\" data-widget_type=\"button.default\">\n\t\t\t\t<div class=\"elementor-widget-container\">\n\t\t\t\t\t<div class=\"elementor-button-wrapper\">\n\t\t\t<a href=\"https:\/\/www.dermaclinicspain.com\/contacto\/\" class=\"elementor-button-link elementor-button elementor-size-sm elementor-animation-grow\" role=\"button\">\n\t\t\t\t\t\t<span class=\"elementor-button-content-wrapper\">\n\t\t\t\t\t\t<span class=\"elementor-button-text\">Cons\u00faltanos<\/span>\n\t\t<\/span>\n\t\t\t\t\t<\/a>\n\t\t<\/div>\n\t\t\t\t<\/div>\n\t\t\t\t<\/div>\n\t\t\t\t\t\t<\/div>\n\t\t\t\t\t<\/div>\n\t\t<\/div>\n\t\t\t\t\t\t\t\t<\/div>\n\t\t\t\t\t<\/div>\n\t\t<\/section>\n\t\t\t\t\t\t<\/div>\n\t\t\t\t\t\t<\/div>\n\t\t\t\t\t<\/div>\n\t\t<\/div><\/div><\/div>","protected":false},"excerpt":{"rendered":"<p>Blefaroplastia La blefaroplastia es una cirug\u00eda que se realiza para reparar los p\u00e1rpados ca\u00eddos y con exceso de piel. La cirug\u00eda consiste en la eliminaci\u00f3n del exceso de piel, m\u00fasculo y grasa mediante peque\u00f1as incisiones y extracci\u00f3n de los tejidos sobrantes.\u00a0 Eres candidato a una blefaroplastia si presentas las siguientes caracter\u00edsticas: Bolsas o flacidez en [&hellip;]<\/p>\n","protected":false},"author":1,"featured_media":0,"parent":319,"menu_order":0,"comment_status":"closed","ping_status":"closed","template":"","meta":[],"_links":{"self":[{"href":"https:\/\/www.dermaclinicspain.com\/es\/wp-json\/wp\/v2\/pages\/2976"}],"collection":[{"href":"https:\/\/www.dermaclinicspain.com\/es\/wp-json\/wp\/v2\/pages"}],"about":[{"href":"https:\/\/www.dermaclinicspain.com\/es\/wp-json\/wp\/v2\/types\/page"}],"author":[{"embeddable":true,"href":"https:\/\/www.dermaclinicspain.com\/es\/wp-json\/wp\/v2\/users\/1"}],"replies":[{"embeddable":true,"href":"https:\/\/www.dermaclinicspain.com\/es\/wp-json\/wp\/v2\/comments?post=2976"}],"version-history":[{"count":46,"href":"https:\/\/www.dermaclinicspain.com\/es\/wp-json\/wp\/v2\/pages\/2976\/revisions"}],"predecessor-version":[{"id":4904,"href":"https:\/\/www.dermaclinicspain.com\/es\/wp-json\/wp\/v2\/pages\/2976\/revisions\/4904"}],"up":[{"embeddable":true,"href":"https:\/\/www.dermaclinicspain.com\/es\/wp-json\/wp\/v2\/pages\/319"}],"wp:attachment":[{"href":"https:\/\/www.dermaclinicspain.com\/es\/wp-json\/wp\/v2\/media?parent=2976"}],"curies":[{"name":"wp","href":"https:\/\/api.w.org\/{rel}","templated":true}]}}