{"id":2943,"date":"2021-07-05T17:02:48","date_gmt":"2021-07-05T17:02:48","guid":{"rendered":"https:\/\/www.dermaclinicspain.com\/?page_id=2943"},"modified":"2022-09-14T09:32:57","modified_gmt":"2022-09-14T09:32:57","slug":"botox-relleno","status":"publish","type":"page","link":"https:\/\/www.dermaclinicspain.com\/es\/services\/botox-relleno\/","title":{"rendered":"Botox \/ relleno"},"content":{"rendered":"<div class=\"container container-xl py-5\"><div class=\"row\"><div class=\"col\">\t\t<div data-elementor-type=\"wp-page\" data-elementor-id=\"2943\" class=\"elementor elementor-2943\" data-elementor-settings=\"[]\">\n\t\t\t\t\t\t<div class=\"elementor-inner\">\n\t\t\t\t\t\t\t<div class=\"elementor-section-wrap\">\n\t\t\t\t\t\t\t<section class=\"elementor-section elementor-top-section elementor-element elementor-element-25441289 elementor-section-stretched elementor-section-boxed elementor-section-height-default elementor-section-height-default\" data-id=\"25441289\" data-element_type=\"section\" data-settings=\"{&quot;stretch_section&quot;:&quot;section-stretched&quot;}\">\n\t\t\t\t\t\t<div class=\"elementor-container elementor-column-gap-no\">\n\t\t\t\t\t\t\t<div class=\"elementor-row\">\n\t\t\t\t\t<div class=\"elementor-column elementor-col-100 elementor-top-column elementor-element elementor-element-6ffcf487\" data-id=\"6ffcf487\" data-element_type=\"column\">\n\t\t\t<div class=\"elementor-column-wrap elementor-element-populated\">\n\t\t\t\t\t\t\t<div class=\"elementor-widget-wrap\">\n\t\t\t\t\t\t<section class=\"elementor-section elementor-inner-section elementor-element elementor-element-4a00f8a elementor-section-boxed elementor-section-height-default elementor-section-height-default\" data-id=\"4a00f8a\" data-element_type=\"section\">\n\t\t\t\t\t\t<div class=\"elementor-container elementor-column-gap-wider\">\n\t\t\t\t\t\t\t<div class=\"elementor-row\">\n\t\t\t\t\t<div class=\"elementor-column elementor-col-50 elementor-inner-column elementor-element elementor-element-58cf19d\" data-id=\"58cf19d\" data-element_type=\"column\">\n\t\t\t<div class=\"elementor-column-wrap elementor-element-populated\">\n\t\t\t\t\t\t\t<div class=\"elementor-widget-wrap\">\n\t\t\t\t\t\t<div class=\"elementor-element elementor-element-2dbaddda elementor-hidden-phone elementor-widget elementor-widget-gyan_title\" data-id=\"2dbaddda\" data-element_type=\"widget\" data-widget_type=\"gyan_title.default\">\n\t\t\t\t<div class=\"elementor-widget-container\">\n\t\t\t\t\t<div class=\"gyan-title\">\r\n\t\t\t<h1 class=\"gyan-title-heading\">Botox y rellenos<\/h1>\t\t<\/div>\r\n\t\t\t\t<\/div>\n\t\t\t\t<\/div>\n\t\t\t\t<div class=\"elementor-element elementor-element-d1e2496 elementor-hidden-desktop elementor-hidden-tablet elementor-widget elementor-widget-gyan_title\" data-id=\"d1e2496\" data-element_type=\"widget\" data-widget_type=\"gyan_title.default\">\n\t\t\t\t<div class=\"elementor-widget-container\">\n\t\t\t\t\t<div class=\"gyan-title\">\r\n\t\t\t<h1 class=\"gyan-title-heading\">Botox y rellenos<\/h1>\t\t<\/div>\r\n\t\t\t\t<\/div>\n\t\t\t\t<\/div>\n\t\t\t\t<div class=\"elementor-element elementor-element-fcc62dc elementor-hidden-phone elementor-widget-divider--view-line elementor-widget elementor-widget-divider\" data-id=\"fcc62dc\" data-element_type=\"widget\" data-widget_type=\"divider.default\">\n\t\t\t\t<div class=\"elementor-widget-container\">\n\t\t\t\t\t<div class=\"elementor-divider\">\n\t\t\t<span class=\"elementor-divider-separator\">\n\t\t\t\t\t\t<\/span>\n\t\t<\/div>\n\t\t\t\t<\/div>\n\t\t\t\t<\/div>\n\t\t\t\t<div class=\"elementor-element elementor-element-95d6cd3 elementor-widget elementor-widget-text-editor\" data-id=\"95d6cd3\" data-element_type=\"widget\" data-widget_type=\"text-editor.default\">\n\t\t\t\t<div class=\"elementor-widget-container\">\n\t\t\t\t\t<div class=\"elementor-text-editor elementor-clearfix\"><h3>\u00bfQu\u00e9 son los rellenos faciales?&nbsp;&nbsp;&nbsp; &nbsp;&nbsp;&nbsp; &nbsp;&nbsp;&nbsp; &nbsp;&nbsp;&nbsp;<\/h3>\n<p>Los&nbsp;<b>rellenos faciales<\/b> consisten en inyecciones de diversos materiales que se introducen en el interior de la piel para borrar <b>arrugas<\/b>, rellenar depresiones y mejorar la forma de la cara, otorgando un aspecto m\u00e1s juvenil mediante procedimientos m\u00ednimamente invasivos.&nbsp;<\/p>\n<p>La inyecci\u00f3n de un relleno facial generalmente es un procedimiento ambulatorio que se lleva a cabo con anestesia local. El procedimiento puede llevar hasta una hora y sus resultados durar meses.<\/p><\/div>\n\t\t\t\t<\/div>\n\t\t\t\t<\/div>\n\t\t\t\t<div class=\"elementor-element elementor-element-bf0d2fb elementor-widget elementor-widget-image\" data-id=\"bf0d2fb\" data-element_type=\"widget\" data-widget_type=\"image.default\">\n\t\t\t\t<div class=\"elementor-widget-container\">\n\t\t\t\t\t<div class=\"elementor-image\">\n\t\t\t\t\t\t\t\t\t\t<img width=\"600\" height=\"600\" src=\"https:\/\/www.dermaclinicspain.com\/wp-content\/uploads\/2022\/09\/image_6487327-copia-7-600x600.jpg\" class=\"attachment-ezy-square-medium size-ezy-square-medium\" alt=\"\" loading=\"lazy\" srcset=\"https:\/\/www.dermaclinicspain.com\/wp-content\/uploads\/2022\/09\/image_6487327-copia-7-600x600.jpg 600w, https:\/\/www.dermaclinicspain.com\/wp-content\/uploads\/2022\/09\/image_6487327-copia-7-150x150.jpg 150w, https:\/\/www.dermaclinicspain.com\/wp-content\/uploads\/2022\/09\/image_6487327-copia-7-200x200.jpg 200w, https:\/\/www.dermaclinicspain.com\/wp-content\/uploads\/2022\/09\/image_6487327-copia-7-1000x1000.jpg 1000w, https:\/\/www.dermaclinicspain.com\/wp-content\/uploads\/2022\/09\/image_6487327-copia-7-25x25.jpg 25w, https:\/\/www.dermaclinicspain.com\/wp-content\/uploads\/2022\/09\/image_6487327-copia-7-70x70.jpg 70w, https:\/\/www.dermaclinicspain.com\/wp-content\/uploads\/2022\/09\/image_6487327-copia-7-45x45.jpg 45w, https:\/\/www.dermaclinicspain.com\/wp-content\/uploads\/2022\/09\/image_6487327-copia-7-300x300.jpg 300w, https:\/\/www.dermaclinicspain.com\/wp-content\/uploads\/2022\/09\/image_6487327-copia-7-100x100.jpg 100w\" sizes=\"(max-width: 600px) 100vw, 600px\" \/>\t\t\t\t\t\t\t\t\t\t\t<\/div>\n\t\t\t\t<\/div>\n\t\t\t\t<\/div>\n\t\t\t\t\t\t<\/div>\n\t\t\t\t\t<\/div>\n\t\t<\/div>\n\t\t\t\t<div class=\"elementor-column elementor-col-50 elementor-inner-column elementor-element elementor-element-5702108\" data-id=\"5702108\" data-element_type=\"column\">\n\t\t\t<div class=\"elementor-column-wrap elementor-element-populated\">\n\t\t\t\t\t\t\t<div class=\"elementor-widget-wrap\">\n\t\t\t\t\t\t<div class=\"elementor-element elementor-element-cd283d2 elementor-widget elementor-widget-text-editor\" data-id=\"cd283d2\" data-element_type=\"widget\" data-widget_type=\"text-editor.default\">\n\t\t\t\t<div class=\"elementor-widget-container\">\n\t\t\t\t\t<div class=\"elementor-text-editor elementor-clearfix\"><h3><strong>B\u00f3tox:<\/strong> c\u00f3mo funciona la toxina botul\u00ednica<\/h3><p>Es el tratamiento estrella para tratar las arrugas de expresi\u00f3n. Mediante micro-inyecciones, se introduce a nivel muscular una cantidad m\u00ednima de toxina botul\u00ednica que disminuye la fuerza muscular y la apariencia de las arrugas din\u00e1micas.\u00a0<\/p><p>Sus efectos no son definitivos, y tienden a reducirse a partir de los tres o cuatro meses y desaparecer entre el quinto y el sexto mes; pudiendo entonces repetirse el tratamiento.<\/p><\/div>\n\t\t\t\t<\/div>\n\t\t\t\t<\/div>\n\t\t\t\t<div class=\"elementor-element elementor-element-374d332 elementor-widget elementor-widget-text-editor\" data-id=\"374d332\" data-element_type=\"widget\" data-widget_type=\"text-editor.default\">\n\t\t\t\t<div class=\"elementor-widget-container\">\n\t\t\t\t\t<div class=\"elementor-text-editor elementor-clearfix\"><h3><strong>Otros rellenos<\/strong>: \u00e1cido hialur\u00f3nico<\/h3><p>Estos tratamientos son aquellos necesarios para recuperar la p\u00e9rdida de elasticidad en nuestra piel que se produce en nuestro cuerpo tras el paso de los a\u00f1os, p\u00e9rdidas de peso o simplemente para mejorar su aspecto modelando el perfil facial.\u00a0<\/p><p>As\u00ed, el \u00e1cido hialur\u00f3nico se utiliza inyect\u00e1ndose mediante micro-inyecciones en nuestro cuerpo con agujas muy finas.<\/p><\/div>\n\t\t\t\t<\/div>\n\t\t\t\t<\/div>\n\t\t\t\t<div class=\"elementor-element elementor-element-ddd79a9 elementor-widget elementor-widget-text-editor\" data-id=\"ddd79a9\" data-element_type=\"widget\" data-widget_type=\"text-editor.default\">\n\t\t\t\t<div class=\"elementor-widget-container\">\n\t\t\t\t\t<div class=\"elementor-text-editor elementor-clearfix\"><h3><span style=\"font-weight: bolder; line-height: 1; color: #1c1f21;\">Elansee<\/span>\u2026<br \/>QU\u00c9 ES ELLANSE\u00ae:<\/h3><p><em>Ellanse\u00ae<\/em>: El bioestimulador de col\u00e1geno reabsorbible a medida. Es un relleno aut\u00f3logo (generado por el propio cuerpo) que se diferencia de otros rellenos d\u00e9rmicos porque tiene una durabilidad ajustable de 1 a 3 a\u00f1os. Combina una correcci\u00f3n de las arrugas y los pliegues con la producci\u00f3n de col\u00e1geno natural por el propio cuerpo.<\/p><h3><strong>LAS VENTAJAS \u00daNICAS DE\u00a0<em>ELLANSE\u00ae<\/em>:<\/strong><\/h3><ul><li>Acci\u00f3n prolongada durante la duraci\u00f3n escogida con s\u00f3lo una sesi\u00f3n<\/li><li>Diferentes niveles de acci\u00f3n dependiendo de las necesidades de cada paciente<\/li><li>Tratamiento totalmente bioreabsorbible con resultados predecibles, controlables y ajustables y alto perfil de seguridad.<\/li><\/ul><h3><strong>ACCI\u00d3N 2 EN 1<\/strong>:<\/h3><ol><li><strong>Correcci\u00f3n inmediata:<\/strong> el <em>Gel de CMC<\/em> provee un efecto relleno inicial y correcci\u00f3n inmediata parcial.<\/li><li><strong>Voluminizaci\u00f3n duradera mediante la estimulaci\u00f3n de col\u00e1geno:<\/strong> las microesferas de <strong>PLC<\/strong>\u00a0estimulan la neocolag\u00e9nesis (la producci\u00f3n de nuevo col\u00e1geno por el propio cuerpo)<\/li><\/ol><p><em>Ellanse \u00ae<\/em>\u00a0se diferencia de otros rellenos d\u00e9rmicos, debido a las caracter\u00edsticas de rendimiento sostenido total y controlado. Esto significa que\u00a0<em>Ellanse \u00ae<\/em>\u00a0mantendr\u00e1 una correcci\u00f3n completa hasta que sea totalmente eliminado de su cuerpo tras haber alcanzado la duraci\u00f3n rendimiento deseados..<\/p><\/div>\n\t\t\t\t<\/div>\n\t\t\t\t<\/div>\n\t\t\t\t\t\t<\/div>\n\t\t\t\t\t<\/div>\n\t\t<\/div>\n\t\t\t\t\t\t\t\t<\/div>\n\t\t\t\t\t<\/div>\n\t\t<\/section>\n\t\t\t\t\t\t<\/div>\n\t\t\t\t\t<\/div>\n\t\t<\/div>\n\t\t\t\t\t\t\t\t<\/div>\n\t\t\t\t\t<\/div>\n\t\t<\/section>\n\t\t\t\t<section class=\"elementor-section elementor-top-section elementor-element elementor-element-91c7b89 elementor-section-boxed elementor-section-height-default elementor-section-height-default\" data-id=\"91c7b89\" data-element_type=\"section\">\n\t\t\t\t\t\t<div class=\"elementor-container elementor-column-gap-default\">\n\t\t\t\t\t\t\t<div class=\"elementor-row\">\n\t\t\t\t\t<div class=\"elementor-column elementor-col-100 elementor-top-column elementor-element elementor-element-2ca20a2\" data-id=\"2ca20a2\" data-element_type=\"column\">\n\t\t\t<div class=\"elementor-column-wrap elementor-element-populated\">\n\t\t\t\t\t\t\t<div class=\"elementor-widget-wrap\">\n\t\t\t\t\t\t<div class=\"elementor-element elementor-element-0803df6 elementor-widget elementor-widget-spacer\" data-id=\"0803df6\" data-element_type=\"widget\" data-widget_type=\"spacer.default\">\n\t\t\t\t<div class=\"elementor-widget-container\">\n\t\t\t\t\t<div class=\"elementor-spacer\">\n\t\t\t<div class=\"elementor-spacer-inner\"><\/div>\n\t\t<\/div>\n\t\t\t\t<\/div>\n\t\t\t\t<\/div>\n\t\t\t\t\t\t<\/div>\n\t\t\t\t\t<\/div>\n\t\t<\/div>\n\t\t\t\t\t\t\t\t<\/div>\n\t\t\t\t\t<\/div>\n\t\t<\/section>\n\t\t\t\t<section class=\"elementor-section elementor-top-section elementor-element elementor-element-114757de elementor-section-stretched elementor-section-content-middle elementor-section-height-min-height elementor-section-boxed elementor-section-height-default elementor-section-items-middle\" data-id=\"114757de\" data-element_type=\"section\" data-settings=\"{&quot;stretch_section&quot;:&quot;section-stretched&quot;}\">\n\t\t\t\t\t\t\t<div class=\"elementor-background-overlay\"><\/div>\n\t\t\t\t\t\t\t<div class=\"elementor-container elementor-column-gap-wide\">\n\t\t\t\t\t\t\t<div class=\"elementor-row\">\n\t\t\t\t\t<div class=\"elementor-column elementor-col-100 elementor-top-column elementor-element elementor-element-7d50df3d\" data-id=\"7d50df3d\" data-element_type=\"column\">\n\t\t\t<div class=\"elementor-column-wrap elementor-element-populated\">\n\t\t\t\t\t\t\t<div class=\"elementor-widget-wrap\">\n\t\t\t\t\t\t<div class=\"elementor-element elementor-element-41417521 elementor-widget elementor-widget-heading\" data-id=\"41417521\" data-element_type=\"widget\" data-widget_type=\"heading.default\">\n\t\t\t\t<div class=\"elementor-widget-container\">\n\t\t\t<h1 class=\"elementor-heading-title elementor-size-default\">\u00a1Para una consulta pide cita por tel\u00e9fono o rellena nuestro formulario y empieza a cuidarte!<\/h1>\t\t<\/div>\n\t\t\t\t<\/div>\n\t\t\t\t<div class=\"elementor-element elementor-element-766ef7da elementor-align-center elementor-mobile-align-left elementor-widget__width-auto elementor-widget elementor-widget-button\" data-id=\"766ef7da\" data-element_type=\"widget\" data-widget_type=\"button.default\">\n\t\t\t\t<div class=\"elementor-widget-container\">\n\t\t\t\t\t<div class=\"elementor-button-wrapper\">\n\t\t\t<a href=\"https:\/\/www.dermaclinicspain.com\/contacto\/\" class=\"elementor-button-link elementor-button elementor-size-sm elementor-animation-grow\" role=\"button\">\n\t\t\t\t\t\t<span class=\"elementor-button-content-wrapper\">\n\t\t\t\t\t\t<span class=\"elementor-button-text\">Cons\u00faltanos<\/span>\n\t\t<\/span>\n\t\t\t\t\t<\/a>\n\t\t<\/div>\n\t\t\t\t<\/div>\n\t\t\t\t<\/div>\n\t\t\t\t\t\t<\/div>\n\t\t\t\t\t<\/div>\n\t\t<\/div>\n\t\t\t\t\t\t\t\t<\/div>\n\t\t\t\t\t<\/div>\n\t\t<\/section>\n\t\t\t\t\t\t<\/div>\n\t\t\t\t\t\t<\/div>\n\t\t\t\t\t<\/div>\n\t\t<\/div><\/div><\/div>","protected":false},"excerpt":{"rendered":"<p>Botox y rellenos Botox y rellenos \u00bfQu\u00e9 son los rellenos faciales?&nbsp;&nbsp;&nbsp; &nbsp;&nbsp;&nbsp; &nbsp;&nbsp;&nbsp; &nbsp;&nbsp;&nbsp; Los&nbsp;rellenos faciales consisten en inyecciones de diversos materiales que se introducen en el interior de la piel para borrar arrugas, rellenar depresiones y mejorar la forma de la cara, otorgando un aspecto m\u00e1s juvenil mediante procedimientos m\u00ednimamente invasivos.&nbsp; La inyecci\u00f3n de [&hellip;]<\/p>\n","protected":false},"author":1,"featured_media":0,"parent":319,"menu_order":0,"comment_status":"closed","ping_status":"closed","template":"","meta":[],"_links":{"self":[{"href":"https:\/\/www.dermaclinicspain.com\/es\/wp-json\/wp\/v2\/pages\/2943"}],"collection":[{"href":"https:\/\/www.dermaclinicspain.com\/es\/wp-json\/wp\/v2\/pages"}],"about":[{"href":"https:\/\/www.dermaclinicspain.com\/es\/wp-json\/wp\/v2\/types\/page"}],"author":[{"embeddable":true,"href":"https:\/\/www.dermaclinicspain.com\/es\/wp-json\/wp\/v2\/users\/1"}],"replies":[{"embeddable":true,"href":"https:\/\/www.dermaclinicspain.com\/es\/wp-json\/wp\/v2\/comments?post=2943"}],"version-history":[{"count":32,"href":"https:\/\/www.dermaclinicspain.com\/es\/wp-json\/wp\/v2\/pages\/2943\/revisions"}],"predecessor-version":[{"id":5062,"href":"https:\/\/www.dermaclinicspain.com\/es\/wp-json\/wp\/v2\/pages\/2943\/revisions\/5062"}],"up":[{"embeddable":true,"href":"https:\/\/www.dermaclinicspain.com\/es\/wp-json\/wp\/v2\/pages\/319"}],"wp:attachment":[{"href":"https:\/\/www.dermaclinicspain.com\/es\/wp-json\/wp\/v2\/media?parent=2943"}],"curies":[{"name":"wp","href":"https:\/\/api.w.org\/{rel}","templated":true}]}}