{"id":3096,"date":"2021-07-07T17:26:01","date_gmt":"2021-07-07T17:26:01","guid":{"rendered":"https:\/\/www.dermaclinicspain.com\/?page_id=3096"},"modified":"2022-02-23T20:56:36","modified_gmt":"2022-02-23T20:56:36","slug":"flacidez-facial","status":"publish","type":"page","link":"https:\/\/www.dermaclinicspain.com\/en\/services\/flacidez-facial\/","title":{"rendered":"Flacidez facial"},"content":{"rendered":"<div class=\"container container-xl py-5\"><div class=\"row\"><div class=\"col\">\t\t<div data-elementor-type=\"wp-page\" data-elementor-id=\"3096\" class=\"elementor elementor-3096\" data-elementor-settings=\"[]\">\n\t\t\t\t\t\t<div class=\"elementor-inner\">\n\t\t\t\t\t\t\t<div class=\"elementor-section-wrap\">\n\t\t\t\t\t\t\t<section class=\"elementor-section elementor-top-section elementor-element elementor-element-25441289 elementor-section-stretched elementor-section-boxed elementor-section-height-default elementor-section-height-default\" data-id=\"25441289\" data-element_type=\"section\" data-settings=\"{&quot;stretch_section&quot;:&quot;section-stretched&quot;}\">\n\t\t\t\t\t\t<div class=\"elementor-container elementor-column-gap-no\">\n\t\t\t\t\t\t\t<div class=\"elementor-row\">\n\t\t\t\t\t<div class=\"elementor-column elementor-col-100 elementor-top-column elementor-element elementor-element-6ffcf487\" data-id=\"6ffcf487\" data-element_type=\"column\">\n\t\t\t<div class=\"elementor-column-wrap elementor-element-populated\">\n\t\t\t\t\t\t\t<div class=\"elementor-widget-wrap\">\n\t\t\t\t\t\t<div class=\"elementor-element elementor-element-ea9c0c1 elementor-widget elementor-widget-text-editor\" data-id=\"ea9c0c1\" data-element_type=\"widget\" data-widget_type=\"text-editor.default\">\n\t\t\t\t<div class=\"elementor-widget-container\">\n\t\t\t\t\t<div class=\"elementor-text-editor elementor-clearfix\"><\/div>\n\t\t\t\t<\/div>\n\t\t\t\t<\/div>\n\t\t\t\t<section class=\"elementor-section elementor-inner-section elementor-element elementor-element-3d09167f elementor-section-boxed elementor-section-height-default elementor-section-height-default\" data-id=\"3d09167f\" data-element_type=\"section\">\n\t\t\t\t\t\t<div class=\"elementor-container elementor-column-gap-no\">\n\t\t\t\t\t\t\t<div class=\"elementor-row\">\n\t\t\t\t\t<div class=\"elementor-column elementor-col-100 elementor-inner-column elementor-element elementor-element-5a11cba0\" data-id=\"5a11cba0\" data-element_type=\"column\">\n\t\t\t<div class=\"elementor-column-wrap elementor-element-populated\">\n\t\t\t\t\t\t\t<div class=\"elementor-widget-wrap\">\n\t\t\t\t\t\t<div class=\"elementor-element elementor-element-2dbaddda elementor-hidden-phone gyan-title-desc-left elementor-widget elementor-widget-gyan_title\" data-id=\"2dbaddda\" data-element_type=\"widget\" data-widget_type=\"gyan_title.default\">\n\t\t\t\t<div class=\"elementor-widget-container\">\n\t\t\t\t\t<div class=\"gyan-title\">\r\n\t\t\t<h1 class=\"gyan-title-heading\">Treatment of facial flaccidity<\/h1><div class=\"gyan-title-desc\">\n<\/div>\t\t<\/div>\r\n\t\t\t\t<\/div>\n\t\t\t\t<\/div>\n\t\t\t\t<div class=\"elementor-element elementor-element-963fa66 elementor-hidden-desktop elementor-hidden-tablet gyan-title-desc-left elementor-widget elementor-widget-gyan_title\" data-id=\"963fa66\" data-element_type=\"widget\" data-widget_type=\"gyan_title.default\">\n\t\t\t\t<div class=\"elementor-widget-container\">\n\t\t\t\t\t<div class=\"gyan-title\">\r\n\t\t\t<h1 class=\"gyan-title-heading\">Treatment of facial flaccidity<\/h1><div class=\"gyan-title-desc\">\n<\/div>\t\t<\/div>\r\n\t\t\t\t<\/div>\n\t\t\t\t<\/div>\n\t\t\t\t<div class=\"elementor-element elementor-element-b14e4b6 elementor-widget-divider--view-line elementor-widget elementor-widget-divider\" data-id=\"b14e4b6\" data-element_type=\"widget\" data-widget_type=\"divider.default\">\n\t\t\t\t<div class=\"elementor-widget-container\">\n\t\t\t\t\t<div class=\"elementor-divider\">\n\t\t\t<span class=\"elementor-divider-separator\">\n\t\t\t\t\t\t<\/span>\n\t\t<\/div>\n\t\t\t\t<\/div>\n\t\t\t\t<\/div>\n\t\t\t\t\t\t<\/div>\n\t\t\t\t\t<\/div>\n\t\t<\/div>\n\t\t\t\t\t\t\t\t<\/div>\n\t\t\t\t\t<\/div>\n\t\t<\/section>\n\t\t\t\t<div class=\"elementor-element elementor-element-091204b elementor-widget elementor-widget-text-editor\" data-id=\"091204b\" data-element_type=\"widget\" data-widget_type=\"text-editor.default\">\n\t\t\t\t<div class=\"elementor-widget-container\">\n\t\t\t\t\t<div class=\"elementor-text-editor elementor-clearfix\"><p><span class=\"ILfuVd\"><span class=\"hgKElc\">The <strong>facial flaccidity<\/strong> is a symptom of the natural aging process: eventually, <strong>we lose volume<\/strong> across our face. Facial sagging, therefore, is the loss of firmness of the facial skin. This loss is caused by the decrease in fibers such as elastin, responsible for providing elasticity to the skin, and collagen, responsible for providing resistance to it.\u00a0<\/span><\/span><\/p><p><span class=\"ILfuVd\"><span class=\"hgKElc\">The first points that show this loss of firmness are the mandibular arch, jowls, nasolabial folds and eyelids. To combat facial sagging at these points, it is best to resort to a treatment that does not require surgery, since it is not necessary. In addition, it should also help stimulate collagen and elastin in the skin. <br \/><\/span><\/span><\/p><p>Some of the <strong>treatments<\/strong> What we offer at Derma Clinic Spain are:<\/p><ul><li><strong>SILOUETTE \u2013 FIBERS<\/strong><strong>\u00a0SOFT FACIALS<br \/><\/strong>Biocompatible wires with a real lifting effect without surgery and that adapt to the needs of each patient. They are implanted using minimal local anesthesia that makes the procedure almost painless and takes about 30 minutes to perform the treatment. The threads are from the USA, safe and effective. <\/li><li><strong>DERMOBIOLIFT<\/strong> \u00a0\u00a0\u00a0\u00a0\u00a0\u00a0\u00a0\u00a0\u00a0\u00a0\u00a0\u00a0\u00a0\u00a0\u00a0\u00a0\u00a0\u00a0\u00a0\u00a0\u00a0\u00a0\u00a0\u00a0\u00a0\u00a0\u00a0\u00a0\u00a0\u00a0\u00a0\u00a0\u00a0\u00a0\u00a0\u00a0\u00a0\u00a0\u00a0\u00a0\u00a0\u00a0\u00a0\u00a0\u00a0\u00a0\u00a0\u00a0\u00a0\u00a0\u00a0\u00a0\u00a0\u00a0\u00a0\u00a0\u00a0\u00a0\u00a0\u00a0\u00a0\u00a0\u00a0\u00a0\u00a0\u00a0\u00a0\u00a0\u00a0\u00a0\u00a0\u00a0\u00a0\u00a0\u00a0\u00a0\u00a0\u00a0\u00a0\u00a0\u00a0\u00a0\u00a0\u00a0\u00a0\u00a0\u00a0\u00a0\u00a0\u00a0\u00a0\u00a0\u00a0\u00a0\u00a0\u00a0\u00a0\u00a0\u00a0\u00a0\u00a0\u00a0\u00a0\u00a0\u00a0\u00a0\u00a0\u00a0\u00a0\u00a0\u00a0\u00a0\u00a0\u00a0\u00a0\u00a0\u00a0\u00a0\u00a0\u00a0\u00a0\u00a0\u00a0\u00a0\u00a0\u00a0\u00a0\u00a0\u00a0\u00a0\u00a0\u00a0\u00a0\u00a0\u00a0\u00a0\u00a0\u00a0\u00a0\u00a0\u00a0\u00a0\u00a0\u00a0\u00a0\u00a0\u00a0\u00a0\u00a0\u00a0\u00a0\u00a0\u00a0\u00a0\u00a0\u00a0\u00a0\u00a0\u00a0\u00a0\u00a0\u00a0\u00a0\u00a0\u00a0\u00a0\u00a0\u00a0\u00a0\u00a0\u00a0\u00a0\u00a0\u00a0\u00a0\u00a0\u00a0\u00a0\u00a0\u00a0\u00a0\u00a0\u00a0\u00a0\u00a0\u00a0\u00a0\u00a0\u00a0\u00a0\u00a0\u00a0\u00a0\u00a0\u00a0\u00a0\u00a0\u00a0\u00a0\u00a0\u00a0\u00a0\u00a0\u00a0\u00a0\u00a0\u00a0\u00a0\u00a0\u00a0\u00a0\u00a0\u00a0\u00a0\u00a0\u00a0\u00a0\u00a0\u00a0\u00a0\u00a0\u00a0\u00a0\u00a0\u00a0\u00a0\u00a0\u00a0\u00a0\u00a0\u00a0\u00a0\u00a0\u00a0\u00a0\u00a0\u00a0\u00a0\u00a0\u00a0\u00a0\u00a0\u00a0\u00a0\u00a0\u00a0\u00a0\u00a0\u00a0\u00a0\u00a0\u00a0\u00a0\u00a0\u00a0\u00a0\u00a0\u00a0\u00a0\u00a0\u00a0\u00a0\u00a0\u00a0\u00a0\u00a0\u00a0 An innovative technique developed by our medical team that consists of a combination of mesohyl and autologous stem cells to stimulate bioactive and natural skin, with an improvement in skin quality and a lifting effect.<\/li><\/ul><\/div>\n\t\t\t\t<\/div>\n\t\t\t\t<\/div>\n\t\t\t\t<section class=\"elementor-section elementor-inner-section elementor-element elementor-element-218024eb elementor-section-boxed elementor-section-height-default elementor-section-height-default\" data-id=\"218024eb\" data-element_type=\"section\">\n\t\t\t\t\t\t<div class=\"elementor-container elementor-column-gap-no\">\n\t\t\t\t\t\t\t<div class=\"elementor-row\">\n\t\t\t\t\t<div class=\"elementor-column elementor-col-50 elementor-inner-column elementor-element elementor-element-2a8e0426\" data-id=\"2a8e0426\" data-element_type=\"column\" data-settings=\"{&quot;background_background&quot;:&quot;classic&quot;}\">\n\t\t\t<div class=\"elementor-column-wrap elementor-element-populated\">\n\t\t\t\t\t\t\t<div class=\"elementor-widget-wrap\">\n\t\t\t\t\t\t<div class=\"elementor-element elementor-element-e180a60 elementor-widget elementor-widget-image\" data-id=\"e180a60\" data-element_type=\"widget\" data-widget_type=\"image.default\">\n\t\t\t\t<div class=\"elementor-widget-container\">\n\t\t\t\t\t<div class=\"elementor-image\">\n\t\t\t\t\t\t\t\t\t\t<img width=\"1024\" height=\"682\" src=\"https:\/\/www.dermaclinicspain.com\/wp-content\/uploads\/2021\/11\/AdobeStock_335925869_flacidez-profunda-1024x682.jpeg\" class=\"attachment-large size-large\" alt=\"\" loading=\"lazy\" srcset=\"https:\/\/www.dermaclinicspain.com\/wp-content\/uploads\/2021\/11\/AdobeStock_335925869_flacidez-profunda-1024x682.jpeg 1024w, https:\/\/www.dermaclinicspain.com\/wp-content\/uploads\/2021\/11\/AdobeStock_335925869_flacidez-profunda-300x200.jpeg 300w, https:\/\/www.dermaclinicspain.com\/wp-content\/uploads\/2021\/11\/AdobeStock_335925869_flacidez-profunda-768x512.jpeg 768w, https:\/\/www.dermaclinicspain.com\/wp-content\/uploads\/2021\/11\/AdobeStock_335925869_flacidez-profunda-1536x1024.jpeg 1536w, https:\/\/www.dermaclinicspain.com\/wp-content\/uploads\/2021\/11\/AdobeStock_335925869_flacidez-profunda-800x533.jpeg 800w, https:\/\/www.dermaclinicspain.com\/wp-content\/uploads\/2021\/11\/AdobeStock_335925869_flacidez-profunda-1920x1280.jpeg 1920w, https:\/\/www.dermaclinicspain.com\/wp-content\/uploads\/2021\/11\/AdobeStock_335925869_flacidez-profunda-600x400.jpeg 600w, https:\/\/www.dermaclinicspain.com\/wp-content\/uploads\/2021\/11\/AdobeStock_335925869_flacidez-profunda.jpeg 2000w\" sizes=\"(max-width: 1024px) 100vw, 1024px\" \/>\t\t\t\t\t\t\t\t\t\t\t<\/div>\n\t\t\t\t<\/div>\n\t\t\t\t<\/div>\n\t\t\t\t\t\t<\/div>\n\t\t\t\t\t<\/div>\n\t\t<\/div>\n\t\t\t\t<div class=\"elementor-column elementor-col-50 elementor-inner-column elementor-element elementor-element-37712f57\" data-id=\"37712f57\" data-element_type=\"column\">\n\t\t\t<div class=\"elementor-column-wrap elementor-element-populated\">\n\t\t\t\t\t\t\t<div class=\"elementor-widget-wrap\">\n\t\t\t\t\t\t<div class=\"elementor-element elementor-element-6303f65 elementor-widget elementor-widget-spacer\" data-id=\"6303f65\" data-element_type=\"widget\" data-widget_type=\"spacer.default\">\n\t\t\t\t<div class=\"elementor-widget-container\">\n\t\t\t\t\t<div class=\"elementor-spacer\">\n\t\t\t<div class=\"elementor-spacer-inner\"><\/div>\n\t\t<\/div>\n\t\t\t\t<\/div>\n\t\t\t\t<\/div>\n\t\t\t\t<div class=\"elementor-element elementor-element-9564fba elementor-widget elementor-widget-text-editor\" data-id=\"9564fba\" data-element_type=\"widget\" data-widget_type=\"text-editor.default\">\n\t\t\t\t<div class=\"elementor-widget-container\">\n\t\t\t\t\t<div class=\"elementor-text-editor elementor-clearfix\"><h3><span style=\"color: #000000;\">Other treatments that we offer at Derma Clinic Spain are:<\/span><\/h3><ul><li>Trim threads<\/li><li>PDO threads<\/li><li>Happy lift<\/li><li>V-lift (Japanese facelift)<\/li><li>Toning medical peel<\/li><\/ul><\/div>\n\t\t\t\t<\/div>\n\t\t\t\t<\/div>\n\t\t\t\t\t\t<\/div>\n\t\t\t\t\t<\/div>\n\t\t<\/div>\n\t\t\t\t\t\t\t\t<\/div>\n\t\t\t\t\t<\/div>\n\t\t<\/section>\n\t\t\t\t\t\t<\/div>\n\t\t\t\t\t<\/div>\n\t\t<\/div>\n\t\t\t\t\t\t\t\t<\/div>\n\t\t\t\t\t<\/div>\n\t\t<\/section>\n\t\t\t\t<section class=\"elementor-section elementor-top-section elementor-element elementor-element-1d0528bc elementor-section-stretched elementor-section-content-middle elementor-section-boxed elementor-section-height-default elementor-section-height-default\" data-id=\"1d0528bc\" data-element_type=\"section\" data-settings=\"{&quot;stretch_section&quot;:&quot;section-stretched&quot;}\">\n\t\t\t\t\t\t\t<div class=\"elementor-background-overlay\"><\/div>\n\t\t\t\t\t\t\t<div class=\"elementor-container elementor-column-gap-default\">\n\t\t\t\t\t\t\t<div class=\"elementor-row\">\n\t\t\t\t\t<div class=\"elementor-column elementor-col-100 elementor-top-column elementor-element elementor-element-f35fe4b\" data-id=\"f35fe4b\" data-element_type=\"column\">\n\t\t\t<div class=\"elementor-column-wrap elementor-element-populated\">\n\t\t\t\t\t\t\t<div class=\"elementor-widget-wrap\">\n\t\t\t\t\t\t<div class=\"elementor-element elementor-element-201315c6 elementor-widget elementor-widget-heading\" data-id=\"201315c6\" data-element_type=\"widget\" data-widget_type=\"heading.default\">\n\t\t\t\t<div class=\"elementor-widget-container\">\n\t\t\t<h1 class=\"elementor-heading-title elementor-size-default\">For a consultation, make an appointment by phone or fill out our form and start taking care of yourself!<\/h1>\t\t<\/div>\n\t\t\t\t<\/div>\n\t\t\t\t<div class=\"elementor-element elementor-element-114ac3ab elementor-align-center elementor-mobile-align-left elementor-widget__width-auto elementor-widget elementor-widget-button\" data-id=\"114ac3ab\" data-element_type=\"widget\" data-widget_type=\"button.default\">\n\t\t\t\t<div class=\"elementor-widget-container\">\n\t\t\t\t\t<div class=\"elementor-button-wrapper\">\n\t\t\t<a href=\"https:\/\/www.dermaclinicspain.com\/contacto\/\" class=\"elementor-button-link elementor-button elementor-size-sm elementor-animation-grow\" role=\"button\">\n\t\t\t\t\t\t<span class=\"elementor-button-content-wrapper\">\n\t\t\t\t\t\t<span class=\"elementor-button-text\">Ask us<\/span>\n\t\t<\/span>\n\t\t\t\t\t<\/a>\n\t\t<\/div>\n\t\t\t\t<\/div>\n\t\t\t\t<\/div>\n\t\t\t\t\t\t<\/div>\n\t\t\t\t\t<\/div>\n\t\t<\/div>\n\t\t\t\t\t\t\t\t<\/div>\n\t\t\t\t\t<\/div>\n\t\t<\/section>\n\t\t\t\t\t\t<\/div>\n\t\t\t\t\t\t<\/div>\n\t\t\t\t\t<\/div>\n\t\t<\/div><\/div><\/div>","protected":false},"excerpt":{"rendered":"<p>Tratamiento de la flacidez facial Tratamiento de la flacidez facial La flacidez facial es un s\u00edntoma del proceso natural de envejecimiento: eventualmente, perdemos volumen a lo largo de nuestro rostro. La flacidez facial, por tanto, es la p\u00e9rdida de firmeza de la piel del rostro. Esta p\u00e9rdida se produce por la disminuci\u00f3n de las fibras [&hellip;]<\/p>","protected":false},"author":1,"featured_media":0,"parent":319,"menu_order":0,"comment_status":"closed","ping_status":"closed","template":"","meta":[],"_links":{"self":[{"href":"https:\/\/www.dermaclinicspain.com\/en\/wp-json\/wp\/v2\/pages\/3096"}],"collection":[{"href":"https:\/\/www.dermaclinicspain.com\/en\/wp-json\/wp\/v2\/pages"}],"about":[{"href":"https:\/\/www.dermaclinicspain.com\/en\/wp-json\/wp\/v2\/types\/page"}],"author":[{"embeddable":true,"href":"https:\/\/www.dermaclinicspain.com\/en\/wp-json\/wp\/v2\/users\/1"}],"replies":[{"embeddable":true,"href":"https:\/\/www.dermaclinicspain.com\/en\/wp-json\/wp\/v2\/comments?post=3096"}],"version-history":[{"count":26,"href":"https:\/\/www.dermaclinicspain.com\/en\/wp-json\/wp\/v2\/pages\/3096\/revisions"}],"predecessor-version":[{"id":4337,"href":"https:\/\/www.dermaclinicspain.com\/en\/wp-json\/wp\/v2\/pages\/3096\/revisions\/4337"}],"up":[{"embeddable":true,"href":"https:\/\/www.dermaclinicspain.com\/en\/wp-json\/wp\/v2\/pages\/319"}],"wp:attachment":[{"href":"https:\/\/www.dermaclinicspain.com\/en\/wp-json\/wp\/v2\/media?parent=3096"}],"curies":[{"name":"wp","href":"https:\/\/api.w.org\/{rel}","templated":true}]}}