{"id":3085,"date":"2021-07-07T17:01:51","date_gmt":"2021-07-07T17:01:51","guid":{"rendered":"https:\/\/www.dermaclinicspain.com\/?page_id=3085"},"modified":"2022-09-14T09:48:33","modified_gmt":"2022-09-14T09:48:33","slug":"remodelacion-volumen","status":"publish","type":"page","link":"https:\/\/www.dermaclinicspain.com\/en\/services\/remodelacion-volumen\/","title":{"rendered":"Remodeling Volume"},"content":{"rendered":"<div class=\"container container-xl py-5\"><div class=\"row\"><div class=\"col\">\t\t<div data-elementor-type=\"wp-page\" data-elementor-id=\"3085\" class=\"elementor elementor-3085\" data-elementor-settings=\"[]\">\n\t\t\t\t\t\t<div class=\"elementor-inner\">\n\t\t\t\t\t\t\t<div class=\"elementor-section-wrap\">\n\t\t\t\t\t\t\t<section class=\"elementor-section elementor-top-section elementor-element elementor-element-aa43859 elementor-section-boxed elementor-section-height-default elementor-section-height-default\" data-id=\"aa43859\" data-element_type=\"section\">\n\t\t\t\t\t\t<div class=\"elementor-container elementor-column-gap-default\">\n\t\t\t\t\t\t\t<div class=\"elementor-row\">\n\t\t\t\t\t<div class=\"elementor-column elementor-col-100 elementor-top-column elementor-element elementor-element-82fa248\" data-id=\"82fa248\" data-element_type=\"column\">\n\t\t\t<div class=\"elementor-column-wrap elementor-element-populated\">\n\t\t\t\t\t\t\t<div class=\"elementor-widget-wrap\">\n\t\t\t\t\t\t<div class=\"elementor-element elementor-element-2dbaddda elementor-hidden-phone gyan-title-desc-left elementor-widget elementor-widget-gyan_title\" data-id=\"2dbaddda\" data-element_type=\"widget\" data-widget_type=\"gyan_title.default\">\n\t\t\t\t<div class=\"elementor-widget-container\">\n\t\t\t\t\t<div class=\"gyan-title\">\r\n\t\t\t<h1 class=\"gyan-title-heading\">Remodeling and volume<\/h1><div class=\"gyan-title-desc\">\n<\/div>\t\t<\/div>\r\n\t\t\t\t<\/div>\n\t\t\t\t<\/div>\n\t\t\t\t<div class=\"elementor-element elementor-element-ee3c14b elementor-hidden-desktop elementor-hidden-tablet gyan-title-desc-left elementor-widget elementor-widget-gyan_title\" data-id=\"ee3c14b\" data-element_type=\"widget\" data-widget_type=\"gyan_title.default\">\n\t\t\t\t<div class=\"elementor-widget-container\">\n\t\t\t\t\t<div class=\"gyan-title\">\r\n\t\t\t<h1 class=\"gyan-title-heading\">Remodeling and volume<\/h1><div class=\"gyan-title-desc\">\n<\/div>\t\t<\/div>\r\n\t\t\t\t<\/div>\n\t\t\t\t<\/div>\n\t\t\t\t<div class=\"elementor-element elementor-element-e2a5115 elementor-widget-divider--view-line elementor-widget elementor-widget-divider\" data-id=\"e2a5115\" data-element_type=\"widget\" data-widget_type=\"divider.default\">\n\t\t\t\t<div class=\"elementor-widget-container\">\n\t\t\t\t\t<div class=\"elementor-divider\">\n\t\t\t<span class=\"elementor-divider-separator\">\n\t\t\t\t\t\t<\/span>\n\t\t<\/div>\n\t\t\t\t<\/div>\n\t\t\t\t<\/div>\n\t\t\t\t\t\t<\/div>\n\t\t\t\t\t<\/div>\n\t\t<\/div>\n\t\t\t\t\t\t\t\t<\/div>\n\t\t\t\t\t<\/div>\n\t\t<\/section>\n\t\t\t\t<section class=\"elementor-section elementor-top-section elementor-element elementor-element-0e68916 elementor-section-boxed elementor-section-height-default elementor-section-height-default\" data-id=\"0e68916\" data-element_type=\"section\">\n\t\t\t\t\t\t<div class=\"elementor-container elementor-column-gap-default\">\n\t\t\t\t\t\t\t<div class=\"elementor-row\">\n\t\t\t\t\t<div class=\"elementor-column elementor-col-50 elementor-top-column elementor-element elementor-element-7513cff\" data-id=\"7513cff\" data-element_type=\"column\">\n\t\t\t<div class=\"elementor-column-wrap elementor-element-populated\">\n\t\t\t\t\t\t\t<div class=\"elementor-widget-wrap\">\n\t\t\t\t\t\t<div class=\"elementor-element elementor-element-f54dce8 elementor-widget elementor-widget-text-editor\" data-id=\"f54dce8\" data-element_type=\"widget\" data-widget_type=\"text-editor.default\">\n\t\t\t\t<div class=\"elementor-widget-container\">\n\t\t\t\t\t<div class=\"elementor-text-editor elementor-clearfix\"><p>Facial remodeling is a procedure through which we manage to improve facial harmony and the symmetry of our face. It acts mainly on areas such as the jaw, chin, cheekbones, ciliary arches (eyebrow area), lips and facial wrinkles, among other areas.<\/p><div>In <strong>Derma Clinic Spain,<\/strong> We carry out one of the most avant-garde techniques to achieve facial harmony:<strong> contour bioplasty or facial oval reconstruction<\/strong>.Thanks to this facial aesthetic technique, remodeling the angles and volumes of the face in half an hour, without surgery, <strong>forma transitoria o permanente es posible.<\/strong><\/div><div>\u00a0<\/div><div>With this treatment, the loss of elasticity that occurs in our body after the passage of time or weight loss is reduced. They are performed by microinjections or special techniques with biocompatible products from the best known medical brands chosen by the medical team.<\/div><\/div>\n\t\t\t\t<\/div>\n\t\t\t\t<\/div>\n\t\t\t\t\t\t<\/div>\n\t\t\t\t\t<\/div>\n\t\t<\/div>\n\t\t\t\t<div class=\"elementor-column elementor-col-50 elementor-top-column elementor-element elementor-element-8375959\" data-id=\"8375959\" data-element_type=\"column\">\n\t\t\t<div class=\"elementor-column-wrap elementor-element-populated\">\n\t\t\t\t\t\t\t<div class=\"elementor-widget-wrap\">\n\t\t\t\t\t\t<div class=\"elementor-element elementor-element-d4f971c elementor-widget elementor-widget-image\" data-id=\"d4f971c\" data-element_type=\"widget\" data-widget_type=\"image.default\">\n\t\t\t\t<div class=\"elementor-widget-container\">\n\t\t\t\t\t<div class=\"elementor-image\">\n\t\t\t\t\t\t\t\t\t\t<img width=\"1024\" height=\"683\" src=\"https:\/\/www.dermaclinicspain.com\/wp-content\/uploads\/2022\/05\/REMODELING-AND-VOLUME-ELLANSE-1024x683.jpeg\" class=\"attachment-large size-large\" alt=\"\" loading=\"lazy\" srcset=\"https:\/\/www.dermaclinicspain.com\/wp-content\/uploads\/2022\/05\/REMODELING-AND-VOLUME-ELLANSE-1024x683.jpeg 1024w, https:\/\/www.dermaclinicspain.com\/wp-content\/uploads\/2022\/05\/REMODELING-AND-VOLUME-ELLANSE-300x200.jpeg 300w, https:\/\/www.dermaclinicspain.com\/wp-content\/uploads\/2022\/05\/REMODELING-AND-VOLUME-ELLANSE-768x512.jpeg 768w, https:\/\/www.dermaclinicspain.com\/wp-content\/uploads\/2022\/05\/REMODELING-AND-VOLUME-ELLANSE-1536x1024.jpeg 1536w, https:\/\/www.dermaclinicspain.com\/wp-content\/uploads\/2022\/05\/REMODELING-AND-VOLUME-ELLANSE-2048x1365.jpeg 2048w, https:\/\/www.dermaclinicspain.com\/wp-content\/uploads\/2022\/05\/REMODELING-AND-VOLUME-ELLANSE-800x533.jpeg 800w, https:\/\/www.dermaclinicspain.com\/wp-content\/uploads\/2022\/05\/REMODELING-AND-VOLUME-ELLANSE-1920x1280.jpeg 1920w, https:\/\/www.dermaclinicspain.com\/wp-content\/uploads\/2022\/05\/REMODELING-AND-VOLUME-ELLANSE-600x400.jpeg 600w\" sizes=\"(max-width: 1024px) 100vw, 1024px\" \/>\t\t\t\t\t\t\t\t\t\t\t<\/div>\n\t\t\t\t<\/div>\n\t\t\t\t<\/div>\n\t\t\t\t\t\t<\/div>\n\t\t\t\t\t<\/div>\n\t\t<\/div>\n\t\t\t\t\t\t\t\t<\/div>\n\t\t\t\t\t<\/div>\n\t\t<\/section>\n\t\t\t\t<section class=\"elementor-section elementor-top-section elementor-element elementor-element-25441289 elementor-section-stretched elementor-section-boxed elementor-section-height-default elementor-section-height-default\" data-id=\"25441289\" data-element_type=\"section\" data-settings=\"{&quot;stretch_section&quot;:&quot;section-stretched&quot;}\">\n\t\t\t\t\t\t<div class=\"elementor-container elementor-column-gap-no\">\n\t\t\t\t\t\t\t<div class=\"elementor-row\">\n\t\t\t\t\t<div class=\"elementor-column elementor-col-100 elementor-top-column elementor-element elementor-element-6ffcf487\" data-id=\"6ffcf487\" data-element_type=\"column\">\n\t\t\t<div class=\"elementor-column-wrap elementor-element-populated\">\n\t\t\t\t\t\t\t<div class=\"elementor-widget-wrap\">\n\t\t\t\t\t\t<section class=\"elementor-section elementor-inner-section elementor-element elementor-element-218024eb elementor-section-boxed elementor-section-height-default elementor-section-height-default\" data-id=\"218024eb\" data-element_type=\"section\">\n\t\t\t\t\t\t<div class=\"elementor-container elementor-column-gap-no\">\n\t\t\t\t\t\t\t<div class=\"elementor-row\">\n\t\t\t\t\t<div class=\"elementor-column elementor-col-50 elementor-inner-column elementor-element elementor-element-2a8e0426\" data-id=\"2a8e0426\" data-element_type=\"column\" data-settings=\"{&quot;background_background&quot;:&quot;classic&quot;}\">\n\t\t\t<div class=\"elementor-column-wrap elementor-element-populated\">\n\t\t\t\t\t\t\t<div class=\"elementor-widget-wrap\">\n\t\t\t\t\t\t<div class=\"elementor-element elementor-element-091204b elementor-widget elementor-widget-text-editor\" data-id=\"091204b\" data-element_type=\"widget\" data-widget_type=\"text-editor.default\">\n\t\t\t\t<div class=\"elementor-widget-container\">\n\t\t\t\t\t<div class=\"elementor-text-editor elementor-clearfix\"><p><strong>HYALURONIC ACID<\/strong><\/p><div>It is a structural substance of the human body and is normally found in the skin, joints and cartilage. With age, its amount in the body decreases naturally, producing wrinkles on the skin.<\/div><div>It is presented as a transparent gel with properties to capture the water around its molecule and thus provide intense hydration and volume to the tissues.<\/div><div>\u00a0<\/div><p>It is presented as a transparent gel with properties to capture the water around its molecule and thus provide a <strong>intense hydration and volume to the tissues.<\/strong><\/p><div>For this reason, it is used for <strong>hydration, treatment of skin wrinkles and loss of facial volume<\/strong> 70 \/ 5.000\nResultados de traducci\u00f3n\n(appearing with age). In addition, it is also used to perform a <strong>lip augmentation, cheekbones, chin\u2026.<\/strong><\/div><div>AH usually has a very large molecule that does not penetrate if it is applied to the skin, so its correct and effective use is through microinjections with a syringe under the skin, with a slight local anesthetic to avoid discomfort.<\/div><div>\u00a0<\/div><div>The duration of the product is from six months to 1 year, depending on the type of hyaluronic acid used and other issues such as your own metabolism.<\/div><div>\u00a0<\/div><\/div>\n\t\t\t\t<\/div>\n\t\t\t\t<\/div>\n\t\t\t\t<div class=\"elementor-element elementor-element-69dbc7d elementor-widget elementor-widget-text-editor\" data-id=\"69dbc7d\" data-element_type=\"widget\" data-widget_type=\"text-editor.default\">\n\t\t\t\t<div class=\"elementor-widget-container\">\n\t\t\t\t\t<div class=\"elementor-text-editor elementor-clearfix\"><p><strong>COLLAGEN INDUCTORS<\/strong><br \/><strong>SCULPTRA\u00ae<\/strong><\/p><div>It is an injectable revitalizer based on polylactic acid that helps the body reactivate collagen production for a more youthful appearance.<\/div><div>\u00a0<\/div><div>The aim of Sculptra\u00ae is therefore to act precisely on this loss of collagen and on the root causes of wrinkling and skin thinning, ensuring that the skin can regain its lost tone and fullness with the years. To achieve this effect, Sculptra\u00ae does not act topically, but rather penetrates the deeper layers of the dermis to restore volume and turgor as the polylactic acid microparticles are absorbed.<\/div><\/div>\n\t\t\t\t<\/div>\n\t\t\t\t<\/div>\n\t\t\t\t\t\t<\/div>\n\t\t\t\t\t<\/div>\n\t\t<\/div>\n\t\t\t\t<div class=\"elementor-column elementor-col-50 elementor-inner-column elementor-element elementor-element-37712f57\" data-id=\"37712f57\" data-element_type=\"column\">\n\t\t\t<div class=\"elementor-column-wrap elementor-element-populated\">\n\t\t\t\t\t\t\t<div class=\"elementor-widget-wrap\">\n\t\t\t\t\t\t<div class=\"elementor-element elementor-element-9564fba elementor-widget elementor-widget-text-editor\" data-id=\"9564fba\" data-element_type=\"widget\" data-widget_type=\"text-editor.default\">\n\t\t\t\t<div class=\"elementor-widget-container\">\n\t\t\t\t\t<div class=\"elementor-text-editor elementor-clearfix\"><p><strong>WHAT IS ELLANSE\u00ae:<br \/><\/strong>Ellanse\u00ae: The resorbable collagen biostimulator. It is an autologous filler (generated by the body itself) that differs from other dermal fillers because it has an adjustable durability from 1 to 3 years. It combines an immediate correction of wrinkles and folds with the production of natural collagen by the body itself.<\/p><p><strong>THE UNIQUE BENEFITS OF ELLANSE\u00ae:<\/strong><\/p><ul><li>Prolonged action for the duration chosen with a single session<\/li><li>Different levels of action depending on the needs of each patient<\/li><li>Fully bioresorbable treatment with predictable, controllable and adjustable results and a high safety profile.<\/li><\/ul><p><strong>2 IN 1\u00ae ACTION:<\/strong><\/p><ol><li>Immediate Correction: CMC Gel provides an initial filling effect and immediate correction.<\/li><li>Long-lasting volumization through collagen stimulation: PLC microspheres stimulate neocollagenesis (the body's own production of new collagen)<\/li><\/ol><div>Ellanse \u00ae differs from other dermal fillers due to its sustained and controlled total performance characteristics. This means that Ellanse \u00ae will maintain a full correction until it is completely eliminated from your body after the desired performance duration is achieved.<\/div><div>\u00a0<\/div><\/div>\n\t\t\t\t<\/div>\n\t\t\t\t<\/div>\n\t\t\t\t\t\t<\/div>\n\t\t\t\t\t<\/div>\n\t\t<\/div>\n\t\t\t\t\t\t\t\t<\/div>\n\t\t\t\t\t<\/div>\n\t\t<\/section>\n\t\t\t\t\t\t<\/div>\n\t\t\t\t\t<\/div>\n\t\t<\/div>\n\t\t\t\t\t\t\t\t<\/div>\n\t\t\t\t\t<\/div>\n\t\t<\/section>\n\t\t\t\t<section class=\"elementor-section elementor-top-section elementor-element elementor-element-73d17ae elementor-section-stretched elementor-section-content-middle elementor-section-height-min-height elementor-section-boxed elementor-section-height-default elementor-section-items-middle\" data-id=\"73d17ae\" data-element_type=\"section\" data-settings=\"{&quot;stretch_section&quot;:&quot;section-stretched&quot;}\">\n\t\t\t\t\t\t\t<div class=\"elementor-background-overlay\"><\/div>\n\t\t\t\t\t\t\t<div class=\"elementor-container elementor-column-gap-wide\">\n\t\t\t\t\t\t\t<div class=\"elementor-row\">\n\t\t\t\t\t<div class=\"elementor-column elementor-col-100 elementor-top-column elementor-element elementor-element-2c329c46\" data-id=\"2c329c46\" data-element_type=\"column\">\n\t\t\t<div class=\"elementor-column-wrap elementor-element-populated\">\n\t\t\t\t\t\t\t<div class=\"elementor-widget-wrap\">\n\t\t\t\t\t\t<div class=\"elementor-element elementor-element-2bd66b7d elementor-widget elementor-widget-heading\" data-id=\"2bd66b7d\" data-element_type=\"widget\" data-widget_type=\"heading.default\">\n\t\t\t\t<div class=\"elementor-widget-container\">\n\t\t\t<h1 class=\"elementor-heading-title elementor-size-default\">For a consultation, make an appointment by phone or fill out our form and start taking care of yourself!<\/h1>\t\t<\/div>\n\t\t\t\t<\/div>\n\t\t\t\t<div class=\"elementor-element elementor-element-68330d3a elementor-align-center elementor-mobile-align-left elementor-widget__width-auto elementor-widget elementor-widget-button\" data-id=\"68330d3a\" data-element_type=\"widget\" data-widget_type=\"button.default\">\n\t\t\t\t<div class=\"elementor-widget-container\">\n\t\t\t\t\t<div class=\"elementor-button-wrapper\">\n\t\t\t<a href=\"https:\/\/www.dermaclinicspain.com\/contacto\/\" class=\"elementor-button-link elementor-button elementor-size-sm elementor-animation-grow\" role=\"button\">\n\t\t\t\t\t\t<span class=\"elementor-button-content-wrapper\">\n\t\t\t\t\t\t<span class=\"elementor-button-text\">Ask us<\/span>\n\t\t<\/span>\n\t\t\t\t\t<\/a>\n\t\t<\/div>\n\t\t\t\t<\/div>\n\t\t\t\t<\/div>\n\t\t\t\t\t\t<\/div>\n\t\t\t\t\t<\/div>\n\t\t<\/div>\n\t\t\t\t\t\t\t\t<\/div>\n\t\t\t\t\t<\/div>\n\t\t<\/section>\n\t\t\t\t\t\t<\/div>\n\t\t\t\t\t\t<\/div>\n\t\t\t\t\t<\/div>\n\t\t<\/div><\/div><\/div>","protected":false},"excerpt":{"rendered":"<p>Remodelaci\u00f3n y volumen Remodelaci\u00f3n y volumen La remodelaci\u00f3n facial es un procedimiento mediante el cual conseguimos mejorar la armon\u00eda facial y la simetr\u00eda de nuestro rostro. Se act\u00faa principalmente sobre zonas como la mand\u00edbula, el ment\u00f3n, los p\u00f3mulos, los arcos ciliares (zona de las cejas), labios y las arrugas faciales, entre otras zonas. En Derma [&hellip;]<\/p>","protected":false},"author":1,"featured_media":0,"parent":319,"menu_order":0,"comment_status":"closed","ping_status":"closed","template":"","meta":[],"_links":{"self":[{"href":"https:\/\/www.dermaclinicspain.com\/en\/wp-json\/wp\/v2\/pages\/3085"}],"collection":[{"href":"https:\/\/www.dermaclinicspain.com\/en\/wp-json\/wp\/v2\/pages"}],"about":[{"href":"https:\/\/www.dermaclinicspain.com\/en\/wp-json\/wp\/v2\/types\/page"}],"author":[{"embeddable":true,"href":"https:\/\/www.dermaclinicspain.com\/en\/wp-json\/wp\/v2\/users\/1"}],"replies":[{"embeddable":true,"href":"https:\/\/www.dermaclinicspain.com\/en\/wp-json\/wp\/v2\/comments?post=3085"}],"version-history":[{"count":39,"href":"https:\/\/www.dermaclinicspain.com\/en\/wp-json\/wp\/v2\/pages\/3085\/revisions"}],"predecessor-version":[{"id":5070,"href":"https:\/\/www.dermaclinicspain.com\/en\/wp-json\/wp\/v2\/pages\/3085\/revisions\/5070"}],"up":[{"embeddable":true,"href":"https:\/\/www.dermaclinicspain.com\/en\/wp-json\/wp\/v2\/pages\/319"}],"wp:attachment":[{"href":"https:\/\/www.dermaclinicspain.com\/en\/wp-json\/wp\/v2\/media?parent=3085"}],"curies":[{"name":"wp","href":"https:\/\/api.w.org\/{rel}","templated":true}]}}