{"id":2943,"date":"2021-07-05T17:02:48","date_gmt":"2021-07-05T17:02:48","guid":{"rendered":"https:\/\/www.dermaclinicspain.com\/?page_id=2943"},"modified":"2022-09-14T09:32:57","modified_gmt":"2022-09-14T09:32:57","slug":"botox-relleno","status":"publish","type":"page","link":"https:\/\/www.dermaclinicspain.com\/en\/services\/botox-relleno\/","title":{"rendered":"Botox \/ filler"},"content":{"rendered":"<div class=\"container container-xl py-5\"><div class=\"row\"><div class=\"col\">\t\t<div data-elementor-type=\"wp-page\" data-elementor-id=\"2943\" class=\"elementor elementor-2943\" data-elementor-settings=\"[]\">\n\t\t\t\t\t\t<div class=\"elementor-inner\">\n\t\t\t\t\t\t\t<div class=\"elementor-section-wrap\">\n\t\t\t\t\t\t\t<section class=\"elementor-section elementor-top-section elementor-element elementor-element-25441289 elementor-section-stretched elementor-section-boxed elementor-section-height-default elementor-section-height-default\" data-id=\"25441289\" data-element_type=\"section\" data-settings=\"{&quot;stretch_section&quot;:&quot;section-stretched&quot;}\">\n\t\t\t\t\t\t<div class=\"elementor-container elementor-column-gap-no\">\n\t\t\t\t\t\t\t<div class=\"elementor-row\">\n\t\t\t\t\t<div class=\"elementor-column elementor-col-100 elementor-top-column elementor-element elementor-element-6ffcf487\" data-id=\"6ffcf487\" data-element_type=\"column\">\n\t\t\t<div class=\"elementor-column-wrap elementor-element-populated\">\n\t\t\t\t\t\t\t<div class=\"elementor-widget-wrap\">\n\t\t\t\t\t\t<section class=\"elementor-section elementor-inner-section elementor-element elementor-element-4a00f8a elementor-section-boxed elementor-section-height-default elementor-section-height-default\" data-id=\"4a00f8a\" data-element_type=\"section\">\n\t\t\t\t\t\t<div class=\"elementor-container elementor-column-gap-wider\">\n\t\t\t\t\t\t\t<div class=\"elementor-row\">\n\t\t\t\t\t<div class=\"elementor-column elementor-col-50 elementor-inner-column elementor-element elementor-element-58cf19d\" data-id=\"58cf19d\" data-element_type=\"column\">\n\t\t\t<div class=\"elementor-column-wrap elementor-element-populated\">\n\t\t\t\t\t\t\t<div class=\"elementor-widget-wrap\">\n\t\t\t\t\t\t<div class=\"elementor-element elementor-element-2dbaddda elementor-hidden-phone elementor-widget elementor-widget-gyan_title\" data-id=\"2dbaddda\" data-element_type=\"widget\" data-widget_type=\"gyan_title.default\">\n\t\t\t\t<div class=\"elementor-widget-container\">\n\t\t\t\t\t<div class=\"gyan-title\">\r\n\t\t\t<h1 class=\"gyan-title-heading\">Botox and fillers<\/h1>\t\t<\/div>\r\n\t\t\t\t<\/div>\n\t\t\t\t<\/div>\n\t\t\t\t<div class=\"elementor-element elementor-element-d1e2496 elementor-hidden-desktop elementor-hidden-tablet elementor-widget elementor-widget-gyan_title\" data-id=\"d1e2496\" data-element_type=\"widget\" data-widget_type=\"gyan_title.default\">\n\t\t\t\t<div class=\"elementor-widget-container\">\n\t\t\t\t\t<div class=\"gyan-title\">\r\n\t\t\t<h1 class=\"gyan-title-heading\">Botox and fillers<\/h1>\t\t<\/div>\r\n\t\t\t\t<\/div>\n\t\t\t\t<\/div>\n\t\t\t\t<div class=\"elementor-element elementor-element-fcc62dc elementor-hidden-phone elementor-widget-divider--view-line elementor-widget elementor-widget-divider\" data-id=\"fcc62dc\" data-element_type=\"widget\" data-widget_type=\"divider.default\">\n\t\t\t\t<div class=\"elementor-widget-container\">\n\t\t\t\t\t<div class=\"elementor-divider\">\n\t\t\t<span class=\"elementor-divider-separator\">\n\t\t\t\t\t\t<\/span>\n\t\t<\/div>\n\t\t\t\t<\/div>\n\t\t\t\t<\/div>\n\t\t\t\t<div class=\"elementor-element elementor-element-95d6cd3 elementor-widget elementor-widget-text-editor\" data-id=\"95d6cd3\" data-element_type=\"widget\" data-widget_type=\"text-editor.default\">\n\t\t\t\t<div class=\"elementor-widget-container\">\n\t\t\t\t\t<div class=\"elementor-text-editor elementor-clearfix\"><h3>What are facial fillers?&nbsp;&nbsp;&nbsp; &nbsp;&nbsp;&nbsp; &nbsp;&nbsp;&nbsp; &nbsp;&nbsp;&nbsp;<\/h3>\n<p>The&nbsp;<b>facial fillers<\/b> consist of injections of various materials that are introduced inside the skin to erase <b>wrinkles<\/b>, fill depressions and improve the shape of the face, giving a more youthful appearance through minimally invasive procedures.&nbsp;<\/p>\n<p>Injection of a facial filler is usually an outpatient procedure performed under local anesthesia. The procedure can take up to an hour and its results last for months.<\/p><\/div>\n\t\t\t\t<\/div>\n\t\t\t\t<\/div>\n\t\t\t\t<div class=\"elementor-element elementor-element-bf0d2fb elementor-widget elementor-widget-image\" data-id=\"bf0d2fb\" data-element_type=\"widget\" data-widget_type=\"image.default\">\n\t\t\t\t<div class=\"elementor-widget-container\">\n\t\t\t\t\t<div class=\"elementor-image\">\n\t\t\t\t\t\t\t\t\t\t<img width=\"600\" height=\"600\" src=\"https:\/\/www.dermaclinicspain.com\/wp-content\/uploads\/2022\/09\/image_6487327-copia-7-600x600.jpg\" class=\"attachment-ezy-square-medium size-ezy-square-medium\" alt=\"\" loading=\"lazy\" srcset=\"https:\/\/www.dermaclinicspain.com\/wp-content\/uploads\/2022\/09\/image_6487327-copia-7-600x600.jpg 600w, https:\/\/www.dermaclinicspain.com\/wp-content\/uploads\/2022\/09\/image_6487327-copia-7-150x150.jpg 150w, https:\/\/www.dermaclinicspain.com\/wp-content\/uploads\/2022\/09\/image_6487327-copia-7-200x200.jpg 200w, https:\/\/www.dermaclinicspain.com\/wp-content\/uploads\/2022\/09\/image_6487327-copia-7-1000x1000.jpg 1000w, https:\/\/www.dermaclinicspain.com\/wp-content\/uploads\/2022\/09\/image_6487327-copia-7-25x25.jpg 25w, https:\/\/www.dermaclinicspain.com\/wp-content\/uploads\/2022\/09\/image_6487327-copia-7-70x70.jpg 70w, https:\/\/www.dermaclinicspain.com\/wp-content\/uploads\/2022\/09\/image_6487327-copia-7-45x45.jpg 45w, https:\/\/www.dermaclinicspain.com\/wp-content\/uploads\/2022\/09\/image_6487327-copia-7-300x300.jpg 300w, https:\/\/www.dermaclinicspain.com\/wp-content\/uploads\/2022\/09\/image_6487327-copia-7-100x100.jpg 100w\" sizes=\"(max-width: 600px) 100vw, 600px\" \/>\t\t\t\t\t\t\t\t\t\t\t<\/div>\n\t\t\t\t<\/div>\n\t\t\t\t<\/div>\n\t\t\t\t\t\t<\/div>\n\t\t\t\t\t<\/div>\n\t\t<\/div>\n\t\t\t\t<div class=\"elementor-column elementor-col-50 elementor-inner-column elementor-element elementor-element-5702108\" data-id=\"5702108\" data-element_type=\"column\">\n\t\t\t<div class=\"elementor-column-wrap elementor-element-populated\">\n\t\t\t\t\t\t\t<div class=\"elementor-widget-wrap\">\n\t\t\t\t\t\t<div class=\"elementor-element elementor-element-cd283d2 elementor-widget elementor-widget-text-editor\" data-id=\"cd283d2\" data-element_type=\"widget\" data-widget_type=\"text-editor.default\">\n\t\t\t\t<div class=\"elementor-widget-container\">\n\t\t\t\t\t<div class=\"elementor-text-editor elementor-clearfix\"><h3><strong>B\u00f3tox:<\/strong> how does botulinum toxin work<\/h3><p>It is the star treatment to treat expression wrinkles. Through micro-injections, a minimal amount of botulinum toxin is introduced at the muscle level, which reduces muscle strength and the appearance of dynamic wrinkles.\u00a0<\/p><p>Its effects are not definitive, and tend to be reduced after three or four months and disappear between the fifth and sixth month; The treatment can then be repeated.<\/p><\/div>\n\t\t\t\t<\/div>\n\t\t\t\t<\/div>\n\t\t\t\t<div class=\"elementor-element elementor-element-374d332 elementor-widget elementor-widget-text-editor\" data-id=\"374d332\" data-element_type=\"widget\" data-widget_type=\"text-editor.default\">\n\t\t\t\t<div class=\"elementor-widget-container\">\n\t\t\t\t\t<div class=\"elementor-text-editor elementor-clearfix\"><h3><strong>Other fillers<\/strong>: hyaluronic acid<\/h3><p>These treatments are those necessary to recover the loss of elasticity in our skin that occurs in our body after the passage of time, weight loss or simply to improve its appearance by modeling the facial profile.\u00a0<\/p><p>Thus, hyaluronic acid is used by injecting itself through micro-injections into our body with very fine needles.<\/p><\/div>\n\t\t\t\t<\/div>\n\t\t\t\t<\/div>\n\t\t\t\t<div class=\"elementor-element elementor-element-ddd79a9 elementor-widget elementor-widget-text-editor\" data-id=\"ddd79a9\" data-element_type=\"widget\" data-widget_type=\"text-editor.default\">\n\t\t\t\t<div class=\"elementor-widget-container\">\n\t\t\t\t\t<div class=\"elementor-text-editor elementor-clearfix\"><h3><span style=\"font-weight: bolder; line-height: 1; color: #1c1f21;\">Elansee<\/span>\u2026<br \/>WHAT IS ELLANSE\u00ae:<\/h3><p><em>Ellanse\u00ae<\/em>: The tailor-made resorbable collagen biostimulator. It is an autologous filler (generated by the body itself) that differs from other dermal fillers because it has an adjustable durability from 1 to 3 years. It combines a correction of wrinkles and folds with the production of natural collagen by the body itself.<\/p><h3><strong>THE UNIQUE ADVANTAGES OF\u00a0<em>ELLANSE\u00ae<\/em>:<\/strong><\/h3><ul><li>Prolonged action for the chosen duration with only one session<\/li><li>Different levels of action depending on the needs of each patient<\/li><li>Totally bioresorbable treatment with predictable, controllable and adjustable results and a high safety profile.<\/li><\/ul><h3><strong>2 IN 1 ACTION<\/strong>:<\/h3><ol><li><strong>Immediate fix:<\/strong> the <em>Gel de CMC<\/em> 64 \/ 5.000\nResultados de traducci\u00f3n\nprovides an initial filling effect and immediate partial correction.<\/li><li><strong>Lasting volumization through collagen stimulation<\/strong> the microspheres of <strong>PLC<\/strong>\u00a0stimulate neocollagenesis (the body's own production of new collagen)<\/li><\/ol><p><em>Ellanse \u00ae<\/em>\u00a0it differs from other dermal fillers, due to the characteristics of total and controlled sustained performance. This means that\u00a0<em>Ellanse \u00ae<\/em>\u00a0It will maintain a full correction until it is fully eliminated from your body after the desired performance duration has been achieved.<\/p><\/div>\n\t\t\t\t<\/div>\n\t\t\t\t<\/div>\n\t\t\t\t\t\t<\/div>\n\t\t\t\t\t<\/div>\n\t\t<\/div>\n\t\t\t\t\t\t\t\t<\/div>\n\t\t\t\t\t<\/div>\n\t\t<\/section>\n\t\t\t\t\t\t<\/div>\n\t\t\t\t\t<\/div>\n\t\t<\/div>\n\t\t\t\t\t\t\t\t<\/div>\n\t\t\t\t\t<\/div>\n\t\t<\/section>\n\t\t\t\t<section class=\"elementor-section elementor-top-section elementor-element elementor-element-91c7b89 elementor-section-boxed elementor-section-height-default elementor-section-height-default\" data-id=\"91c7b89\" data-element_type=\"section\">\n\t\t\t\t\t\t<div class=\"elementor-container elementor-column-gap-default\">\n\t\t\t\t\t\t\t<div class=\"elementor-row\">\n\t\t\t\t\t<div class=\"elementor-column elementor-col-100 elementor-top-column elementor-element elementor-element-2ca20a2\" data-id=\"2ca20a2\" data-element_type=\"column\">\n\t\t\t<div class=\"elementor-column-wrap elementor-element-populated\">\n\t\t\t\t\t\t\t<div class=\"elementor-widget-wrap\">\n\t\t\t\t\t\t<div class=\"elementor-element elementor-element-0803df6 elementor-widget elementor-widget-spacer\" data-id=\"0803df6\" data-element_type=\"widget\" data-widget_type=\"spacer.default\">\n\t\t\t\t<div class=\"elementor-widget-container\">\n\t\t\t\t\t<div class=\"elementor-spacer\">\n\t\t\t<div class=\"elementor-spacer-inner\"><\/div>\n\t\t<\/div>\n\t\t\t\t<\/div>\n\t\t\t\t<\/div>\n\t\t\t\t\t\t<\/div>\n\t\t\t\t\t<\/div>\n\t\t<\/div>\n\t\t\t\t\t\t\t\t<\/div>\n\t\t\t\t\t<\/div>\n\t\t<\/section>\n\t\t\t\t<section class=\"elementor-section elementor-top-section elementor-element elementor-element-114757de elementor-section-stretched elementor-section-content-middle elementor-section-height-min-height elementor-section-boxed elementor-section-height-default elementor-section-items-middle\" data-id=\"114757de\" data-element_type=\"section\" data-settings=\"{&quot;stretch_section&quot;:&quot;section-stretched&quot;}\">\n\t\t\t\t\t\t\t<div class=\"elementor-background-overlay\"><\/div>\n\t\t\t\t\t\t\t<div class=\"elementor-container elementor-column-gap-wide\">\n\t\t\t\t\t\t\t<div class=\"elementor-row\">\n\t\t\t\t\t<div class=\"elementor-column elementor-col-100 elementor-top-column elementor-element elementor-element-7d50df3d\" data-id=\"7d50df3d\" data-element_type=\"column\">\n\t\t\t<div class=\"elementor-column-wrap elementor-element-populated\">\n\t\t\t\t\t\t\t<div class=\"elementor-widget-wrap\">\n\t\t\t\t\t\t<div class=\"elementor-element elementor-element-41417521 elementor-widget elementor-widget-heading\" data-id=\"41417521\" data-element_type=\"widget\" data-widget_type=\"heading.default\">\n\t\t\t\t<div class=\"elementor-widget-container\">\n\t\t\t<h1 class=\"elementor-heading-title elementor-size-default\">For a consultation, make an appointment by phone or fill out our form and start taking care of yourself!<\/h1>\t\t<\/div>\n\t\t\t\t<\/div>\n\t\t\t\t<div class=\"elementor-element elementor-element-766ef7da elementor-align-center elementor-mobile-align-left elementor-widget__width-auto elementor-widget elementor-widget-button\" data-id=\"766ef7da\" data-element_type=\"widget\" data-widget_type=\"button.default\">\n\t\t\t\t<div class=\"elementor-widget-container\">\n\t\t\t\t\t<div class=\"elementor-button-wrapper\">\n\t\t\t<a href=\"https:\/\/www.dermaclinicspain.com\/contacto\/\" class=\"elementor-button-link elementor-button elementor-size-sm elementor-animation-grow\" role=\"button\">\n\t\t\t\t\t\t<span class=\"elementor-button-content-wrapper\">\n\t\t\t\t\t\t<span class=\"elementor-button-text\">Ask us<\/span>\n\t\t<\/span>\n\t\t\t\t\t<\/a>\n\t\t<\/div>\n\t\t\t\t<\/div>\n\t\t\t\t<\/div>\n\t\t\t\t\t\t<\/div>\n\t\t\t\t\t<\/div>\n\t\t<\/div>\n\t\t\t\t\t\t\t\t<\/div>\n\t\t\t\t\t<\/div>\n\t\t<\/section>\n\t\t\t\t\t\t<\/div>\n\t\t\t\t\t\t<\/div>\n\t\t\t\t\t<\/div>\n\t\t<\/div><\/div><\/div>","protected":false},"excerpt":{"rendered":"<p>Botox y rellenos Botox y rellenos \u00bfQu\u00e9 son los rellenos faciales?&nbsp;&nbsp;&nbsp; &nbsp;&nbsp;&nbsp; &nbsp;&nbsp;&nbsp; &nbsp;&nbsp;&nbsp; Los&nbsp;rellenos faciales consisten en inyecciones de diversos materiales que se introducen en el interior de la piel para borrar arrugas, rellenar depresiones y mejorar la forma de la cara, otorgando un aspecto m\u00e1s juvenil mediante procedimientos m\u00ednimamente invasivos.&nbsp; La inyecci\u00f3n de [&hellip;]<\/p>","protected":false},"author":1,"featured_media":0,"parent":319,"menu_order":0,"comment_status":"closed","ping_status":"closed","template":"","meta":[],"_links":{"self":[{"href":"https:\/\/www.dermaclinicspain.com\/en\/wp-json\/wp\/v2\/pages\/2943"}],"collection":[{"href":"https:\/\/www.dermaclinicspain.com\/en\/wp-json\/wp\/v2\/pages"}],"about":[{"href":"https:\/\/www.dermaclinicspain.com\/en\/wp-json\/wp\/v2\/types\/page"}],"author":[{"embeddable":true,"href":"https:\/\/www.dermaclinicspain.com\/en\/wp-json\/wp\/v2\/users\/1"}],"replies":[{"embeddable":true,"href":"https:\/\/www.dermaclinicspain.com\/en\/wp-json\/wp\/v2\/comments?post=2943"}],"version-history":[{"count":32,"href":"https:\/\/www.dermaclinicspain.com\/en\/wp-json\/wp\/v2\/pages\/2943\/revisions"}],"predecessor-version":[{"id":5062,"href":"https:\/\/www.dermaclinicspain.com\/en\/wp-json\/wp\/v2\/pages\/2943\/revisions\/5062"}],"up":[{"embeddable":true,"href":"https:\/\/www.dermaclinicspain.com\/en\/wp-json\/wp\/v2\/pages\/319"}],"wp:attachment":[{"href":"https:\/\/www.dermaclinicspain.com\/en\/wp-json\/wp\/v2\/media?parent=2943"}],"curies":[{"name":"wp","href":"https:\/\/api.w.org\/{rel}","templated":true}]}}