{"id":2912,"date":"2021-07-05T16:00:49","date_gmt":"2021-07-05T16:00:49","guid":{"rendered":"https:\/\/www.dermaclinicspain.com\/?page_id=2912"},"modified":"2022-02-23T21:25:13","modified_gmt":"2022-02-23T21:25:13","slug":"enfermedades-piel","status":"publish","type":"page","link":"https:\/\/www.dermaclinicspain.com\/en\/services\/enfermedades-piel\/","title":{"rendered":"Skin diseases"},"content":{"rendered":"<div class=\"container container-xl py-5\"><div class=\"row\"><div class=\"col\">\t\t<div data-elementor-type=\"wp-page\" data-elementor-id=\"2912\" class=\"elementor elementor-2912\" data-elementor-settings=\"[]\">\n\t\t\t\t\t\t<div class=\"elementor-inner\">\n\t\t\t\t\t\t\t<div class=\"elementor-section-wrap\">\n\t\t\t\t\t\t\t<section class=\"elementor-section elementor-top-section elementor-element elementor-element-bf00f1a elementor-section-boxed elementor-section-height-default elementor-section-height-default\" data-id=\"bf00f1a\" data-element_type=\"section\">\n\t\t\t\t\t\t<div class=\"elementor-container elementor-column-gap-no\">\n\t\t\t\t\t\t\t<div class=\"elementor-row\">\n\t\t\t\t\t<div class=\"elementor-column elementor-col-100 elementor-top-column elementor-element elementor-element-6329642\" data-id=\"6329642\" data-element_type=\"column\">\n\t\t\t<div class=\"elementor-column-wrap elementor-element-populated\">\n\t\t\t\t\t\t\t<div class=\"elementor-widget-wrap\">\n\t\t\t\t\t\t<div class=\"elementor-element elementor-element-2dbaddda elementor-hidden-phone gyan-title-desc-left elementor-widget elementor-widget-gyan_title\" data-id=\"2dbaddda\" data-element_type=\"widget\" data-widget_type=\"gyan_title.default\">\n\t\t\t\t<div class=\"elementor-widget-container\">\n\t\t\t\t\t<div class=\"gyan-title\">\r\n\t\t\t<h1 class=\"gyan-title-heading\">Skin diseases<\/h1><div class=\"gyan-title-desc\">\n<\/div>\t\t<\/div>\r\n\t\t\t\t<\/div>\n\t\t\t\t<\/div>\n\t\t\t\t<div class=\"elementor-element elementor-element-75da9ca elementor-hidden-desktop elementor-hidden-tablet gyan-title-desc-left elementor-widget elementor-widget-gyan_title\" data-id=\"75da9ca\" data-element_type=\"widget\" data-widget_type=\"gyan_title.default\">\n\t\t\t\t<div class=\"elementor-widget-container\">\n\t\t\t\t\t<div class=\"gyan-title\">\r\n\t\t\t<h1 class=\"gyan-title-heading\">Skin diseases<\/h1><div class=\"gyan-title-desc\">\n<\/div>\t\t<\/div>\r\n\t\t\t\t<\/div>\n\t\t\t\t<\/div>\n\t\t\t\t<div class=\"elementor-element elementor-element-080854e elementor-widget-divider--view-line elementor-widget elementor-widget-divider\" data-id=\"080854e\" data-element_type=\"widget\" data-widget_type=\"divider.default\">\n\t\t\t\t<div class=\"elementor-widget-container\">\n\t\t\t\t\t<div class=\"elementor-divider\">\n\t\t\t<span class=\"elementor-divider-separator\">\n\t\t\t\t\t\t<\/span>\n\t\t<\/div>\n\t\t\t\t<\/div>\n\t\t\t\t<\/div>\n\t\t\t\t\t\t<\/div>\n\t\t\t\t\t<\/div>\n\t\t<\/div>\n\t\t\t\t\t\t\t\t<\/div>\n\t\t\t\t\t<\/div>\n\t\t<\/section>\n\t\t\t\t<section class=\"elementor-section elementor-top-section elementor-element elementor-element-dd401b0 elementor-section-boxed elementor-section-height-default elementor-section-height-default\" data-id=\"dd401b0\" data-element_type=\"section\">\n\t\t\t\t\t\t<div class=\"elementor-container elementor-column-gap-no\">\n\t\t\t\t\t\t\t<div class=\"elementor-row\">\n\t\t\t\t\t<div class=\"elementor-column elementor-col-50 elementor-top-column elementor-element elementor-element-77c3838\" data-id=\"77c3838\" data-element_type=\"column\">\n\t\t\t<div class=\"elementor-column-wrap elementor-element-populated\">\n\t\t\t\t\t\t\t<div class=\"elementor-widget-wrap\">\n\t\t\t\t\t\t<div class=\"elementor-element elementor-element-849f143 elementor-widget elementor-widget-text-editor\" data-id=\"849f143\" data-element_type=\"widget\" data-widget_type=\"text-editor.default\">\n\t\t\t\t<div class=\"elementor-widget-container\">\n\t\t\t\t\t<div class=\"elementor-text-editor elementor-clearfix\"><p><span style=\"font-weight: 400;\">Skin diseases are those that affect this organ and <strong>produce aesthetic or medical problems<\/strong> in the person who suffers. Some of the most common diseases are: <strong>acne, psoriasis, dermatitis, hives, rash<\/strong>,&#8230;<\/span><\/p><p><span style=\"font-weight: 400;\">Skin diseases are often expressed by irritation, redness, rashes, etc., and their causes may be of an infectious nature, genetics, systemic disease, or simply have an unknown cause. The degree of manifestation of these skin diseases is very diverse.<\/span><\/p><\/div>\n\t\t\t\t<\/div>\n\t\t\t\t<\/div>\n\t\t\t\t\t\t<\/div>\n\t\t\t\t\t<\/div>\n\t\t<\/div>\n\t\t\t\t<div class=\"elementor-column elementor-col-50 elementor-top-column elementor-element elementor-element-6ef109b\" data-id=\"6ef109b\" data-element_type=\"column\">\n\t\t\t<div class=\"elementor-column-wrap elementor-element-populated\">\n\t\t\t\t\t\t\t<div class=\"elementor-widget-wrap\">\n\t\t\t\t\t\t<div class=\"elementor-element elementor-element-9f4a2af elementor-widget elementor-widget-image\" data-id=\"9f4a2af\" data-element_type=\"widget\" data-widget_type=\"image.default\">\n\t\t\t\t<div class=\"elementor-widget-container\">\n\t\t\t\t\t<div class=\"elementor-image\">\n\t\t\t\t\t\t\t\t\t\t<img width=\"1536\" height=\"1024\" src=\"https:\/\/www.dermaclinicspain.com\/wp-content\/uploads\/2021\/11\/AdobeStock_241440610_anti-acne-1536x1024.jpeg\" class=\"attachment-1536x1536 size-1536x1536\" alt=\"\" loading=\"lazy\" srcset=\"https:\/\/www.dermaclinicspain.com\/wp-content\/uploads\/2021\/11\/AdobeStock_241440610_anti-acne-1536x1024.jpeg 1536w, https:\/\/www.dermaclinicspain.com\/wp-content\/uploads\/2021\/11\/AdobeStock_241440610_anti-acne-300x200.jpeg 300w, https:\/\/www.dermaclinicspain.com\/wp-content\/uploads\/2021\/11\/AdobeStock_241440610_anti-acne-1024x682.jpeg 1024w, https:\/\/www.dermaclinicspain.com\/wp-content\/uploads\/2021\/11\/AdobeStock_241440610_anti-acne-768x512.jpeg 768w, https:\/\/www.dermaclinicspain.com\/wp-content\/uploads\/2021\/11\/AdobeStock_241440610_anti-acne-800x533.jpeg 800w, https:\/\/www.dermaclinicspain.com\/wp-content\/uploads\/2021\/11\/AdobeStock_241440610_anti-acne-1920x1280.jpeg 1920w, https:\/\/www.dermaclinicspain.com\/wp-content\/uploads\/2021\/11\/AdobeStock_241440610_anti-acne-600x400.jpeg 600w, https:\/\/www.dermaclinicspain.com\/wp-content\/uploads\/2021\/11\/AdobeStock_241440610_anti-acne.jpeg 2000w\" sizes=\"(max-width: 1536px) 100vw, 1536px\" \/>\t\t\t\t\t\t\t\t\t\t\t<\/div>\n\t\t\t\t<\/div>\n\t\t\t\t<\/div>\n\t\t\t\t<div class=\"elementor-element elementor-element-39b8d97 elementor-widget elementor-widget-text-editor\" data-id=\"39b8d97\" data-element_type=\"widget\" data-widget_type=\"text-editor.default\">\n\t\t\t\t<div class=\"elementor-widget-container\">\n\t\t\t\t\t<div class=\"elementor-text-editor elementor-clearfix\"><p>For a diagnosis, control or treatment <strong>a dermatological visit is recommended once a year.<\/strong>either. If what you want is to have healthy and good-looking skin, at Dermaclinic Spain we offer a long list of professional treatments.<\/p><\/div>\n\t\t\t\t<\/div>\n\t\t\t\t<\/div>\n\t\t\t\t\t\t<\/div>\n\t\t\t\t\t<\/div>\n\t\t<\/div>\n\t\t\t\t\t\t\t\t<\/div>\n\t\t\t\t\t<\/div>\n\t\t<\/section>\n\t\t\t\t<section class=\"elementor-section elementor-top-section elementor-element elementor-element-b1d3712 elementor-section-boxed elementor-section-height-default elementor-section-height-default\" data-id=\"b1d3712\" data-element_type=\"section\">\n\t\t\t\t\t\t<div class=\"elementor-container elementor-column-gap-default\">\n\t\t\t\t\t\t\t<div class=\"elementor-row\">\n\t\t\t\t\t<div class=\"elementor-column elementor-col-100 elementor-top-column elementor-element elementor-element-57e29bb\" data-id=\"57e29bb\" data-element_type=\"column\">\n\t\t\t<div class=\"elementor-column-wrap\">\n\t\t\t\t\t\t\t<div class=\"elementor-widget-wrap\">\n\t\t\t\t\t\t\t\t<\/div>\n\t\t\t\t\t<\/div>\n\t\t<\/div>\n\t\t\t\t\t\t\t\t<\/div>\n\t\t\t\t\t<\/div>\n\t\t<\/section>\n\t\t\t\t<section class=\"elementor-section elementor-top-section elementor-element elementor-element-46907826 elementor-section-stretched elementor-section-content-middle elementor-section-boxed elementor-section-height-default elementor-section-height-default\" data-id=\"46907826\" data-element_type=\"section\" data-settings=\"{&quot;stretch_section&quot;:&quot;section-stretched&quot;}\">\n\t\t\t\t\t\t\t<div class=\"elementor-background-overlay\"><\/div>\n\t\t\t\t\t\t\t<div class=\"elementor-container elementor-column-gap-default\">\n\t\t\t\t\t\t\t<div class=\"elementor-row\">\n\t\t\t\t\t<div class=\"elementor-column elementor-col-100 elementor-top-column elementor-element elementor-element-1203b52c\" data-id=\"1203b52c\" data-element_type=\"column\">\n\t\t\t<div class=\"elementor-column-wrap elementor-element-populated\">\n\t\t\t\t\t\t\t<div class=\"elementor-widget-wrap\">\n\t\t\t\t\t\t<div class=\"elementor-element elementor-element-2bee2edb elementor-widget elementor-widget-heading\" data-id=\"2bee2edb\" data-element_type=\"widget\" data-widget_type=\"heading.default\">\n\t\t\t\t<div class=\"elementor-widget-container\">\n\t\t\t<h1 class=\"elementor-heading-title elementor-size-default\">For a consultation, make an appointment by phone or fill out our form and start taking care of yourself!<\/h1>\t\t<\/div>\n\t\t\t\t<\/div>\n\t\t\t\t<div class=\"elementor-element elementor-element-49035d31 elementor-align-center elementor-mobile-align-left elementor-widget__width-auto elementor-widget elementor-widget-button\" data-id=\"49035d31\" data-element_type=\"widget\" data-widget_type=\"button.default\">\n\t\t\t\t<div class=\"elementor-widget-container\">\n\t\t\t\t\t<div class=\"elementor-button-wrapper\">\n\t\t\t<a href=\"https:\/\/www.dermaclinicspain.com\/contacto\/\" class=\"elementor-button-link elementor-button elementor-size-sm elementor-animation-grow\" role=\"button\">\n\t\t\t\t\t\t<span class=\"elementor-button-content-wrapper\">\n\t\t\t\t\t\t<span class=\"elementor-button-text\">Ask us<\/span>\n\t\t<\/span>\n\t\t\t\t\t<\/a>\n\t\t<\/div>\n\t\t\t\t<\/div>\n\t\t\t\t<\/div>\n\t\t\t\t\t\t<\/div>\n\t\t\t\t\t<\/div>\n\t\t<\/div>\n\t\t\t\t\t\t\t\t<\/div>\n\t\t\t\t\t<\/div>\n\t\t<\/section>\n\t\t\t\t\t\t<\/div>\n\t\t\t\t\t\t<\/div>\n\t\t\t\t\t<\/div>\n\t\t<\/div><\/div><\/div>","protected":false},"excerpt":{"rendered":"<p>Enfermedades de la piel Enfermedades de la piel Las enfermedades de la piel son aquellas que afectan a este \u00f3rgano y producen problemas de car\u00e1cter est\u00e9tico o m\u00e9dico en la persona que las sufre. Algunas de las enfermedades m\u00e1s comunes son: acn\u00e9, psoriasis, dermatitis, urticaria, sarpullido,&#8230; Las enfermedades de la piel a menudo se expresan [&hellip;]<\/p>","protected":false},"author":1,"featured_media":0,"parent":319,"menu_order":0,"comment_status":"closed","ping_status":"closed","template":"","meta":[],"_links":{"self":[{"href":"https:\/\/www.dermaclinicspain.com\/en\/wp-json\/wp\/v2\/pages\/2912"}],"collection":[{"href":"https:\/\/www.dermaclinicspain.com\/en\/wp-json\/wp\/v2\/pages"}],"about":[{"href":"https:\/\/www.dermaclinicspain.com\/en\/wp-json\/wp\/v2\/types\/page"}],"author":[{"embeddable":true,"href":"https:\/\/www.dermaclinicspain.com\/en\/wp-json\/wp\/v2\/users\/1"}],"replies":[{"embeddable":true,"href":"https:\/\/www.dermaclinicspain.com\/en\/wp-json\/wp\/v2\/comments?post=2912"}],"version-history":[{"count":37,"href":"https:\/\/www.dermaclinicspain.com\/en\/wp-json\/wp\/v2\/pages\/2912\/revisions"}],"predecessor-version":[{"id":4383,"href":"https:\/\/www.dermaclinicspain.com\/en\/wp-json\/wp\/v2\/pages\/2912\/revisions\/4383"}],"up":[{"embeddable":true,"href":"https:\/\/www.dermaclinicspain.com\/en\/wp-json\/wp\/v2\/pages\/319"}],"wp:attachment":[{"href":"https:\/\/www.dermaclinicspain.com\/en\/wp-json\/wp\/v2\/media?parent=2912"}],"curies":[{"name":"wp","href":"https:\/\/api.w.org\/{rel}","templated":true}]}}